{"id":12748,"date":"2024-07-08T09:24:57","date_gmt":"2024-07-08T09:24:57","guid":{"rendered":"https:\/\/inbold.com\/intern-pr-truyen-thong\/"},"modified":"2025-02-11T04:28:05","modified_gmt":"2025-02-11T04:28:05","slug":"intern-pr-truyen-thong","status":"publish","type":"page","link":"https:\/\/inbold.com\/vi\/intern-pr-truyen-thong\/","title":{"rendered":"Intern PR &#8211; Truy\u1ec1n th\u00f4ng"},"content":{"rendered":"\t\t<div data-elementor-type=\"wp-page\" data-elementor-id=\"12748\" class=\"elementor elementor-12748 elementor-12607\" data-elementor-post-type=\"page\">\n\t\t\t\t<div class=\"elementor-element elementor-element-70ecac4 e-con-full e-flex e-con e-child\" data-id=\"70ecac4\" data-element_type=\"container\" data-e-type=\"container\" data-settings=\"{&quot;background_background&quot;:&quot;classic&quot;}\">\n\t\t\t\t<div class=\"elementor-element elementor-element-2e23725 elementor-widget elementor-widget-heading\" data-id=\"2e23725\" data-element_type=\"widget\" data-e-type=\"widget\" data-widget_type=\"heading.default\">\n\t\t\t\t<div class=\"elementor-widget-container\">\n\t\t\t\t\t<h1 class=\"elementor-heading-title elementor-size-default\">S\u1eb5n s\u00e0ng \u0111\u1ec3 <span class=\"color-4e82fa\">\u0111\u1ed3ng h\u00e0nh c\u00f9ng InBold<\/span> <br><span>v\u1edbi vai tr\u00f2 l\u00e0 th\u1ef1c t\u1eadp sinh?<\/span><\/h1>\t\t\t\t<\/div>\n\t\t\t\t<\/div>\n\t\t\t\t<div class=\"elementor-element elementor-element-17fe87e inline-bottom elementor-widget elementor-widget-heading\" data-id=\"17fe87e\" data-element_type=\"widget\" data-e-type=\"widget\" data-widget_type=\"heading.default\">\n\t\t\t\t<div class=\"elementor-widget-container\">\n\t\t\t\t\t<h2 class=\"elementor-heading-title elementor-size-default\">Intern truy\u1ec1n th\u00f4ng t\u1ea1i InBold\n<\/h2>\t\t\t\t<\/div>\n\t\t\t\t<\/div>\n\t\t\t\t<div class=\"elementor-element elementor-element-ec9fb34 elementor-widget__width-initial elementor-widget elementor-widget-text-editor\" data-id=\"ec9fb34\" data-element_type=\"widget\" data-e-type=\"widget\" data-widget_type=\"text-editor.default\">\n\t\t\t\t<div class=\"elementor-widget-container\">\n\t\t\t\t\t\t\t\t\t<p>Ch\u00fang t\u00f4i l\u00e0 m\u1ed9t agency truy\u1ec1n th\u00f4ng <strong>chi\u1ebfn l\u01b0\u1ee3c v\u00e0 s\u00e1ng t\u1ea1o d\u00e0y d\u1eb7n kinh nghi\u1ec7m.<\/strong> Th\u00f4ng qua nghi\u00ean c\u1ee9u chi ti\u1ebft, c\u00f9ng th\u00f4ng \u0111i\u1ec7p r\u00f5 r\u00e0ng, ch\u00fang t\u00f4i vi\u1ebft n\u00ean nh\u1eefng c\u00e2u chuy\u1ec7n \u00fd ngh\u0129a, g\u00f3p ph\u1ea7n n\u00e2ng cao nh\u1eadn th\u1ee9c th\u01b0\u01a1ng hi\u1ec7u v\u00e0 doanh thu b\u00e1n h\u00e0ng. InBold chinh ph\u1ee5c m\u1ecdi th\u1eed th\u00e1ch, t\u1eeb s\u00e1ng t\u1ea1o n\u1ed9i dung, qu\u1ea3ng c\u00e1o, cho \u0111\u1ebfn thi\u1ebft k\u1ebf, s\u1ea3n xu\u1ea5t, x\u00e2y d\u1ef1ng th\u01b0\u01a1ng hi\u1ec7u v\u00e0 PR. Ch\u00fang t\u00f4i t\u00ecm ki\u1ebfm nh\u1eefng sinh vi\u00ean ti\u1ec1m n\u0103ng, s\u1eb5n s\u00e0ng \u0111\u1ec3 t\u00edch lu\u1ef9 nh\u1eefng ki\u1ebfn th\u1ee9c v\u00e0 khinh nghi\u1ec7m qu\u00fd b\u00e1u trong l\u0129nh v\u1ef1c s\u00e1ng t\u1ea1o. <\/p>\n\t\t\t\t\t\t\t\t<\/div>\n\t\t\t\t<\/div>\n\t\t\t\t<\/div>\n\t\t\t\t<section class=\"elementor-section elementor-top-section elementor-element elementor-element-215d46a elementor-section-full_width elementor-section-content-middle elementor-section-height-default elementor-section-height-default\" data-id=\"215d46a\" data-element_type=\"section\" data-e-type=\"section\" data-settings=\"{&quot;background_background&quot;:&quot;classic&quot;,&quot;mdp_selection_sticky_effect_enable&quot;:false}\">\n\t\t\t\t\t\t<div class=\"elementor-container elementor-column-gap-no\">\n\t\t\t\t\t<div class=\"elementor-column elementor-col-100 elementor-top-column elementor-element elementor-element-46687af\" data-id=\"46687af\" data-element_type=\"column\" data-e-type=\"column\" data-settings=\"{&quot;mdp_selection_sticky_column_effect_enable&quot;:false}\">\n\t\t\t<div class=\"elementor-widget-wrap elementor-element-populated\">\n\t\t\t\t\t\t<div class=\"elementor-element elementor-element-f18cfe0 elementor-widget elementor-widget-image\" data-id=\"f18cfe0\" data-element_type=\"widget\" data-e-type=\"widget\" data-widget_type=\"image.default\">\n\t\t\t\t<div class=\"elementor-widget-container\">\n\t\t\t\t\t\t\t\t\t\t\t\t\t\t\t<img fetchpriority=\"high\" decoding=\"async\" width=\"1920\" height=\"1080\" src=\"https:\/\/inbold.com\/wp-content\/uploads\/2024\/06\/Pandora-The-Pandora-Tour1.jpg\" class=\"attachment-full size-full wp-image-10995\" alt=\"\" srcset=\"https:\/\/inbold.com\/wp-content\/uploads\/2024\/06\/Pandora-The-Pandora-Tour1.jpg 1920w, https:\/\/inbold.com\/wp-content\/uploads\/2024\/06\/Pandora-The-Pandora-Tour1-300x169.jpg 300w, https:\/\/inbold.com\/wp-content\/uploads\/2024\/06\/Pandora-The-Pandora-Tour1-1024x576.jpg 1024w, https:\/\/inbold.com\/wp-content\/uploads\/2024\/06\/Pandora-The-Pandora-Tour1-768x432.jpg 768w, https:\/\/inbold.com\/wp-content\/uploads\/2024\/06\/Pandora-The-Pandora-Tour1-1536x864.jpg 1536w\" sizes=\"(max-width: 1920px) 100vw, 1920px\" \/>\t\t\t\t\t\t\t\t\t\t\t\t\t\t\t<\/div>\n\t\t\t\t<\/div>\n\t\t\t\t<div class=\"elementor-element elementor-element-1af1bd2 elementor-absolute img-absolute center elementor-widget elementor-widget-image\" data-id=\"1af1bd2\" data-element_type=\"widget\" data-e-type=\"widget\" data-settings=\"{&quot;_position&quot;:&quot;absolute&quot;}\" data-widget_type=\"image.default\">\n\t\t\t\t<div class=\"elementor-widget-container\">\n\t\t\t\t\t\t\t\t\t\t\t\t\t\t\t<img decoding=\"async\" width=\"1920\" height=\"1080\" src=\"https:\/\/inbold.com\/wp-content\/uploads\/2024\/06\/Den-Gamle-Fabrik-Baervognen1.jpg\" class=\"attachment-full size-full wp-image-10959\" alt=\"\" srcset=\"https:\/\/inbold.com\/wp-content\/uploads\/2024\/06\/Den-Gamle-Fabrik-Baervognen1.jpg 1920w, https:\/\/inbold.com\/wp-content\/uploads\/2024\/06\/Den-Gamle-Fabrik-Baervognen1-300x169.jpg 300w, https:\/\/inbold.com\/wp-content\/uploads\/2024\/06\/Den-Gamle-Fabrik-Baervognen1-1024x576.jpg 1024w, https:\/\/inbold.com\/wp-content\/uploads\/2024\/06\/Den-Gamle-Fabrik-Baervognen1-768x432.jpg 768w, https:\/\/inbold.com\/wp-content\/uploads\/2024\/06\/Den-Gamle-Fabrik-Baervognen1-1536x864.jpg 1536w\" sizes=\"(max-width: 1920px) 100vw, 1920px\" \/>\t\t\t\t\t\t\t\t\t\t\t\t\t\t\t<\/div>\n\t\t\t\t<\/div>\n\t\t\t\t\t<\/div>\n\t\t<\/div>\n\t\t\t\t\t<\/div>\n\t\t<\/section>\n\t\t<div class=\"elementor-element elementor-element-0591d36 e-con-full e-flex e-con e-child\" data-id=\"0591d36\" data-element_type=\"container\" data-e-type=\"container\" data-settings=\"{&quot;background_background&quot;:&quot;classic&quot;}\">\n\t\t\t\t<div class=\"elementor-element elementor-element-a8c5711 inline-bottom elementor-widget elementor-widget-heading\" data-id=\"a8c5711\" data-element_type=\"widget\" data-e-type=\"widget\" data-widget_type=\"heading.default\">\n\t\t\t\t<div class=\"elementor-widget-container\">\n\t\t\t\t\t<h2 class=\"elementor-heading-title elementor-size-default\">Trau d\u1ed3i kinh nghi\u1ec7m trong l\u0129nh v\u1ef1c truy\u1ec1n th\u00f4ng, PR, s\u1ef1 ki\u1ec7n v\u00e0 qu\u1ea3n l\u00fd d\u1ef1 \u00e1n t\u1ea1i InBold.<\/h2>\t\t\t\t<\/div>\n\t\t\t\t<\/div>\n\t\t\t\t<div class=\"elementor-element elementor-element-4528999 elementor-widget__width-initial elementor-widget elementor-widget-text-editor\" data-id=\"4528999\" data-element_type=\"widget\" data-e-type=\"widget\" data-widget_type=\"text-editor.default\">\n\t\t\t\t<div class=\"elementor-widget-container\">\n\t\t\t\t\t\t\t\t\t<p>B\u1ea1n c\u00f3 mu\u1ed1n \u1ee9ng d\u1ee5ng ki\u1ebfn th\u1ee9c \u0111\u01b0\u1ee3c h\u1ecdc v\u00e0o th\u1ef1c ti\u1ec5n? B\u1ea1n c\u00f3 mu\u1ed1n tham gia m\u1ed9t k\u1ef3 th\u1ef1c t\u1eadp \u0111\u1ea7y \u00fd ngh\u0129a? B\u1ea1n \u0111\u00e3 s\u1eb5n s\u00e0ng l\u00e0m vi\u1ec7c trong m\u00f4i tr\u01b0\u1eddng \u0111\u1ea7y n\u0103ng \u0111\u1ed9ng, v\u1edbi \u0111a d\u1ea1ng c\u00e1c th\u01b0\u01a1ng hi\u1ec7u n\u1ed5i ti\u1ebfng?<\/p>\n<p>Th\u1ef1c t\u1eadp t\u1ea1i InBold, b\u1ea1n s\u1ebd trau d\u1ed3i \u0111\u01b0\u1ee3c nh\u1eefng kinh nghi\u1ec7m th\u1ef1c t\u1ebf v\u1ec1 c\u00e1ch l\u00ean chi\u1ebfn l\u01b0\u1ee3c, th\u1ef1c hi\u1ec7n v\u00e0 \u0111\u00e1nh gi\u00e1 c\u00e1c chi\u1ebfn d\u1ecbch truy\u1ec1n th\u00f4ng, PR.<\/p>\n<p>InBold \u0111ang t\u00ecm ki\u1ebfm m\u1ed9t th\u1ef1c t\u1eadp sinh c\u00f3 kh\u1ea3 n\u0103ng l\u00e0m vi\u1ec7c \u0111\u1ed9c l\u1eadp v\u00e0 ch\u1ee7 \u0111\u1ed9ng, s\u1eb5n s\u00e0ng \u0111\u1ea3m nh\u1eadn tr\u00e1ch nhi\u1ec7m. Ch\u00fang t\u00f4i lu\u00f4n c\u00f3 nh\u1ecbp \u0111\u1ed9 l\u00e0m vi\u1ec7c nhanh ch\u00f3ng v\u1edbi nhi\u1ec1u d\u1ef1 \u00e1n th\u00fa v\u1ecb, v\u00ec v\u1eady, InBold \u0111\u00e1nh gi\u00e1 cao s\u1ef1 t\u1eadn t\u00e2m v\u00e0 tr\u00e1ch nhi\u1ec7m. B\u1ea1n c\u1ea7n c\u00f3 s\u1ef1 quan t\u00e2m nh\u1ea5t \u0111\u1ecbnh v\u1ec1 FMCG v\u00e0 truy\u1ec1n th\u00f4ng B2C, \u0111\u1ed3ng th\u1eddi c\u00f3 h\u1ee9ng th\u00fa v\u1edbi PR, social media v\u00e0 s\u1ef1 ki\u1ec7n. B\u1ea1n c\u0169ng c\u1ea7n c\u00f3 kh\u1ea3 n\u0103ng vi\u1ebft l\u00e1ch, v\u00ec c\u00f4ng vi\u1ec7c r\u1ea5t c\u1ea7n k\u1ef9 n\u0103ng n\u00e0y.<\/p>\n\t\t\t\t\t\t\t\t<\/div>\n\t\t\t\t<\/div>\n\t\t\t\t<\/div>\n\t\t<div class=\"elementor-element elementor-element-8043acb e-con-full e-flex e-con e-child\" data-id=\"8043acb\" data-element_type=\"container\" data-e-type=\"container\" data-settings=\"{&quot;background_background&quot;:&quot;classic&quot;}\">\n\t\t\t\t<div class=\"elementor-element elementor-element-a7c4eab inline-bottom elementor-widget elementor-widget-heading\" data-id=\"a7c4eab\" data-element_type=\"widget\" data-e-type=\"widget\" data-widget_type=\"heading.default\">\n\t\t\t\t<div class=\"elementor-widget-container\">\n\t\t\t\t\t<h2 class=\"elementor-heading-title elementor-size-default\">C\u00d4NG VI\u1ec6C C\u1ee6A B\u1ea0N:<\/h2>\t\t\t\t<\/div>\n\t\t\t\t<\/div>\n\t\t\t\t<div class=\"elementor-element elementor-element-dc3b43f elementor-widget__width-initial elementor-widget elementor-widget-text-editor\" data-id=\"dc3b43f\" data-element_type=\"widget\" data-e-type=\"widget\" data-widget_type=\"text-editor.default\">\n\t\t\t\t<div class=\"elementor-widget-container\">\n\t\t\t\t\t\t\t\t\t<p>70% th\u1eddi gian, b\u1ea1n s\u1ebd l\u00e0m vi\u1ec7c cho c\u00e1c kh\u00e1ch h\u00e0ng c\u1ee5 th\u1ec3, c\u00f9ng m\u1ed9t team nh\u1ea5t \u0111\u1ecbnh. B\u1ea1n s\u1ebd \u0111\u01b0\u1ee3c tham gia v\u00e0o to\u00e0n b\u1ed9 qu\u00e1 tr\u00ecnh l\u00e0m vi\u1ec7c, t\u1eeb kh\u00e2u l\u00ean \u00fd t\u01b0\u1edfng, cho \u0111\u1ebfn tri\u1ec3n khai v\u00e0 c\u00e1c ho\u1ea1t \u0111\u1ed9ng c\u1ee5 th\u1ec3.<\/p>\n<p>C\u00f4ng vi\u1ec7c ch\u00ednh c\u1ee7a b\u1ea1n g\u1ed3m:<\/p>\n<p>Ph\u00e2n t\u00edch h\u00e0nh vi kh\u00e1ch h\u00e0ng.<br \/>Cung c\u1ea5p n\u1ed9i dung cho b\u00e1o ch\u00ed v\u00e0 blogger.<br \/>Tham gia x\u00e2y d\u1ef1ng chi\u1ebfn l\u01b0\u1ee3c v\u00e0 tri\u1ec3n khai c\u00e1c ho\u1ea1t \u0111\u1ed9ng truy\u1ec1n th\u00f4ng.<br \/>Qu\u1ea3n l\u00fd n\u1ed9i dung tr\u00ean Facebook.<br \/>T\u1ed5 ch\u1ee9c s\u1ef1 ki\u1ec7n v\u00e0 c\u00e1c c\u00f4ng vi\u1ec7c li\u00ean quan.<br \/>X\u00e2y d\u1ef1ng v\u00e0 duy tr\u00ec m\u1ed1i quan h\u1ec7 v\u1edbi c\u00e1c \u0111\u01a1n v\u1ecb truy\u1ec1n th\u00f4ng.<br \/>Th\u1ef1c hi\u1ec7n b\u00e1o c\u00e1o truy\u1ec1n th\u00f4ng \u0111\u1ecbnh k\u1ef3, bao g\u1ed3m b\u00e1o c\u00e1o v\u1ec1 hi\u1ec7u qu\u1ea3 tr\u00ean Facebook.<br \/>Th\u1ef1c hi\u1ec7n c\u00e1c c\u00f4ng vi\u1ec7c h\u00e0nh ch\u00ednh v\u0103n ph\u00f2ng nh\u01b0 x\u1eed l\u00fd v\u0103n ph\u00f2ng ph\u1ea9m, chu\u1ea9n b\u1ecb cho s\u1ef1 ki\u1ec7n, v.v.<\/p>\n\t\t\t\t\t\t\t\t<\/div>\n\t\t\t\t<\/div>\n\t\t\t\t<\/div>\n\t\t<div class=\"elementor-element elementor-element-38d878c e-con-full e-flex e-con e-child\" data-id=\"38d878c\" data-element_type=\"container\" data-e-type=\"container\" data-settings=\"{&quot;background_background&quot;:&quot;classic&quot;}\">\n\t\t\t\t<div class=\"elementor-element elementor-element-20c6c53 inline-bottom elementor-widget elementor-widget-heading\" data-id=\"20c6c53\" data-element_type=\"widget\" data-e-type=\"widget\" data-widget_type=\"heading.default\">\n\t\t\t\t<div class=\"elementor-widget-container\">\n\t\t\t\t\t<h2 class=\"elementor-heading-title elementor-size-default\">Y\u00caU C\u1ea6U:<\/h2>\t\t\t\t<\/div>\n\t\t\t\t<\/div>\n\t\t\t\t<div class=\"elementor-element elementor-element-2f74a26 elementor-widget__width-initial elementor-widget elementor-widget-text-editor\" data-id=\"2f74a26\" data-element_type=\"widget\" data-e-type=\"widget\" data-widget_type=\"text-editor.default\">\n\t\t\t\t<div class=\"elementor-widget-container\">\n\t\t\t\t\t\t\t\t\t<p>\u1ee8ng vi\u00ean c\u1ea7n c\u00f3 b\u1eb1ng c\u1ea5p v\u1ec1 kinh t\u1ebf th\u01b0\u01a1ng m\u1ea1i, ng\u00f4n ng\u1eef, truy\u1ec1n th\u00f4ng ho\u1eb7c c\u00e1c chuy\u00ean ng\u00e0nh t\u01b0\u01a1ng \u0111\u01b0\u01a1ng.<br \/>Ch\u00fang t\u00f4i khuy\u1ebfn kh\u00edch interns l\u00e0m vi\u1ec7c fulltime trong qu\u00e1 tr\u00ecnh th\u1ef1c t\u1eadp nh\u1eb1m \u0111\u1ea3m b\u1ea3o hi\u1ec7u qu\u1ea3 cho c\u00f4ng vi\u1ec7c.<br \/>B\u1ea1n c\u1ea7n th\u00e0nh th\u1ea1o k\u1ef9 n\u0103ng vi\u1ebft l\u00e1ch v\u00e0 di\u1ec5n \u0111\u1ea1t tr\u00f4i ch\u1ea3y.<br \/>B\u1ea1n mong mu\u1ed1n t\u00edch l\u0169y kinh nghi\u1ec7m th\u1ef1c t\u1ebf trong l\u0129nh v\u1ef1c truy\u1ec1n th\u00f4ng.<\/p>\n\t\t\t\t\t\t\t\t<\/div>\n\t\t\t\t<\/div>\n\t\t\t\t<\/div>\n\t\t<div class=\"elementor-element elementor-element-5c95000 e-con-full e-flex e-con e-child\" data-id=\"5c95000\" data-element_type=\"container\" data-e-type=\"container\" data-settings=\"{&quot;background_background&quot;:&quot;classic&quot;}\">\n\t\t\t\t<div class=\"elementor-element elementor-element-d70ab16 inline-bottom elementor-widget elementor-widget-heading\" data-id=\"d70ab16\" data-element_type=\"widget\" data-e-type=\"widget\" data-widget_type=\"heading.default\">\n\t\t\t\t<div class=\"elementor-widget-container\">\n\t\t\t\t\t<h2 class=\"elementor-heading-title elementor-size-default\">QUY\u1ec0N L\u1ee2I:<\/h2>\t\t\t\t<\/div>\n\t\t\t\t<\/div>\n\t\t\t\t<div class=\"elementor-element elementor-element-fa871ae elementor-widget__width-initial elementor-widget elementor-widget-text-editor\" data-id=\"fa871ae\" data-element_type=\"widget\" data-e-type=\"widget\" data-widget_type=\"text-editor.default\">\n\t\t\t\t<div class=\"elementor-widget-container\">\n\t\t\t\t\t\t\t\t\t<p>M\u00f4i tr\u01b0\u1eddng l\u00e0m vi\u1ec7c ch\u00e2n th\u00e0nh v\u00e0 g\u1ea7n g\u0169i d\u00e0nh cho nh\u1eefng tr\u00e1i tim y\u00eau th\u00edch truy\u1ec1n th\u00f4ng.<br \/>Ch\u01b0\u01a1ng tr\u00ecnh th\u1ef1c t\u1eadp c\u00f3 c\u1ea5u tr\u00fac v\u1edbi c\u01a1 h\u1ed9i \u0111\u01b0\u1ee3c c\u1ed1 v\u1ea5n to\u00e0n di\u1ec7n.<br \/>Kinh nghi\u1ec7m th\u1ef1c t\u1ebf qu\u00fd b\u00e1u v\u1ec1 c\u00e1c k\u1ef9 n\u0103ng c\u01a1 b\u1ea3n trong truy\u1ec1n th\u00f4ng v\u00e0 quan h\u1ec7 c\u00f4ng ch\u00fang.<br \/>R\u00e8n luy\u1ec7n tinh th\u1ea7n tr\u00e1ch nhi\u1ec7m v\u00e0 t\u00ednh t\u1ef1 ch\u1ee7.<br \/>InBold \u0111\u00e1nh gi\u00e1 cao th\u1ef1c t\u1eadp sinh v\u00e0 \u0111\u00e3 tuy\u1ec3n d\u1ee5ng nhi\u1ec1u c\u1ef1u th\u1ef1c t\u1eadp sinh sau khi t\u1ed1t nghi\u1ec7p<\/p>\n\t\t\t\t\t\t\t\t<\/div>\n\t\t\t\t<\/div>\n\t\t\t\t<\/div>\n\t\t<div class=\"elementor-element elementor-element-f8b9465 e-con-full e-flex e-con e-child\" data-id=\"f8b9465\" data-element_type=\"container\" data-e-type=\"container\" data-settings=\"{&quot;background_background&quot;:&quot;classic&quot;}\">\n\t\t\t\t<div class=\"elementor-element elementor-element-3c84c91 inline-bottom elementor-widget elementor-widget-heading\" data-id=\"3c84c91\" data-element_type=\"widget\" data-e-type=\"widget\" data-widget_type=\"heading.default\">\n\t\t\t\t<div class=\"elementor-widget-container\">\n\t\t\t\t\t<h2 class=\"elementor-heading-title elementor-size-default\">\u1ee8NG TUY\u1ec2N NGAY<\/h2>\t\t\t\t<\/div>\n\t\t\t\t<\/div>\n\t\t<div class=\"elementor-element elementor-element-b22c5ed section-btn e-flex e-con-boxed e-con e-child\" data-id=\"b22c5ed\" data-element_type=\"container\" data-e-type=\"container\">\n\t\t\t\t\t<div class=\"e-con-inner\">\n\t\t<div class=\"elementor-element elementor-element-c5d5412 e-con-full e-flex e-con e-child\" data-id=\"c5d5412\" data-element_type=\"container\" data-e-type=\"container\">\n\t\t\t\t<div class=\"elementor-element elementor-element-2df70cb elementor-align-center elementor-widget__width-initial elementor-widget elementor-widget-button\" data-id=\"2df70cb\" data-element_type=\"widget\" data-e-type=\"widget\" data-widget_type=\"button.default\">\n\t\t\t\t<div class=\"elementor-widget-container\">\n\t\t\t\t\t\t\t\t\t<div class=\"elementor-button-wrapper\">\n\t\t\t\t\t<a class=\"elementor-button elementor-button-link elementor-size-sm\" href=\"#elementor-action%3Aaction%3Dpopup%3Aopen%26settings%3DeyJpZCI6MTI3MzMsInRvZ2dsZSI6ZmFsc2V9\">\n\t\t\t\t\t\t<span class=\"elementor-button-content-wrapper\">\n\t\t\t\t\t\t\t\t\t<span class=\"elementor-button-text\">\u1ee8NG TUY\u1ec2N T\u1ea0I COPENHAGEN<\/span>\n\t\t\t\t\t<\/span>\n\t\t\t\t\t<\/a>\n\t\t\t\t<\/div>\n\t\t\t\t\t\t\t\t<\/div>\n\t\t\t\t<\/div>\n\t\t\t\t<\/div>\n\t\t<div class=\"elementor-element elementor-element-d7db507 e-con-full e-flex e-con e-child\" data-id=\"d7db507\" data-element_type=\"container\" data-e-type=\"container\">\n\t\t\t\t<div class=\"elementor-element elementor-element-b5f3709 elementor-align-center elementor-widget__width-initial elementor-widget elementor-widget-button\" data-id=\"b5f3709\" data-element_type=\"widget\" data-e-type=\"widget\" data-widget_type=\"button.default\">\n\t\t\t\t<div class=\"elementor-widget-container\">\n\t\t\t\t\t\t\t\t\t<div class=\"elementor-button-wrapper\">\n\t\t\t\t\t<a class=\"elementor-button elementor-button-link elementor-size-sm\" href=\"https:\/\/inbold.talent.vn\/home\" target=\"_blank\" rel=\"noopener\">\n\t\t\t\t\t\t<span class=\"elementor-button-content-wrapper\">\n\t\t\t\t\t\t\t\t\t<span class=\"elementor-button-text\">\u1ee8NG TUY\u1ec2N T\u1ea0I TH\u00c0NH PH\u1ed0 H\u1ed2 CH\u00cd MINH<\/span>\n\t\t\t\t\t<\/span>\n\t\t\t\t\t<\/a>\n\t\t\t\t<\/div>\n\t\t\t\t\t\t\t\t<\/div>\n\t\t\t\t<\/div>\n\t\t\t\t<\/div>\n\t\t<div class=\"elementor-element elementor-element-e300f10 e-con-full e-flex e-con e-child\" data-id=\"e300f10\" data-element_type=\"container\" data-e-type=\"container\">\n\t\t\t\t<div class=\"elementor-element elementor-element-6182726 elementor-align-center elementor-widget__width-initial elementor-widget elementor-widget-button\" data-id=\"6182726\" data-element_type=\"widget\" data-e-type=\"widget\" data-widget_type=\"button.default\">\n\t\t\t\t<div class=\"elementor-widget-container\">\n\t\t\t\t\t\t\t\t\t<div class=\"elementor-button-wrapper\">\n\t\t\t\t\t<a class=\"elementor-button elementor-button-link elementor-size-sm\" href=\"#elementor-action%3Aaction%3Dpopup%3Aopen%26settings%3DeyJpZCI6MTI3MzYsInRvZ2dsZSI6ZmFsc2V9\">\n\t\t\t\t\t\t<span class=\"elementor-button-content-wrapper\">\n\t\t\t\t\t\t\t\t\t<span class=\"elementor-button-text\">\u1ee8NG TUY\u1ec2N T\u1ea0I STOCKHOLM<\/span>\n\t\t\t\t\t<\/span>\n\t\t\t\t\t<\/a>\n\t\t\t\t<\/div>\n\t\t\t\t\t\t\t\t<\/div>\n\t\t\t\t<\/div>\n\t\t\t\t<\/div>\n\t\t\t\t\t<\/div>\n\t\t\t\t<\/div>\n\t\t\t\t<\/div>\n\t\t\t\t<section class=\"elementor-section elementor-top-section elementor-element elementor-element-2a3f88a elementor-section-full_width elementor-section-content-middle video-booster elementor-section-height-default elementor-section-height-default\" data-id=\"2a3f88a\" data-element_type=\"section\" data-e-type=\"section\" data-settings=\"{&quot;background_background&quot;:&quot;classic&quot;,&quot;mdp_selection_sticky_effect_enable&quot;:false}\">\n\t\t\t\t\t\t<div class=\"elementor-container elementor-column-gap-no\">\n\t\t\t\t\t<div class=\"elementor-column elementor-col-100 elementor-top-column elementor-element elementor-element-bb57222\" data-id=\"bb57222\" data-element_type=\"column\" data-e-type=\"column\" data-settings=\"{&quot;mdp_selection_sticky_column_effect_enable&quot;:false}\">\n\t\t\t<div class=\"elementor-widget-wrap elementor-element-populated\">\n\t\t\t\t\t\t<div class=\"elementor-element elementor-element-0e36e78 elementor-widget__width-inherit elementor-widget elementor-widget-video\" data-id=\"0e36e78\" data-element_type=\"widget\" data-e-type=\"widget\" data-settings=\"{&quot;video_type&quot;:&quot;hosted&quot;,&quot;autoplay&quot;:&quot;yes&quot;,&quot;mute&quot;:&quot;yes&quot;,&quot;loop&quot;:&quot;yes&quot;,&quot;play_on_mobile&quot;:&quot;yes&quot;}\" data-widget_type=\"video.default\">\n\t\t\t\t<div class=\"elementor-widget-container\">\n\t\t\t\t\t\t\t<div class=\"e-hosted-video elementor-wrapper elementor-open-inline\">\n\t\t\t\t\t<video class=\"elementor-video\" src=\"https:\/\/inbold.com\/wp-content\/uploads\/2024\/04\/compfilm_logov2.mp4\" autoplay=\"\" loop=\"\" muted=\"muted\" playsinline=\"\" controlsList=\"nodownload\"><\/video>\n\t\t\t\t<\/div>\n\t\t\t\t\t\t<\/div>\n\t\t\t\t<\/div>\n\t\t\t\t\t<\/div>\n\t\t<\/div>\n\t\t\t\t\t<\/div>\n\t\t<\/section>\n\t\t\t\t<section class=\"elementor-section elementor-top-section elementor-element elementor-element-1b32bae section-form elementor-section-boxed elementor-section-height-default elementor-section-height-default\" data-id=\"1b32bae\" data-element_type=\"section\" data-e-type=\"section\" data-settings=\"{&quot;background_background&quot;:&quot;classic&quot;,&quot;mdp_selection_sticky_effect_enable&quot;:false}\">\n\t\t\t\t\t\t<div class=\"elementor-container elementor-column-gap-default\">\n\t\t\t\t\t<div class=\"elementor-column elementor-col-100 elementor-top-column elementor-element elementor-element-1096c81\" data-id=\"1096c81\" data-element_type=\"column\" data-e-type=\"column\" data-settings=\"{&quot;mdp_selection_sticky_column_effect_enable&quot;:false}\">\n\t\t\t<div class=\"elementor-widget-wrap elementor-element-populated\">\n\t\t\t\t\t\t<div class=\"elementor-element elementor-element-4ac4368 animated-slow elementor-invisible elementor-widget elementor-widget-heading\" data-id=\"4ac4368\" data-element_type=\"widget\" data-e-type=\"widget\" data-settings=\"{&quot;_animation&quot;:&quot;fadeIn&quot;,&quot;_animation_delay&quot;:200}\" data-widget_type=\"heading.default\">\n\t\t\t\t<div class=\"elementor-widget-container\">\n\t\t\t\t\t<h4 class=\"elementor-heading-title elementor-size-default\">K\u1ebft n\u1ed1i c\u00f9ng ch\u00fang t\u00f4i<\/h4>\t\t\t\t<\/div>\n\t\t\t\t<\/div>\n\t\t\t\t<div class=\"elementor-element elementor-element-acb17fe elementor-button-align-center elementor-mobile-button-align-stretch elementor-widget elementor-widget-form\" data-id=\"acb17fe\" data-element_type=\"widget\" data-e-type=\"widget\" data-settings=\"{&quot;step_next_label&quot;:&quot;Ti\\u1ebfp theo&quot;,&quot;step_previous_label&quot;:&quot;Tr\\u01b0\\u1edbc&quot;,&quot;step_type&quot;:&quot;number_text&quot;,&quot;step_icon_shape&quot;:&quot;circle&quot;}\" data-widget_type=\"form.default\">\n\t\t\t\t<div class=\"elementor-widget-container\">\n\t\t\t\t\t\t\t<form class=\"elementor-form\" method=\"post\" name=\"New Form\" aria-label=\"New Form\">\n\t\t\t<input type=\"hidden\" name=\"post_id\" value=\"12748\"\/>\n\t\t\t<input type=\"hidden\" name=\"form_id\" value=\"acb17fe\"\/>\n\t\t\t<input type=\"hidden\" name=\"referer_title\" value=\"Intern PR - Truy\u1ec1n th\u00f4ng - InBold\" \/>\n\n\t\t\t\t\t\t\t<input type=\"hidden\" name=\"queried_id\" value=\"12748\"\/>\n\t\t\t\n\t\t\t<div class=\"elementor-form-fields-wrapper elementor-labels-above\">\n\t\t\t\t\t\t\t\t<div class=\"elementor-field-type-text elementor-field-group elementor-column elementor-field-group-name elementor-col-50 elementor-md-100 elementor-field-required\">\n\t\t\t\t\t\t\t\t\t\t\t\t<label for=\"form-field-name\" class=\"elementor-field-label\">\n\t\t\t\t\t\t\t\tT\u00ean\t\t\t\t\t\t\t<\/label>\n\t\t\t\t\t\t\t\t\t\t\t\t\t\t<input size=\"1\" type=\"text\" name=\"form_fields[name]\" id=\"form-field-name\" class=\"elementor-field elementor-size-md  elementor-field-textual\" placeholder=\"T\u00caN\" required=\"required\">\n\t\t\t\t\t\t\t\t\t\t\t<\/div>\n\t\t\t\t\t\t\t\t<div class=\"elementor-field-type-email elementor-field-group elementor-column elementor-field-group-email elementor-col-50 elementor-md-100 elementor-field-required\">\n\t\t\t\t\t\t\t\t\t\t\t\t<label for=\"form-field-email\" class=\"elementor-field-label\">\n\t\t\t\t\t\t\t\tE-mail c\u1ee7a b\u1ea1n\t\t\t\t\t\t\t<\/label>\n\t\t\t\t\t\t\t\t\t\t\t\t\t\t<input size=\"1\" type=\"email\" name=\"form_fields[email]\" id=\"form-field-email\" class=\"elementor-field elementor-size-md  elementor-field-textual\" placeholder=\"E-MAIL\" required=\"required\">\n\t\t\t\t\t\t\t\t\t\t\t<\/div>\n\t\t\t\t\t\t\t\t<div class=\"elementor-field-type-textarea elementor-field-group elementor-column elementor-field-group-message elementor-col-100\">\n\t\t\t\t\t\t\t\t\t\t\t\t<label for=\"form-field-message\" class=\"elementor-field-label\">\n\t\t\t\t\t\t\t\tTin nh\u1eafn\t\t\t\t\t\t\t<\/label>\n\t\t\t\t\t\t<textarea class=\"elementor-field-textual elementor-field  elementor-size-md\" name=\"form_fields[message]\" id=\"form-field-message\" rows=\"6\" placeholder=\"G\u1eecI L\u1edcI NH\u1eaeN CHO CH\u00daNG T\u00d4I\"><\/textarea>\t\t\t\t<\/div>\n\t\t\t\t\t\t\t\t<div class=\"elementor-field-group elementor-column elementor-field-type-submit elementor-col-100 e-form__buttons\">\n\t\t\t\t\t<button class=\"elementor-button elementor-size-md\" type=\"submit\">\n\t\t\t\t\t\t<span class=\"elementor-button-content-wrapper\">\n\t\t\t\t\t\t\t\t\t\t\t\t\t\t\t\t\t\t\t\t\t\t<span class=\"elementor-button-text\">G\u1eedi<\/span>\n\t\t\t\t\t\t\t\t\t\t\t\t\t<\/span>\n\t\t\t\t\t<\/button>\n\t\t\t\t<\/div>\n\t\t\t<\/div>\n\t\t<\/form>\n\t\t\t\t\t\t<\/div>\n\t\t\t\t<\/div>\n\t\t\t\t\t<\/div>\n\t\t<\/div>\n\t\t\t\t\t<\/div>\n\t\t<\/section>\n\t\t\t\t<\/div>\n\t\t","protected":false},"excerpt":{"rendered":"<p>S\u1eb5n s\u00e0ng \u0111\u1ec3 \u0111\u1ed3ng h\u00e0nh c\u00f9ng InBold v\u1edbi vai tr\u00f2 l\u00e0 th\u1ef1c t\u1eadp sinh? Intern truy\u1ec1n th\u00f4ng t\u1ea1i InBold Ch\u00fang t\u00f4i l\u00e0 m\u1ed9t agency truy\u1ec1n th\u00f4ng chi\u1ebfn l\u01b0\u1ee3c v\u00e0 s\u00e1ng t\u1ea1o d\u00e0y d\u1eb7n kinh nghi\u1ec7m. Th\u00f4ng qua nghi\u00ean c\u1ee9u chi ti\u1ebft, c\u00f9ng th\u00f4ng \u0111i\u1ec7p r\u00f5 r\u00e0ng, ch\u00fang t\u00f4i vi\u1ebft n\u00ean nh\u1eefng c\u00e2u chuy\u1ec7n \u00fd ngh\u0129a, [&hellip;]<\/p>\n","protected":false},"author":20,"featured_media":0,"parent":0,"menu_order":0,"comment_status":"closed","ping_status":"closed","template":"","meta":{"_coblocks_attr":"","_coblocks_dimensions":"","_coblocks_responsive_height":"","_coblocks_accordion_ie_support":"","footnotes":"","_wp_rev_ctl_limit":""},"class_list":["post-12748","page","type-page","status-publish","hentry"],"_links":{"self":[{"href":"https:\/\/inbold.com\/vi\/wp-json\/wp\/v2\/pages\/12748","targetHints":{"allow":["GET"]}}],"collection":[{"href":"https:\/\/inbold.com\/vi\/wp-json\/wp\/v2\/pages"}],"about":[{"href":"https:\/\/inbold.com\/vi\/wp-json\/wp\/v2\/types\/page"}],"author":[{"embeddable":true,"href":"https:\/\/inbold.com\/vi\/wp-json\/wp\/v2\/users\/20"}],"replies":[{"embeddable":true,"href":"https:\/\/inbold.com\/vi\/wp-json\/wp\/v2\/comments?post=12748"}],"version-history":[{"count":0,"href":"https:\/\/inbold.com\/vi\/wp-json\/wp\/v2\/pages\/12748\/revisions"}],"wp:attachment":[{"href":"https:\/\/inbold.com\/vi\/wp-json\/wp\/v2\/media?parent=12748"}],"curies":[{"name":"wp","href":"https:\/\/api.w.org\/{rel}","templated":true}]}}