{"id":12746,"date":"2024-07-08T09:51:09","date_gmt":"2024-07-08T09:51:09","guid":{"rendered":"https:\/\/inbold.com\/design-intern-tai-inbold\/"},"modified":"2025-09-18T11:06:52","modified_gmt":"2025-09-18T11:06:52","slug":"design-intern-tai-inbold","status":"publish","type":"page","link":"https:\/\/inbold.com\/vi\/design-intern-tai-inbold\/","title":{"rendered":"Th\u1ef1c t\u1eadp sinh Thi\u1ebft k\u1ebf \u0110\u1ed3 ho\u1ea1 t\u1ea1i InBold"},"content":{"rendered":"\t\t<div data-elementor-type=\"wp-page\" data-elementor-id=\"12746\" class=\"elementor elementor-12746 elementor-12620\" data-elementor-post-type=\"page\">\n\t\t\t\t<div class=\"elementor-element elementor-element-70ecac4 e-con-full e-flex e-con e-child\" data-id=\"70ecac4\" data-element_type=\"container\" data-e-type=\"container\" data-settings=\"{&quot;background_background&quot;:&quot;classic&quot;}\">\n\t\t\t\t<div class=\"elementor-element elementor-element-2e23725 elementor-widget elementor-widget-heading\" data-id=\"2e23725\" data-element_type=\"widget\" data-e-type=\"widget\" data-widget_type=\"heading.default\">\n\t\t\t\t<div class=\"elementor-widget-container\">\n\t\t\t\t\t<h1 class=\"elementor-heading-title elementor-size-default\">B\u1ea1n \u0111\u00e3 s\u1eb5n s\u00e0ng <span class=\"color-4e82fa\">kh\u1eb3ng \u0111\u1ecbnh b\u1ea3n th\u00e2n<\/span><br>v\u1edbi vai tr\u00f2 <span>th\u1ef1c t\u1eadp sinh c\u1ee7a InBold?<\/span><\/h1>\t\t\t\t<\/div>\n\t\t\t\t<\/div>\n\t\t\t\t<div class=\"elementor-element elementor-element-17fe87e inline-bottom elementor-widget elementor-widget-heading\" data-id=\"17fe87e\" data-element_type=\"widget\" data-e-type=\"widget\" data-widget_type=\"heading.default\">\n\t\t\t\t<div class=\"elementor-widget-container\">\n\t\t\t\t\t<h2 class=\"elementor-heading-title elementor-size-default\">Th\u1ef1c t\u1eadp sinh Thi\u1ebft k\u1ebf \u0110\u1ed3 ho\u1ea1 t\u1ea1i InBold<\/h2>\t\t\t\t<\/div>\n\t\t\t\t<\/div>\n\t\t\t\t<div class=\"elementor-element elementor-element-ec9fb34 elementor-widget__width-initial elementor-widget elementor-widget-text-editor\" data-id=\"ec9fb34\" data-element_type=\"widget\" data-e-type=\"widget\" data-widget_type=\"text-editor.default\">\n\t\t\t\t<div class=\"elementor-widget-container\">\n\t\t\t\t\t\t\t\t\t<p>InBold l\u00e0 m\u1ed9t agency truy\u1ec1n th\u00f4ng <strong>chi\u1ebfn l\u01b0\u1ee3c, s\u00e1ng t\u1ea1o v\u00e0 d\u00e0y d\u1eb7n kinh nghi\u1ec7m.<\/strong> Th\u00f4ng qua vi\u1ec7c nghi\u00ean c\u1ee9u v\u00e0 x\u00e1c \u0111\u1ecbnh th\u00f4ng \u0111i\u1ec7p r\u00f5 r\u00e0ng, ch\u00fang t\u00f4i vi\u1ebft n\u00ean nh\u1eefng c\u00e2u chuy\u1ec7n gi\u00fap n\u00e2ng cao doanh s\u1ed1 v\u00e0 nh\u1eadn th\u1ee9c th\u01b0\u01a1ng hi\u1ec7u. InBold c\u00f3 chuy\u00ean m\u00f4n trong \u0111a d\u1ea1ng l\u0129nh v\u1ef1c, t\u1eeb s\u00e1ng t\u1ea1o n\u1ed9i dung, qu\u1ea3ng c\u00e1o, cho \u0111\u1ebfn thi\u1ebft k\u1ebf, s\u1ea3n xu\u1ea5t, x\u00e2y d\u1ef1ng th\u01b0\u01a1ng hi\u1ec7u v\u00e0 PR. Ch\u00fang t\u00f4i \u0111ang t\u00ecm ki\u1ebfm nh\u1eefng sinh vi\u00ean nhi\u1ec7t huy\u1ebft, \u0111am m\u00ea v\u00e0 s\u1eb5n s\u00e0ng \u0111\u1ec3 t\u00edch lu\u1ef9 nhi\u1ec1u kinh nghi\u1ec7m trong l\u0129nh v\u1ef1c s\u00e1ng t\u1ea1o.    <\/p>\t\t\t\t\t\t\t\t<\/div>\n\t\t\t\t<\/div>\n\t\t\t\t<div class=\"elementor-element elementor-element-2c17d94 elementor-widget elementor-widget-image\" data-id=\"2c17d94\" data-element_type=\"widget\" data-e-type=\"widget\" data-widget_type=\"image.default\">\n\t\t\t\t<div class=\"elementor-widget-container\">\n\t\t\t\t\t\t\t\t\t\t\t\t\t\t\t<img fetchpriority=\"high\" decoding=\"async\" width=\"1920\" height=\"1080\" src=\"https:\/\/inbold.com\/wp-content\/uploads\/2025\/06\/creative-design-16-9.png\" class=\"attachment-full size-full wp-image-20123\" alt=\"\" srcset=\"https:\/\/inbold.com\/wp-content\/uploads\/2025\/06\/creative-design-16-9.png 1920w, https:\/\/inbold.com\/wp-content\/uploads\/2025\/06\/creative-design-16-9-300x169.png 300w, https:\/\/inbold.com\/wp-content\/uploads\/2025\/06\/creative-design-16-9-1024x576.png 1024w, https:\/\/inbold.com\/wp-content\/uploads\/2025\/06\/creative-design-16-9-768x432.png 768w, https:\/\/inbold.com\/wp-content\/uploads\/2025\/06\/creative-design-16-9-1536x864.png 1536w\" sizes=\"(max-width: 1920px) 100vw, 1920px\" \/>\t\t\t\t\t\t\t\t\t\t\t\t\t\t\t<\/div>\n\t\t\t\t<\/div>\n\t\t\t\t<\/div>\n\t\t<div class=\"elementor-element elementor-element-0591d36 e-con-full e-flex e-con e-child\" data-id=\"0591d36\" data-element_type=\"container\" data-e-type=\"container\" data-settings=\"{&quot;background_background&quot;:&quot;classic&quot;}\">\n\t\t\t\t<div class=\"elementor-element elementor-element-a8c5711 inline-bottom elementor-widget elementor-widget-heading\" data-id=\"a8c5711\" data-element_type=\"widget\" data-e-type=\"widget\" data-widget_type=\"heading.default\">\n\t\t\t\t<div class=\"elementor-widget-container\">\n\t\t\t\t\t<h2 class=\"elementor-heading-title elementor-size-default\">B\u1ea1n c\u00f3 \u0111\u1ee7 k\u1ef9 n\u0103ng v\u00e0 nhi\u1ec7t huy\u1ebft \u0111\u1ec3 th\u1eed s\u1ee9c trong m\u00f4i tr\u01b0\u1eddng agency? <br> T\u1ea1i InBold, b\u1ea1n s\u1ebd c\u00f3 c\u01a1 h\u1ed9i \u0111\u01b0\u1ee3c l\u00e0m vi\u1ec7c v\u1edbi nhi\u1ec1u th\u01b0\u01a1ng hi\u1ec7u n\u1ed5i ti\u1ebfng th\u1ebf gi\u1edbi.<\/h2>\t\t\t\t<\/div>\n\t\t\t\t<\/div>\n\t\t\t\t<div class=\"elementor-element elementor-element-4528999 elementor-widget__width-initial elementor-widget elementor-widget-text-editor\" data-id=\"4528999\" data-element_type=\"widget\" data-e-type=\"widget\" data-widget_type=\"text-editor.default\">\n\t\t\t\t<div class=\"elementor-widget-container\">\n\t\t\t\t\t\t\t\t\t<p>B\u1ea1n s\u1ebd \u0111\u01b0\u1ee3c tham gia v\u00e0o qu\u00e1 tr\u00ecnh th\u1ef1c hi\u1ec7n \u00fd t\u01b0\u1edfng v\u00e0 t\u1ef1 qu\u1ea3n l\u00fd c\u00f4ng vi\u1ec7c c\u1ee7a m\u00ecnh t\u1eeb l\u00fac b\u1eaft \u0111\u1ea7u \u0111\u1ebfn khi ho\u00e0n thi\u1ec7n. B\u1ea1n c\u1ea7n c\u00f3 \u0111am m\u00ea, t\u01b0 duy s\u00e1ng t\u1ea1o c\u00f9ng quy tr\u00ecnh l\u00e0m vi\u1ec7c c\u00f3 h\u1ec7 th\u1ed1ng v\u00e0 tinh th\u1ea7n tr\u00e1ch nhi\u1ec7m cao. B\u1ea1n c\u0169ng c\u00f3 th\u1ec3 h\u1ed7 tr\u1ee3 c\u00e1c c\u00f4ng vi\u1ec7c h\u00e0nh ch\u00ednh kh\u00e1c theo y\u00eau c\u1ea7u.<\/p>\t\t\t\t\t\t\t\t<\/div>\n\t\t\t\t<\/div>\n\t\t\t\t<\/div>\n\t\t<div class=\"elementor-element elementor-element-8043acb e-con-full e-flex e-con e-child\" data-id=\"8043acb\" data-element_type=\"container\" data-e-type=\"container\" data-settings=\"{&quot;background_background&quot;:&quot;classic&quot;}\">\n\t\t\t\t<div class=\"elementor-element elementor-element-a7c4eab inline-bottom elementor-widget elementor-widget-heading\" data-id=\"a7c4eab\" data-element_type=\"widget\" data-e-type=\"widget\" data-widget_type=\"heading.default\">\n\t\t\t\t<div class=\"elementor-widget-container\">\n\t\t\t\t\t<h2 class=\"elementor-heading-title elementor-size-default\">K\u1ef8 N\u0102NG C\u1ea6N C\u00d3:<\/h2>\t\t\t\t<\/div>\n\t\t\t\t<\/div>\n\t\t\t\t<div class=\"elementor-element elementor-element-dc3b43f elementor-widget__width-initial elementor-widget elementor-widget-text-editor\" data-id=\"dc3b43f\" data-element_type=\"widget\" data-e-type=\"widget\" data-widget_type=\"text-editor.default\">\n\t\t\t\t<div class=\"elementor-widget-container\">\n\t\t\t\t\t\t\t\t\t<p>B\u1ea1n s\u1eed d\u1ee5ng th\u00e0nh th\u1ea1o c\u00e1c ph\u1ea7n m\u1ec1m thi\u1ebft k\u1ebf nh\u01b0 InDesign, Photoshop v\u00e0 Illustrator. Ngo\u00e0i ra, b\u1ea1n c\u1ea7n c\u00f3 k\u1ef9 n\u0103ng s\u1eed d\u1ee5ng Microsoft Office, bao g\u1ed3m c\u1ea3 PowerPoint. Kh\u1ea3 n\u0103ng thi\u1ebft k\u1ebf ho\u1ea1t ho\u1ea1 ho\u1eb7c stop-motion s\u1ebd l\u00e0 m\u1ed9t l\u1ee3i th\u1ebf l\u1edbn.<\/p>\t\t\t\t\t\t\t\t<\/div>\n\t\t\t\t<\/div>\n\t\t\t\t<\/div>\n\t\t<div class=\"elementor-element elementor-element-38d878c e-con-full e-flex e-con e-child\" data-id=\"38d878c\" data-element_type=\"container\" data-e-type=\"container\" data-settings=\"{&quot;background_background&quot;:&quot;classic&quot;}\">\n\t\t\t\t<div class=\"elementor-element elementor-element-20c6c53 inline-bottom elementor-widget elementor-widget-heading\" data-id=\"20c6c53\" data-element_type=\"widget\" data-e-type=\"widget\" data-widget_type=\"heading.default\">\n\t\t\t\t<div class=\"elementor-widget-container\">\n\t\t\t\t\t<h2 class=\"elementor-heading-title elementor-size-default\">TH\u1edcI GIAN TH\u1ef0C T\u1eacP:<\/h2>\t\t\t\t<\/div>\n\t\t\t\t<\/div>\n\t\t\t\t<div class=\"elementor-element elementor-element-2f74a26 elementor-widget__width-initial elementor-widget elementor-widget-text-editor\" data-id=\"2f74a26\" data-element_type=\"widget\" data-e-type=\"widget\" data-widget_type=\"text-editor.default\">\n\t\t\t\t<div class=\"elementor-widget-container\">\n\t\t\t\t\t\t\t\t\t<p>Tu\u1ef3 theo tho\u1ea3 thu\u1eadn, K\u1ef3 th\u1ef1c t\u1eadp c\u1ee7a b\u1ea1n s\u1ebd k\u00e9o d\u00e0i t\u1eeb 3-6 th\u00e1ng, kh\u00f4ng tr\u1ea3 l\u01b0\u01a1ng.<\/p><p>T\u1ea1i InBold, ch\u00fang t\u00f4i ph\u00e1t tri\u1ec3n \u00fd t\u01b0\u1edfng v\u00e0 tri\u1ec3n khai c\u00e1c gi\u1ea3i ph\u00e1p truy\u1ec1n th\u00f4ng t\u1eadp trung v\u00e0o tr\u1ea3i nghi\u1ec7m, k\u1ebft n\u1ed1i v\u00e0 t\u01b0\u01a1ng t\u00e1c. M\u1ed7i \u00fd t\u01b0\u1edfng \u0111\u01b0\u1ee3c t\u1ea1o ra \u0111\u1ec1u ph\u1ea3i \u0111\u1eb7c bi\u1ec7t v\u00e0 c\u00f3 kh\u1ea3 n\u0103ng k\u1ebft n\u1ed1i th\u01b0\u01a1ng hi\u1ec7u v\u1edbi kh\u00e1ch h\u00e0ng 24\/7\/365.<\/p><p>Qua nhi\u1ec1u n\u0103m trong ng\u00e0nh, InBold \u0111\u00e3 \u0111\u01b0\u1ee3c \u0111\u1ec1 c\u1eed v\u00e0 th\u1eafng nhi\u1ec1u gi\u1ea3i th\u01b0\u1edfng s\u00e1ng t\u1ea1o. Trong s\u1ed1 \u0111\u00f3, c\u00e1c gi\u1ea3i th\u01b0\u1edfng n\u1ed5i b\u1eadt c\u00f3 th\u1ec3 k\u1ec3 \u0111\u1ebfn nh\u01b0 Mashable Mashie Award, DIA v\u00e0 PR Tiger. InBold \u0111\u00e3 h\u1ee3p t\u00e1c c\u00f9ng nh\u1eefng th\u01b0\u01a1ng hi\u1ec7u nh\u01b0 Singapore Airlines, Electrolux, Enervit, T\u00e6nketanken One\/Third, Scandic Hotels, Velux, BoConcept v\u00e0 h\u01a1n th\u1ebf n\u1eefa.<\/p><p>B\u1ea1n s\u1ebd c\u00f3 c\u01a1 h\u1ed9i tr\u1edf th\u00e0nh m\u1ea3nh gh\u00e9p t\u00edch c\u1ef1c c\u1ee7a \u0111\u1ed9i ng\u0169 s\u00e1ng t\u1ea1o InBold. N\u1ebfu b\u1ea1n t\u1ef1 tin r\u1eb1ng m\u00ecnh c\u00f3 \u0111\u1ee7 kh\u1ea3 n\u0103ng v\u00e0 \u0111am m\u00ea, b\u1ea1n s\u1ebd \u0111\u01b0\u1ee3c t\u1ef1 qu\u1ea3n l\u00fd \u0111\u1ea7u vi\u1ec7c c\u0169ng nh\u01b0 c\u00e1c \u00fd t\u01b0\u1edfng c\u1ee7a m\u00ecnh. The tasks will vary widely and include the development of concepts and designs across online and offline channels. B\u1ea1n c\u0169ng s\u1ebd tham gia v\u00e0o qu\u00e1 tr\u00ecnh thi\u1ebft k\u1ebf h\u00e0ng ng\u00e0y cho c\u00e1c b\u00e0i \u0111\u0103ng m\u1ea1ng x\u00e3 h\u1ed9i, \u1ee9ng d\u1ee5ng, \u0111\u1ed3 h\u1ecda v\u00e0 s\u1ef1 ki\u1ec7n.<\/p>\t\t\t\t\t\t\t\t<\/div>\n\t\t\t\t<\/div>\n\t\t\t\t<\/div>\n\t\t<div class=\"elementor-element elementor-element-f8b9465 e-con-full e-flex e-con e-child\" data-id=\"f8b9465\" data-element_type=\"container\" data-e-type=\"container\" data-settings=\"{&quot;background_background&quot;:&quot;classic&quot;}\">\n\t\t\t\t<div class=\"elementor-element elementor-element-3c84c91 inline-bottom elementor-widget elementor-widget-heading\" data-id=\"3c84c91\" data-element_type=\"widget\" data-e-type=\"widget\" data-widget_type=\"heading.default\">\n\t\t\t\t<div class=\"elementor-widget-container\">\n\t\t\t\t\t<h2 class=\"elementor-heading-title elementor-size-default\">\u1ee8NG TUY\u1ec2N NGAY<\/h2>\t\t\t\t<\/div>\n\t\t\t\t<\/div>\n\t\t<div class=\"elementor-element elementor-element-b22c5ed section-btn e-flex e-con-boxed e-con e-child\" data-id=\"b22c5ed\" data-element_type=\"container\" data-e-type=\"container\">\n\t\t\t\t\t<div class=\"e-con-inner\">\n\t\t<div class=\"elementor-element elementor-element-c5d5412 e-con-full e-flex e-con e-child\" data-id=\"c5d5412\" data-element_type=\"container\" data-e-type=\"container\">\n\t\t\t\t<div class=\"elementor-element elementor-element-2df70cb elementor-align-center elementor-widget__width-initial elementor-widget elementor-widget-button\" data-id=\"2df70cb\" data-element_type=\"widget\" data-e-type=\"widget\" data-widget_type=\"button.default\">\n\t\t\t\t<div class=\"elementor-widget-container\">\n\t\t\t\t\t\t\t\t\t<div class=\"elementor-button-wrapper\">\n\t\t\t\t\t<a class=\"elementor-button elementor-button-link elementor-size-sm\" href=\"#elementor-action%3Aaction%3Dpopup%3Aopen%26settings%3DeyJpZCI6MTI3MzMsInRvZ2dsZSI6ZmFsc2V9\">\n\t\t\t\t\t\t<span class=\"elementor-button-content-wrapper\">\n\t\t\t\t\t\t\t\t\t<span class=\"elementor-button-text\">\u1ee8NG TUY\u1ec2N T\u1ea0I COPENHAGEN<\/span>\n\t\t\t\t\t<\/span>\n\t\t\t\t\t<\/a>\n\t\t\t\t<\/div>\n\t\t\t\t\t\t\t\t<\/div>\n\t\t\t\t<\/div>\n\t\t\t\t<\/div>\n\t\t<div class=\"elementor-element elementor-element-d7db507 e-con-full e-flex e-con e-child\" data-id=\"d7db507\" data-element_type=\"container\" data-e-type=\"container\">\n\t\t\t\t<div class=\"elementor-element elementor-element-b5f3709 elementor-align-center elementor-widget__width-initial elementor-widget elementor-widget-button\" data-id=\"b5f3709\" data-element_type=\"widget\" data-e-type=\"widget\" data-widget_type=\"button.default\">\n\t\t\t\t<div class=\"elementor-widget-container\">\n\t\t\t\t\t\t\t\t\t<div class=\"elementor-button-wrapper\">\n\t\t\t\t\t<a class=\"elementor-button elementor-button-link elementor-size-sm\" href=\"https:\/\/inbold.talent.vn\/home\" target=\"_blank\" rel=\"noopener\">\n\t\t\t\t\t\t<span class=\"elementor-button-content-wrapper\">\n\t\t\t\t\t\t\t\t\t<span class=\"elementor-button-text\">\u1ee8NG TUY\u1ec2N T\u1ea0I TH\u00c0NH PH\u1ed0 H\u1ed2 CH\u00cd MINH<\/span>\n\t\t\t\t\t<\/span>\n\t\t\t\t\t<\/a>\n\t\t\t\t<\/div>\n\t\t\t\t\t\t\t\t<\/div>\n\t\t\t\t<\/div>\n\t\t\t\t<\/div>\n\t\t<div class=\"elementor-element elementor-element-e300f10 e-con-full e-flex e-con e-child\" data-id=\"e300f10\" data-element_type=\"container\" data-e-type=\"container\">\n\t\t\t\t<div class=\"elementor-element elementor-element-6182726 elementor-align-center elementor-widget__width-initial elementor-widget elementor-widget-button\" data-id=\"6182726\" data-element_type=\"widget\" data-e-type=\"widget\" data-widget_type=\"button.default\">\n\t\t\t\t<div class=\"elementor-widget-container\">\n\t\t\t\t\t\t\t\t\t<div class=\"elementor-button-wrapper\">\n\t\t\t\t\t<a class=\"elementor-button elementor-button-link elementor-size-sm\" href=\"#elementor-action%3Aaction%3Dpopup%3Aopen%26settings%3DeyJpZCI6MTI3MzYsInRvZ2dsZSI6ZmFsc2V9\">\n\t\t\t\t\t\t<span class=\"elementor-button-content-wrapper\">\n\t\t\t\t\t\t\t\t\t<span class=\"elementor-button-text\">\u1ee8NG TUY\u1ec2N T\u1ea0I STOCKHOLM<\/span>\n\t\t\t\t\t<\/span>\n\t\t\t\t\t<\/a>\n\t\t\t\t<\/div>\n\t\t\t\t\t\t\t\t<\/div>\n\t\t\t\t<\/div>\n\t\t\t\t<\/div>\n\t\t\t\t\t<\/div>\n\t\t\t\t<\/div>\n\t\t\t\t<\/div>\n\t\t\t\t<section class=\"elementor-section elementor-top-section elementor-element elementor-element-2a3f88a elementor-section-full_width elementor-section-content-middle video-booster elementor-section-height-default elementor-section-height-default\" data-id=\"2a3f88a\" data-element_type=\"section\" data-e-type=\"section\" data-settings=\"{&quot;background_background&quot;:&quot;classic&quot;,&quot;mdp_selection_sticky_effect_enable&quot;:false}\">\n\t\t\t\t\t\t<div class=\"elementor-container elementor-column-gap-no\">\n\t\t\t\t\t<div class=\"elementor-column elementor-col-100 elementor-top-column elementor-element elementor-element-bb57222\" data-id=\"bb57222\" data-element_type=\"column\" data-e-type=\"column\" data-settings=\"{&quot;mdp_selection_sticky_column_effect_enable&quot;:false}\">\n\t\t\t<div class=\"elementor-widget-wrap elementor-element-populated\">\n\t\t\t\t\t\t<div class=\"elementor-element elementor-element-0e36e78 elementor-widget__width-inherit elementor-widget elementor-widget-video\" data-id=\"0e36e78\" data-element_type=\"widget\" data-e-type=\"widget\" data-settings=\"{&quot;video_type&quot;:&quot;hosted&quot;,&quot;autoplay&quot;:&quot;yes&quot;,&quot;mute&quot;:&quot;yes&quot;,&quot;loop&quot;:&quot;yes&quot;,&quot;play_on_mobile&quot;:&quot;yes&quot;}\" data-widget_type=\"video.default\">\n\t\t\t\t<div class=\"elementor-widget-container\">\n\t\t\t\t\t\t\t<div class=\"e-hosted-video elementor-wrapper elementor-open-inline\">\n\t\t\t\t\t<video class=\"elementor-video\" src=\"https:\/\/inbold.com\/wp-content\/uploads\/2024\/04\/compfilm_logov2.mp4\" autoplay=\"\" loop=\"\" muted=\"muted\" playsinline=\"\" controlsList=\"nodownload\"><\/video>\n\t\t\t\t<\/div>\n\t\t\t\t\t\t<\/div>\n\t\t\t\t<\/div>\n\t\t\t\t\t<\/div>\n\t\t<\/div>\n\t\t\t\t\t<\/div>\n\t\t<\/section>\n\t\t\t\t<section class=\"elementor-section elementor-top-section elementor-element elementor-element-1b32bae section-form elementor-hidden-desktop elementor-hidden-laptop elementor-hidden-tablet elementor-hidden-mobile elementor-section-boxed elementor-section-height-default elementor-section-height-default\" data-id=\"1b32bae\" data-element_type=\"section\" data-e-type=\"section\" data-settings=\"{&quot;background_background&quot;:&quot;classic&quot;,&quot;mdp_selection_sticky_effect_enable&quot;:false}\">\n\t\t\t\t\t\t<div class=\"elementor-container elementor-column-gap-default\">\n\t\t\t\t\t<div class=\"elementor-column elementor-col-100 elementor-top-column elementor-element elementor-element-1096c81\" data-id=\"1096c81\" data-element_type=\"column\" data-e-type=\"column\" data-settings=\"{&quot;mdp_selection_sticky_column_effect_enable&quot;:false}\">\n\t\t\t<div class=\"elementor-widget-wrap elementor-element-populated\">\n\t\t\t\t\t\t<div class=\"elementor-element elementor-element-4ac4368 animated-slow elementor-invisible elementor-widget elementor-widget-heading\" data-id=\"4ac4368\" data-element_type=\"widget\" data-e-type=\"widget\" data-settings=\"{&quot;_animation&quot;:&quot;fadeIn&quot;,&quot;_animation_delay&quot;:200}\" data-widget_type=\"heading.default\">\n\t\t\t\t<div class=\"elementor-widget-container\">\n\t\t\t\t\t<h4 class=\"elementor-heading-title elementor-size-default\">K\u1ebft n\u1ed1i v\u1edbi ch\u00fang t\u00f4i<\/h4>\t\t\t\t<\/div>\n\t\t\t\t<\/div>\n\t\t\t\t<div class=\"elementor-element elementor-element-acb17fe elementor-button-align-center elementor-mobile-button-align-stretch elementor-widget elementor-widget-form\" data-id=\"acb17fe\" data-element_type=\"widget\" data-e-type=\"widget\" data-settings=\"{&quot;step_next_label&quot;:&quot;Ti\\u1ebfp theo&quot;,&quot;step_previous_label&quot;:&quot;Tr\\u01b0\\u1edbc&quot;,&quot;step_type&quot;:&quot;number_text&quot;,&quot;step_icon_shape&quot;:&quot;circle&quot;}\" data-widget_type=\"form.default\">\n\t\t\t\t<div class=\"elementor-widget-container\">\n\t\t\t\t\t\t\t<form class=\"elementor-form\" method=\"post\" name=\"New Form\" aria-label=\"New Form\">\n\t\t\t<input type=\"hidden\" name=\"post_id\" value=\"12746\"\/>\n\t\t\t<input type=\"hidden\" name=\"form_id\" value=\"acb17fe\"\/>\n\t\t\t<input type=\"hidden\" name=\"referer_title\" value=\"Th\u1ef1c t\u1eadp sinh Thi\u1ebft k\u1ebf \u0110\u1ed3 ho\u1ea1 t\u1ea1i InBold - InBold\" \/>\n\n\t\t\t\t\t\t\t<input type=\"hidden\" name=\"queried_id\" value=\"12746\"\/>\n\t\t\t\n\t\t\t<div class=\"elementor-form-fields-wrapper elementor-labels-above\">\n\t\t\t\t\t\t\t\t<div class=\"elementor-field-type-text elementor-field-group elementor-column elementor-field-group-name elementor-col-50 elementor-md-100 elementor-field-required\">\n\t\t\t\t\t\t\t\t\t\t\t\t<label for=\"form-field-name\" class=\"elementor-field-label\">\n\t\t\t\t\t\t\t\tT\u00ean\t\t\t\t\t\t\t<\/label>\n\t\t\t\t\t\t\t\t\t\t\t\t\t\t<input size=\"1\" type=\"text\" name=\"form_fields[name]\" id=\"form-field-name\" class=\"elementor-field elementor-size-md  elementor-field-textual\" placeholder=\"T\u00caN\" required=\"required\">\n\t\t\t\t\t\t\t\t\t\t\t<\/div>\n\t\t\t\t\t\t\t\t<div class=\"elementor-field-type-email elementor-field-group elementor-column elementor-field-group-email elementor-col-50 elementor-md-100 elementor-field-required\">\n\t\t\t\t\t\t\t\t\t\t\t\t<label for=\"form-field-email\" class=\"elementor-field-label\">\n\t\t\t\t\t\t\t\tE-mail c\u1ee7a b\u1ea1n\t\t\t\t\t\t\t<\/label>\n\t\t\t\t\t\t\t\t\t\t\t\t\t\t<input size=\"1\" type=\"email\" name=\"form_fields[email]\" id=\"form-field-email\" class=\"elementor-field elementor-size-md  elementor-field-textual\" placeholder=\"E-MAIL\" required=\"required\">\n\t\t\t\t\t\t\t\t\t\t\t<\/div>\n\t\t\t\t\t\t\t\t<div class=\"elementor-field-type-textarea elementor-field-group elementor-column elementor-field-group-message elementor-col-100\">\n\t\t\t\t\t\t\t\t\t\t\t\t<label for=\"form-field-message\" class=\"elementor-field-label\">\n\t\t\t\t\t\t\t\tTin nh\u1eafn\t\t\t\t\t\t\t<\/label>\n\t\t\t\t\t\t<textarea class=\"elementor-field-textual elementor-field  elementor-size-md\" name=\"form_fields[message]\" id=\"form-field-message\" rows=\"6\" placeholder=\"G\u1eecI L\u1edcI NH\u1eaeN CHO CH\u00daNG T\u00d4I\"><\/textarea>\t\t\t\t<\/div>\n\t\t\t\t\t\t\t\t<div class=\"elementor-field-group elementor-column elementor-field-type-submit elementor-col-100 e-form__buttons\">\n\t\t\t\t\t<button class=\"elementor-button elementor-size-md\" type=\"submit\">\n\t\t\t\t\t\t<span class=\"elementor-button-content-wrapper\">\n\t\t\t\t\t\t\t\t\t\t\t\t\t\t\t\t\t\t\t\t\t\t<span class=\"elementor-button-text\">G\u1eedi<\/span>\n\t\t\t\t\t\t\t\t\t\t\t\t\t<\/span>\n\t\t\t\t\t<\/button>\n\t\t\t\t<\/div>\n\t\t\t<\/div>\n\t\t<\/form>\n\t\t\t\t\t\t<\/div>\n\t\t\t\t<\/div>\n\t\t\t\t\t<\/div>\n\t\t<\/div>\n\t\t\t\t\t<\/div>\n\t\t<\/section>\n\t\t\t\t<\/div>\n\t\t","protected":false},"excerpt":{"rendered":"<p>B\u1ea1n \u0111\u00e3 s\u1eb5n s\u00e0ng kh\u1eb3ng \u0111\u1ecbnh b\u1ea3n th\u00e2nv\u1edbi vai tr\u00f2 th\u1ef1c t\u1eadp sinh c\u1ee7a InBold? Th\u1ef1c t\u1eadp sinh Thi\u1ebft k\u1ebf \u0110\u1ed3 ho\u1ea1 t\u1ea1i InBold InBold l\u00e0 m\u1ed9t agency truy\u1ec1n th\u00f4ng chi\u1ebfn l\u01b0\u1ee3c, s\u00e1ng t\u1ea1o v\u00e0 d\u00e0y d\u1eb7n kinh nghi\u1ec7m. Th\u00f4ng qua vi\u1ec7c nghi\u00ean c\u1ee9u v\u00e0 x\u00e1c \u0111\u1ecbnh th\u00f4ng \u0111i\u1ec7p r\u00f5 r\u00e0ng, ch\u00fang t\u00f4i vi\u1ebft n\u00ean [&hellip;]<\/p>\n","protected":false},"author":20,"featured_media":0,"parent":0,"menu_order":0,"comment_status":"closed","ping_status":"closed","template":"","meta":{"_coblocks_attr":"","_coblocks_dimensions":"","_coblocks_responsive_height":"","_coblocks_accordion_ie_support":"","footnotes":"","_wp_rev_ctl_limit":""},"class_list":["post-12746","page","type-page","status-publish","hentry"],"_links":{"self":[{"href":"https:\/\/inbold.com\/vi\/wp-json\/wp\/v2\/pages\/12746","targetHints":{"allow":["GET"]}}],"collection":[{"href":"https:\/\/inbold.com\/vi\/wp-json\/wp\/v2\/pages"}],"about":[{"href":"https:\/\/inbold.com\/vi\/wp-json\/wp\/v2\/types\/page"}],"author":[{"embeddable":true,"href":"https:\/\/inbold.com\/vi\/wp-json\/wp\/v2\/users\/20"}],"replies":[{"embeddable":true,"href":"https:\/\/inbold.com\/vi\/wp-json\/wp\/v2\/comments?post=12746"}],"version-history":[{"count":0,"href":"https:\/\/inbold.com\/vi\/wp-json\/wp\/v2\/pages\/12746\/revisions"}],"wp:attachment":[{"href":"https:\/\/inbold.com\/vi\/wp-json\/wp\/v2\/media?parent=12746"}],"curies":[{"name":"wp","href":"https:\/\/api.w.org\/{rel}","templated":true}]}}