{"id":12742,"date":"2024-07-08T09:54:25","date_gmt":"2024-07-08T09:54:25","guid":{"rendered":"https:\/\/inbold.com\/ung-tuyen-chu-dong\/"},"modified":"2025-02-11T04:29:27","modified_gmt":"2025-02-11T04:29:27","slug":"ung-tuyen-chu-dong","status":"publish","type":"page","link":"https:\/\/inbold.com\/vi\/ung-tuyen-chu-dong\/","title":{"rendered":"\u1ee8ng tuy\u1ec3n ch\u1ee7 \u0111\u1ed9ng"},"content":{"rendered":"\t\t<div data-elementor-type=\"wp-page\" data-elementor-id=\"12742\" class=\"elementor elementor-12742 elementor-12631\" data-elementor-post-type=\"page\">\n\t\t\t\t<div class=\"elementor-element elementor-element-70ecac4 e-con-full e-flex e-con e-child\" data-id=\"70ecac4\" data-element_type=\"container\" data-e-type=\"container\" data-settings=\"{&quot;background_background&quot;:&quot;classic&quot;}\">\n\t\t\t\t<div class=\"elementor-element elementor-element-2e23725 elementor-widget elementor-widget-heading\" data-id=\"2e23725\" data-element_type=\"widget\" data-e-type=\"widget\" data-widget_type=\"heading.default\">\n\t\t\t\t<div class=\"elementor-widget-container\">\n\t\t\t\t\t<h1 class=\"elementor-heading-title elementor-size-default\">S\u1eb5n s\u00e0ng <span class=\"color-4e82fa\">\u0111\u1ed3ng h\u00e0nh c\u00f9ng InBold?<\/span> <br><\/h1>\t\t\t\t<\/div>\n\t\t\t\t<\/div>\n\t\t\t\t<div class=\"elementor-element elementor-element-17fe87e inline-bottom elementor-widget elementor-widget-heading\" data-id=\"17fe87e\" data-element_type=\"widget\" data-e-type=\"widget\" data-widget_type=\"heading.default\">\n\t\t\t\t<div class=\"elementor-widget-container\">\n\t\t\t\t\t<h2 class=\"elementor-heading-title elementor-size-default\">\u1ee8ng tuy\u1ec3n ch\u1ee7 \u0111\u1ed9ng\n<\/h2>\t\t\t\t<\/div>\n\t\t\t\t<\/div>\n\t\t\t\t<div class=\"elementor-element elementor-element-ec9fb34 elementor-widget__width-initial elementor-widget elementor-widget-text-editor\" data-id=\"ec9fb34\" data-element_type=\"widget\" data-e-type=\"widget\" data-widget_type=\"text-editor.default\">\n\t\t\t\t<div class=\"elementor-widget-container\">\n\t\t\t\t\t\t\t\t\t<p>Ch\u00fang t\u00f4i l\u00e0 m\u1ed9t agency truy\u1ec1n th\u00f4ng <strong>chi\u1ebfn l\u01b0\u1ee3c v\u00e0 s\u00e1ng t\u1ea1o d\u00e0y d\u1eb7n kinh nghi\u1ec7m.<\/strong> Th\u00f4ng qua nghi\u00ean c\u1ee9u chi ti\u1ebft, c\u00f9ng th\u00f4ng \u0111i\u1ec7p r\u00f5 r\u00e0ng, ch\u00fang t\u00f4i vi\u1ebft n\u00ean nh\u1eefng c\u00e2u chuy\u1ec7n \u00fd ngh\u0129a, g\u00f3p ph\u1ea7n n\u00e2ng cao nh\u1eadn th\u1ee9c th\u01b0\u01a1ng hi\u1ec7u v\u00e0 doanh thu b\u00e1n h\u00e0ng. InBold chinh ph\u1ee5c m\u1ecdi th\u1eed th\u00e1ch, t\u1eeb s\u00e1ng t\u1ea1o n\u1ed9i dung, qu\u1ea3ng c\u00e1o, cho \u0111\u1ebfn thi\u1ebft k\u1ebf, s\u1ea3n xu\u1ea5t, x\u00e2y d\u1ef1ng th\u01b0\u01a1ng hi\u1ec7u v\u00e0 PR. Ch\u00fang t\u00f4i t\u00ecm ki\u1ebfm nh\u1eefng sinh vi\u00ean ti\u1ec1m n\u0103ng, s\u1eb5n s\u00e0ng \u0111\u1ec3 t\u00edch lu\u1ef9 nh\u1eefng ki\u1ebfn th\u1ee9c v\u00e0 khinh nghi\u1ec7m qu\u00fd b\u00e1u trong l\u0129nh v\u1ef1c s\u00e1ng t\u1ea1o. <\/p>\n\t\t\t\t\t\t\t\t<\/div>\n\t\t\t\t<\/div>\n\t\t\t\t<\/div>\n\t\t\t\t<section class=\"elementor-section elementor-top-section elementor-element elementor-element-215d46a elementor-section-full_width elementor-section-content-middle elementor-section-height-default elementor-section-height-default\" data-id=\"215d46a\" data-element_type=\"section\" data-e-type=\"section\" data-settings=\"{&quot;background_background&quot;:&quot;classic&quot;,&quot;mdp_selection_sticky_effect_enable&quot;:false}\">\n\t\t\t\t\t\t<div class=\"elementor-container elementor-column-gap-no\">\n\t\t\t\t\t<div class=\"elementor-column elementor-col-100 elementor-top-column elementor-element elementor-element-46687af\" data-id=\"46687af\" data-element_type=\"column\" data-e-type=\"column\" data-settings=\"{&quot;mdp_selection_sticky_column_effect_enable&quot;:false}\">\n\t\t\t<div class=\"elementor-widget-wrap elementor-element-populated\">\n\t\t\t\t\t\t<div class=\"elementor-element elementor-element-f18cfe0 elementor-widget elementor-widget-image\" data-id=\"f18cfe0\" data-element_type=\"widget\" data-e-type=\"widget\" data-widget_type=\"image.default\">\n\t\t\t\t<div class=\"elementor-widget-container\">\n\t\t\t\t\t\t\t\t\t\t\t\t\t\t\t<img fetchpriority=\"high\" decoding=\"async\" width=\"1920\" height=\"1080\" src=\"https:\/\/inbold.com\/wp-content\/uploads\/2024\/06\/Pandora-The-Pandora-Tour1.jpg\" class=\"attachment-full size-full wp-image-10995\" alt=\"\" srcset=\"https:\/\/inbold.com\/wp-content\/uploads\/2024\/06\/Pandora-The-Pandora-Tour1.jpg 1920w, https:\/\/inbold.com\/wp-content\/uploads\/2024\/06\/Pandora-The-Pandora-Tour1-300x169.jpg 300w, https:\/\/inbold.com\/wp-content\/uploads\/2024\/06\/Pandora-The-Pandora-Tour1-1024x576.jpg 1024w, https:\/\/inbold.com\/wp-content\/uploads\/2024\/06\/Pandora-The-Pandora-Tour1-768x432.jpg 768w, https:\/\/inbold.com\/wp-content\/uploads\/2024\/06\/Pandora-The-Pandora-Tour1-1536x864.jpg 1536w\" sizes=\"(max-width: 1920px) 100vw, 1920px\" \/>\t\t\t\t\t\t\t\t\t\t\t\t\t\t\t<\/div>\n\t\t\t\t<\/div>\n\t\t\t\t<div class=\"elementor-element elementor-element-1af1bd2 elementor-absolute img-absolute center elementor-widget elementor-widget-image\" data-id=\"1af1bd2\" data-element_type=\"widget\" data-e-type=\"widget\" data-settings=\"{&quot;_position&quot;:&quot;absolute&quot;}\" data-widget_type=\"image.default\">\n\t\t\t\t<div class=\"elementor-widget-container\">\n\t\t\t\t\t\t\t\t\t\t\t\t\t\t\t<img decoding=\"async\" width=\"1920\" height=\"1080\" src=\"https:\/\/inbold.com\/wp-content\/uploads\/2024\/06\/Den-Gamle-Fabrik-Baervognen1.jpg\" class=\"attachment-full size-full wp-image-10959\" alt=\"\" srcset=\"https:\/\/inbold.com\/wp-content\/uploads\/2024\/06\/Den-Gamle-Fabrik-Baervognen1.jpg 1920w, https:\/\/inbold.com\/wp-content\/uploads\/2024\/06\/Den-Gamle-Fabrik-Baervognen1-300x169.jpg 300w, https:\/\/inbold.com\/wp-content\/uploads\/2024\/06\/Den-Gamle-Fabrik-Baervognen1-1024x576.jpg 1024w, https:\/\/inbold.com\/wp-content\/uploads\/2024\/06\/Den-Gamle-Fabrik-Baervognen1-768x432.jpg 768w, https:\/\/inbold.com\/wp-content\/uploads\/2024\/06\/Den-Gamle-Fabrik-Baervognen1-1536x864.jpg 1536w\" sizes=\"(max-width: 1920px) 100vw, 1920px\" \/>\t\t\t\t\t\t\t\t\t\t\t\t\t\t\t<\/div>\n\t\t\t\t<\/div>\n\t\t\t\t\t<\/div>\n\t\t<\/div>\n\t\t\t\t\t<\/div>\n\t\t<\/section>\n\t\t<div class=\"elementor-element elementor-element-0591d36 e-con-full e-flex e-con e-child\" data-id=\"0591d36\" data-element_type=\"container\" data-e-type=\"container\" data-settings=\"{&quot;background_background&quot;:&quot;classic&quot;}\">\n\t\t\t\t<div class=\"elementor-element elementor-element-a8c5711 inline-bottom elementor-widget elementor-widget-heading\" data-id=\"a8c5711\" data-element_type=\"widget\" data-e-type=\"widget\" data-widget_type=\"heading.default\">\n\t\t\t\t<div class=\"elementor-widget-container\">\n\t\t\t\t\t<h2 class=\"elementor-heading-title elementor-size-default\">InBold lu\u00f4n t\u00ecm ki\u1ebfm nh\u1eefng t\u00e0i n\u0103ng s\u00e1ng t\u1ea1o<\/h2>\t\t\t\t<\/div>\n\t\t\t\t<\/div>\n\t\t\t\t<div class=\"elementor-element elementor-element-4528999 elementor-widget__width-initial elementor-widget elementor-widget-text-editor\" data-id=\"4528999\" data-element_type=\"widget\" data-e-type=\"widget\" data-widget_type=\"text-editor.default\">\n\t\t\t\t<div class=\"elementor-widget-container\">\n\t\t\t\t\t\t\t\t\t<p>T\u1ea1i InBold, ch\u00fang t\u00f4i t\u00f4n tr\u1ecdng s\u1ef1 \u0111a d\u1ea1ng v\u1ec1 n\u1ec1n t\u1ea3ng h\u1ecdc v\u1ea5n, m\u1ee5c ti\u00eau v\u00e0 v\u0103n h\u00f3a c\u1ee7a m\u1ed7i c\u00e1 nh\u00e2n. N\u1ebfu b\u1ea1n y\u00eau th\u00edch l\u00e0m vi\u1ec7c trong m\u00f4i tr\u01b0\u1eddng n\u0103ng \u0111\u1ed9ng v\u1edbi nhi\u1ec1u kh\u00e1ch h\u00e0ng v\u00e0 th\u1eed th\u00e1ch \u0111a d\u1ea1ng, h\u00e3y \u1ee9ng tuy\u1ec3n cho ch\u00fang t\u00f4i. \u0110\u1ec3 ph\u00f9 h\u1ee3p, b\u1ea1n c\u1ea7n c\u00f3 n\u1ec1n t\u1ea3ng v\u1eefng ch\u1eafc trong l\u0129nh v\u1ef1c truy\u1ec1n th\u00f4ng, marketing, digital\/social media, v\u00e0 c\u00e1c m\u1ea3ng li\u00ean quan \u0111\u1ebfn v\u1ecb tr\u00ed b\u1ea1n \u1ee9ng tuy\u1ec3n.<\/p>\n\t\t\t\t\t\t\t\t<\/div>\n\t\t\t\t<\/div>\n\t\t\t\t<\/div>\n\t\t<div class=\"elementor-element elementor-element-f8b9465 e-con-full e-flex e-con e-child\" data-id=\"f8b9465\" data-element_type=\"container\" data-e-type=\"container\" data-settings=\"{&quot;background_background&quot;:&quot;classic&quot;}\">\n\t\t\t\t<div class=\"elementor-element elementor-element-3c84c91 inline-bottom elementor-widget elementor-widget-heading\" data-id=\"3c84c91\" data-element_type=\"widget\" data-e-type=\"widget\" data-widget_type=\"heading.default\">\n\t\t\t\t<div class=\"elementor-widget-container\">\n\t\t\t\t\t<h2 class=\"elementor-heading-title elementor-size-default\">\u1ee8NG TUY\u1ec2N NGAY<\/h2>\t\t\t\t<\/div>\n\t\t\t\t<\/div>\n\t\t<div class=\"elementor-element elementor-element-b22c5ed section-btn e-flex e-con-boxed e-con e-child\" data-id=\"b22c5ed\" data-element_type=\"container\" data-e-type=\"container\">\n\t\t\t\t\t<div class=\"e-con-inner\">\n\t\t<div class=\"elementor-element elementor-element-c5d5412 e-con-full e-flex e-con e-child\" data-id=\"c5d5412\" data-element_type=\"container\" data-e-type=\"container\">\n\t\t\t\t<div class=\"elementor-element elementor-element-2df70cb elementor-align-center elementor-widget__width-initial elementor-widget elementor-widget-button\" data-id=\"2df70cb\" data-element_type=\"widget\" data-e-type=\"widget\" data-widget_type=\"button.default\">\n\t\t\t\t<div class=\"elementor-widget-container\">\n\t\t\t\t\t\t\t\t\t<div class=\"elementor-button-wrapper\">\n\t\t\t\t\t<a class=\"elementor-button elementor-button-link elementor-size-sm\" href=\"#elementor-action%3Aaction%3Dpopup%3Aopen%26settings%3DeyJpZCI6MTI3MzMsInRvZ2dsZSI6ZmFsc2V9\">\n\t\t\t\t\t\t<span class=\"elementor-button-content-wrapper\">\n\t\t\t\t\t\t\t\t\t<span class=\"elementor-button-text\">\u1ee8NG TUY\u1ec2N T\u1ea0I COPENHAGEN<\/span>\n\t\t\t\t\t<\/span>\n\t\t\t\t\t<\/a>\n\t\t\t\t<\/div>\n\t\t\t\t\t\t\t\t<\/div>\n\t\t\t\t<\/div>\n\t\t\t\t<\/div>\n\t\t<div class=\"elementor-element elementor-element-d7db507 e-con-full e-flex e-con e-child\" data-id=\"d7db507\" data-element_type=\"container\" data-e-type=\"container\">\n\t\t\t\t<div class=\"elementor-element elementor-element-b5f3709 elementor-align-center elementor-widget__width-initial elementor-widget elementor-widget-button\" data-id=\"b5f3709\" data-element_type=\"widget\" data-e-type=\"widget\" data-widget_type=\"button.default\">\n\t\t\t\t<div class=\"elementor-widget-container\">\n\t\t\t\t\t\t\t\t\t<div class=\"elementor-button-wrapper\">\n\t\t\t\t\t<a class=\"elementor-button elementor-button-link elementor-size-sm\" href=\"https:\/\/inbold.talent.vn\/home\" target=\"_blank\" rel=\"noopener\">\n\t\t\t\t\t\t<span class=\"elementor-button-content-wrapper\">\n\t\t\t\t\t\t\t\t\t<span class=\"elementor-button-text\">\u1ee8NG TUY\u1ec2N T\u1ea0I TH\u00c0NH PH\u1ed0 H\u1ed2 CH\u00cd MINH<\/span>\n\t\t\t\t\t<\/span>\n\t\t\t\t\t<\/a>\n\t\t\t\t<\/div>\n\t\t\t\t\t\t\t\t<\/div>\n\t\t\t\t<\/div>\n\t\t\t\t<\/div>\n\t\t<div class=\"elementor-element elementor-element-e300f10 e-con-full e-flex e-con e-child\" data-id=\"e300f10\" data-element_type=\"container\" data-e-type=\"container\">\n\t\t\t\t<div class=\"elementor-element elementor-element-6182726 elementor-align-center elementor-widget__width-initial elementor-widget elementor-widget-button\" data-id=\"6182726\" data-element_type=\"widget\" data-e-type=\"widget\" data-widget_type=\"button.default\">\n\t\t\t\t<div class=\"elementor-widget-container\">\n\t\t\t\t\t\t\t\t\t<div class=\"elementor-button-wrapper\">\n\t\t\t\t\t<a class=\"elementor-button elementor-button-link elementor-size-sm\" href=\"#elementor-action%3Aaction%3Dpopup%3Aopen%26settings%3DeyJpZCI6MTI3MzYsInRvZ2dsZSI6ZmFsc2V9\">\n\t\t\t\t\t\t<span class=\"elementor-button-content-wrapper\">\n\t\t\t\t\t\t\t\t\t<span class=\"elementor-button-text\">\u1ee8NG TUY\u1ec2N T\u1ea0I STOCKHOLM<\/span>\n\t\t\t\t\t<\/span>\n\t\t\t\t\t<\/a>\n\t\t\t\t<\/div>\n\t\t\t\t\t\t\t\t<\/div>\n\t\t\t\t<\/div>\n\t\t\t\t<\/div>\n\t\t\t\t\t<\/div>\n\t\t\t\t<\/div>\n\t\t\t\t<\/div>\n\t\t\t\t<section class=\"elementor-section elementor-top-section elementor-element elementor-element-2a3f88a elementor-section-full_width elementor-section-content-middle video-booster elementor-section-height-default elementor-section-height-default\" data-id=\"2a3f88a\" data-element_type=\"section\" data-e-type=\"section\" data-settings=\"{&quot;background_background&quot;:&quot;classic&quot;,&quot;mdp_selection_sticky_effect_enable&quot;:false}\">\n\t\t\t\t\t\t<div class=\"elementor-container elementor-column-gap-no\">\n\t\t\t\t\t<div class=\"elementor-column elementor-col-100 elementor-top-column elementor-element elementor-element-bb57222\" data-id=\"bb57222\" data-element_type=\"column\" data-e-type=\"column\" data-settings=\"{&quot;mdp_selection_sticky_column_effect_enable&quot;:false}\">\n\t\t\t<div class=\"elementor-widget-wrap elementor-element-populated\">\n\t\t\t\t\t\t<div class=\"elementor-element elementor-element-0e36e78 elementor-widget__width-inherit elementor-widget elementor-widget-video\" data-id=\"0e36e78\" data-element_type=\"widget\" data-e-type=\"widget\" data-settings=\"{&quot;video_type&quot;:&quot;hosted&quot;,&quot;autoplay&quot;:&quot;yes&quot;,&quot;mute&quot;:&quot;yes&quot;,&quot;loop&quot;:&quot;yes&quot;,&quot;play_on_mobile&quot;:&quot;yes&quot;}\" data-widget_type=\"video.default\">\n\t\t\t\t<div class=\"elementor-widget-container\">\n\t\t\t\t\t\t\t<div class=\"e-hosted-video elementor-wrapper elementor-open-inline\">\n\t\t\t\t\t<video class=\"elementor-video\" src=\"https:\/\/inbold.com\/wp-content\/uploads\/2024\/04\/compfilm_logov2.mp4\" autoplay=\"\" loop=\"\" muted=\"muted\" playsinline=\"\" controlsList=\"nodownload\"><\/video>\n\t\t\t\t<\/div>\n\t\t\t\t\t\t<\/div>\n\t\t\t\t<\/div>\n\t\t\t\t\t<\/div>\n\t\t<\/div>\n\t\t\t\t\t<\/div>\n\t\t<\/section>\n\t\t\t\t<section class=\"elementor-section elementor-top-section elementor-element elementor-element-1b32bae section-form elementor-section-boxed elementor-section-height-default elementor-section-height-default\" data-id=\"1b32bae\" data-element_type=\"section\" data-e-type=\"section\" data-settings=\"{&quot;background_background&quot;:&quot;classic&quot;,&quot;mdp_selection_sticky_effect_enable&quot;:false}\">\n\t\t\t\t\t\t<div class=\"elementor-container elementor-column-gap-default\">\n\t\t\t\t\t<div class=\"elementor-column elementor-col-100 elementor-top-column elementor-element elementor-element-1096c81\" data-id=\"1096c81\" data-element_type=\"column\" data-e-type=\"column\" data-settings=\"{&quot;mdp_selection_sticky_column_effect_enable&quot;:false}\">\n\t\t\t<div class=\"elementor-widget-wrap elementor-element-populated\">\n\t\t\t\t\t\t<div class=\"elementor-element elementor-element-4ac4368 animated-slow elementor-invisible elementor-widget elementor-widget-heading\" data-id=\"4ac4368\" data-element_type=\"widget\" data-e-type=\"widget\" data-settings=\"{&quot;_animation&quot;:&quot;fadeIn&quot;,&quot;_animation_delay&quot;:200}\" data-widget_type=\"heading.default\">\n\t\t\t\t<div class=\"elementor-widget-container\">\n\t\t\t\t\t<h4 class=\"elementor-heading-title elementor-size-default\">K\u1ebft n\u1ed1i v\u1edbi ch\u00fang t\u00f4i<\/h4>\t\t\t\t<\/div>\n\t\t\t\t<\/div>\n\t\t\t\t<div class=\"elementor-element elementor-element-acb17fe elementor-button-align-center elementor-mobile-button-align-stretch elementor-widget elementor-widget-form\" data-id=\"acb17fe\" data-element_type=\"widget\" data-e-type=\"widget\" data-settings=\"{&quot;step_next_label&quot;:&quot;Ti\\u1ebfp theo&quot;,&quot;step_previous_label&quot;:&quot;Tr\\u01b0\\u1edbc&quot;,&quot;step_type&quot;:&quot;number_text&quot;,&quot;step_icon_shape&quot;:&quot;circle&quot;}\" data-widget_type=\"form.default\">\n\t\t\t\t<div class=\"elementor-widget-container\">\n\t\t\t\t\t\t\t<form class=\"elementor-form\" method=\"post\" name=\"New Form\" aria-label=\"New Form\">\n\t\t\t<input type=\"hidden\" name=\"post_id\" value=\"12742\"\/>\n\t\t\t<input type=\"hidden\" name=\"form_id\" value=\"acb17fe\"\/>\n\t\t\t<input type=\"hidden\" name=\"referer_title\" value=\"\" \/>\n\n\t\t\t\n\t\t\t<div class=\"elementor-form-fields-wrapper elementor-labels-above\">\n\t\t\t\t\t\t\t\t<div class=\"elementor-field-type-text elementor-field-group elementor-column elementor-field-group-name elementor-col-50 elementor-md-100 elementor-field-required\">\n\t\t\t\t\t\t\t\t\t\t\t\t<label for=\"form-field-name\" class=\"elementor-field-label\">\n\t\t\t\t\t\t\t\tT\u00ean\t\t\t\t\t\t\t<\/label>\n\t\t\t\t\t\t\t\t\t\t\t\t\t\t<input size=\"1\" type=\"text\" name=\"form_fields[name]\" id=\"form-field-name\" class=\"elementor-field elementor-size-md  elementor-field-textual\" placeholder=\"T\u00caN\" required=\"required\">\n\t\t\t\t\t\t\t\t\t\t\t<\/div>\n\t\t\t\t\t\t\t\t<div class=\"elementor-field-type-email elementor-field-group elementor-column elementor-field-group-email elementor-col-50 elementor-md-100 elementor-field-required\">\n\t\t\t\t\t\t\t\t\t\t\t\t<label for=\"form-field-email\" class=\"elementor-field-label\">\n\t\t\t\t\t\t\t\tE-mail c\u1ee7a b\u1ea1n\t\t\t\t\t\t\t<\/label>\n\t\t\t\t\t\t\t\t\t\t\t\t\t\t<input size=\"1\" type=\"email\" name=\"form_fields[email]\" id=\"form-field-email\" class=\"elementor-field elementor-size-md  elementor-field-textual\" placeholder=\"E-MAIL\" required=\"required\">\n\t\t\t\t\t\t\t\t\t\t\t<\/div>\n\t\t\t\t\t\t\t\t<div class=\"elementor-field-type-textarea elementor-field-group elementor-column elementor-field-group-message elementor-col-100\">\n\t\t\t\t\t\t\t\t\t\t\t\t<label for=\"form-field-message\" class=\"elementor-field-label\">\n\t\t\t\t\t\t\t\tTin nh\u1eafn\t\t\t\t\t\t\t<\/label>\n\t\t\t\t\t\t<textarea class=\"elementor-field-textual elementor-field  elementor-size-md\" name=\"form_fields[message]\" id=\"form-field-message\" rows=\"6\" placeholder=\"G\u1eecI L\u1edcI NH\u1eaeN CHO CH\u00daNG T\u00d4I\"><\/textarea>\t\t\t\t<\/div>\n\t\t\t\t\t\t\t\t<div class=\"elementor-field-group elementor-column elementor-field-type-submit elementor-col-100 e-form__buttons\">\n\t\t\t\t\t<button class=\"elementor-button elementor-size-md\" type=\"submit\">\n\t\t\t\t\t\t<span class=\"elementor-button-content-wrapper\">\n\t\t\t\t\t\t\t\t\t\t\t\t\t\t\t\t\t\t\t\t\t\t<span class=\"elementor-button-text\">G\u1eedi<\/span>\n\t\t\t\t\t\t\t\t\t\t\t\t\t<\/span>\n\t\t\t\t\t<\/button>\n\t\t\t\t<\/div>\n\t\t\t<\/div>\n\t\t<\/form>\n\t\t\t\t\t\t<\/div>\n\t\t\t\t<\/div>\n\t\t\t\t\t<\/div>\n\t\t<\/div>\n\t\t\t\t\t<\/div>\n\t\t<\/section>\n\t\t\t\t<\/div>\n\t\t","protected":false},"excerpt":{"rendered":"<p>S\u1eb5n s\u00e0ng \u0111\u1ed3ng h\u00e0nh c\u00f9ng InBold? \u1ee8ng tuy\u1ec3n ch\u1ee7 \u0111\u1ed9ng Ch\u00fang t\u00f4i l\u00e0 m\u1ed9t agency truy\u1ec1n th\u00f4ng chi\u1ebfn l\u01b0\u1ee3c v\u00e0 s\u00e1ng t\u1ea1o d\u00e0y d\u1eb7n kinh nghi\u1ec7m. Th\u00f4ng qua nghi\u00ean c\u1ee9u chi ti\u1ebft, c\u00f9ng th\u00f4ng \u0111i\u1ec7p r\u00f5 r\u00e0ng, ch\u00fang t\u00f4i vi\u1ebft n\u00ean nh\u1eefng c\u00e2u chuy\u1ec7n \u00fd ngh\u0129a, g\u00f3p ph\u1ea7n n\u00e2ng cao nh\u1eadn th\u1ee9c th\u01b0\u01a1ng hi\u1ec7u v\u00e0 [&hellip;]<\/p>\n","protected":false},"author":20,"featured_media":0,"parent":0,"menu_order":0,"comment_status":"closed","ping_status":"closed","template":"","meta":{"_coblocks_attr":"","_coblocks_dimensions":"","_coblocks_responsive_height":"","_coblocks_accordion_ie_support":"","footnotes":"","_wp_rev_ctl_limit":""},"class_list":["post-12742","page","type-page","status-publish","hentry"],"_links":{"self":[{"href":"https:\/\/inbold.com\/vi\/wp-json\/wp\/v2\/pages\/12742","targetHints":{"allow":["GET"]}}],"collection":[{"href":"https:\/\/inbold.com\/vi\/wp-json\/wp\/v2\/pages"}],"about":[{"href":"https:\/\/inbold.com\/vi\/wp-json\/wp\/v2\/types\/page"}],"author":[{"embeddable":true,"href":"https:\/\/inbold.com\/vi\/wp-json\/wp\/v2\/users\/20"}],"replies":[{"embeddable":true,"href":"https:\/\/inbold.com\/vi\/wp-json\/wp\/v2\/comments?post=12742"}],"version-history":[{"count":0,"href":"https:\/\/inbold.com\/vi\/wp-json\/wp\/v2\/pages\/12742\/revisions"}],"wp:attachment":[{"href":"https:\/\/inbold.com\/vi\/wp-json\/wp\/v2\/media?parent=12742"}],"curies":[{"name":"wp","href":"https:\/\/api.w.org\/{rel}","templated":true}]}}