{"id":12695,"date":"2024-07-06T04:07:31","date_gmt":"2024-07-06T04:07:31","guid":{"rendered":"https:\/\/inbold.com\/but-pha-su-nghiep-cung-inbold\/"},"modified":"2025-07-25T06:24:50","modified_gmt":"2025-07-25T06:24:50","slug":"but-pha-su-nghiep-cung-inbold","status":"publish","type":"page","link":"https:\/\/inbold.com\/vi\/but-pha-su-nghiep-cung-inbold\/","title":{"rendered":"B\u1ee9t ph\u00e1 s\u1ef1 nghi\u1ec7p c\u00f9ng InBold"},"content":{"rendered":"\t\t<div data-elementor-type=\"wp-page\" data-elementor-id=\"12695\" class=\"elementor elementor-12695 elementor-12386\" data-elementor-post-type=\"page\">\n\t\t\t\t<div class=\"elementor-element elementor-element-70ecac4 e-con-full e-flex e-con e-child\" data-id=\"70ecac4\" data-element_type=\"container\" data-e-type=\"container\" data-settings=\"{&quot;background_background&quot;:&quot;classic&quot;}\">\n\t\t\t\t<div class=\"elementor-element elementor-element-2e23725 elementor-widget elementor-widget-heading\" data-id=\"2e23725\" data-element_type=\"widget\" data-e-type=\"widget\" data-widget_type=\"heading.default\">\n\t\t\t\t<div class=\"elementor-widget-container\">\n\t\t\t\t\t<h1 class=\"elementor-heading-title elementor-size-default\">S\u1eb5n s\u00e0ng \u0111\u1ec3 <span class=\"color-4e82fa\">\u0111\u1ed3ng h\u00e0nh c\u00f9ng InBold<\/span><br><span>v\u1edbi vai tr\u00f2 l\u00e0 th\u1ef1c t\u1eadp sinh?<\/span><\/h1>\t\t\t\t<\/div>\n\t\t\t\t<\/div>\n\t\t\t\t<div class=\"elementor-element elementor-element-17fe87e elementor-widget elementor-widget-heading\" data-id=\"17fe87e\" data-element_type=\"widget\" data-e-type=\"widget\" data-widget_type=\"heading.default\">\n\t\t\t\t<div class=\"elementor-widget-container\">\n\t\t\t\t\t<h2 class=\"elementor-heading-title elementor-size-default\">B\u1ee8T PH\u00c1 S\u1ef0 NGHI\u1ec6P C\u00d9NG INBOLD<\/h2>\t\t\t\t<\/div>\n\t\t\t\t<\/div>\n\t\t\t\t<div class=\"elementor-element elementor-element-ec9fb34 elementor-widget__width-initial elementor-widget elementor-widget-text-editor\" data-id=\"ec9fb34\" data-element_type=\"widget\" data-e-type=\"widget\" data-widget_type=\"text-editor.default\">\n\t\t\t\t<div class=\"elementor-widget-container\">\n\t\t\t\t\t\t\t\t\t<p>Ch\u00fang t\u00f4i l\u00e0 m\u1ed9t agency truy\u1ec1n th\u00f4ng <strong>chi\u1ebfn l\u01b0\u1ee3c v\u00e0 s\u00e1ng t\u1ea1o d\u00e0y d\u1eb7n kinh nghi\u1ec7m.<\/strong> Th\u00f4ng qua nghi\u00ean c\u1ee9u chi ti\u1ebft, c\u00f9ng th\u00f4ng \u0111i\u1ec7p r\u00f5 r\u00e0ng, ch\u00fang t\u00f4i vi\u1ebft n\u00ean nh\u1eefng c\u00e2u chuy\u1ec7n \u00fd ngh\u0129a, g\u00f3p ph\u1ea7n n\u00e2ng cao nh\u1eadn th\u1ee9c th\u01b0\u01a1ng hi\u1ec7u v\u00e0 doanh thu b\u00e1n h\u00e0ng. InBold chinh ph\u1ee5c m\u1ecdi th\u1eed th\u00e1ch, t\u1eeb s\u00e1ng t\u1ea1o n\u1ed9i dung, qu\u1ea3ng c\u00e1o, cho \u0111\u1ebfn thi\u1ebft k\u1ebf, s\u1ea3n xu\u1ea5t, x\u00e2y d\u1ef1ng th\u01b0\u01a1ng hi\u1ec7u v\u00e0 PR. Ch\u00fang t\u00f4i t\u00ecm ki\u1ebfm nh\u1eefng sinh vi\u00ean ti\u1ec1m n\u0103ng, s\u1eb5n s\u00e0ng \u0111\u1ec3 t\u00edch lu\u1ef9 nh\u1eefng ki\u1ebfn th\u1ee9c v\u00e0 khinh nghi\u1ec7m qu\u00fd b\u00e1u trong l\u0129nh v\u1ef1c s\u00e1ng t\u1ea1o.    <strong>Th\u1eed s\u1ee9c v\u1edbi chu\u01a1ng tr\u00ecnh th\u1ef1c t\u1eadp \u2018B\u1ee9t ph\u00e1 s\u1ef1 nghi\u1ec7p\u2019.<\/strong><\/p>\t\t\t\t\t\t\t\t<\/div>\n\t\t\t\t<\/div>\n\t\t\t\t<\/div>\n\t\t\t\t<section class=\"elementor-section elementor-top-section elementor-element elementor-element-215d46a elementor-section-full_width elementor-section-content-middle elementor-section-height-default elementor-section-height-default\" data-id=\"215d46a\" data-element_type=\"section\" data-e-type=\"section\" data-settings=\"{&quot;background_background&quot;:&quot;classic&quot;,&quot;mdp_selection_sticky_effect_enable&quot;:false}\">\n\t\t\t\t\t\t<div class=\"elementor-container elementor-column-gap-no\">\n\t\t\t\t\t<div class=\"elementor-column elementor-col-100 elementor-top-column elementor-element elementor-element-46687af\" data-id=\"46687af\" data-element_type=\"column\" data-e-type=\"column\" data-settings=\"{&quot;mdp_selection_sticky_column_effect_enable&quot;:false}\">\n\t\t\t<div class=\"elementor-widget-wrap elementor-element-populated\">\n\t\t\t\t\t\t<div class=\"elementor-element elementor-element-f18cfe0 elementor-widget elementor-widget-image\" data-id=\"f18cfe0\" data-element_type=\"widget\" data-e-type=\"widget\" data-widget_type=\"image.default\">\n\t\t\t\t<div class=\"elementor-widget-container\">\n\t\t\t\t\t\t\t\t\t\t\t\t\t\t\t<img fetchpriority=\"high\" decoding=\"async\" width=\"1920\" height=\"1080\" src=\"https:\/\/inbold.com\/wp-content\/uploads\/2025\/03\/General-Intern_16x9-1.png\" class=\"attachment-full size-full wp-image-17892\" alt=\"\" srcset=\"https:\/\/inbold.com\/wp-content\/uploads\/2025\/03\/General-Intern_16x9-1.png 1920w, https:\/\/inbold.com\/wp-content\/uploads\/2025\/03\/General-Intern_16x9-1-300x169.png 300w, https:\/\/inbold.com\/wp-content\/uploads\/2025\/03\/General-Intern_16x9-1-1024x576.png 1024w, https:\/\/inbold.com\/wp-content\/uploads\/2025\/03\/General-Intern_16x9-1-768x432.png 768w, https:\/\/inbold.com\/wp-content\/uploads\/2025\/03\/General-Intern_16x9-1-1536x864.png 1536w\" sizes=\"(max-width: 1920px) 100vw, 1920px\" \/>\t\t\t\t\t\t\t\t\t\t\t\t\t\t\t<\/div>\n\t\t\t\t<\/div>\n\t\t\t\t\t<\/div>\n\t\t<\/div>\n\t\t\t\t\t<\/div>\n\t\t<\/section>\n\t\t<div class=\"elementor-element elementor-element-0591d36 e-con-full e-flex e-con e-child\" data-id=\"0591d36\" data-element_type=\"container\" data-e-type=\"container\" data-settings=\"{&quot;background_background&quot;:&quot;classic&quot;}\">\n\t\t\t\t<div class=\"elementor-element elementor-element-a8c5711 inline-bottom elementor-widget elementor-widget-heading\" data-id=\"a8c5711\" data-element_type=\"widget\" data-e-type=\"widget\" data-widget_type=\"heading.default\">\n\t\t\t\t<div class=\"elementor-widget-container\">\n\t\t\t\t\t<h2 class=\"elementor-heading-title elementor-size-default\">CH\u01af\u01a0NG TR\u00ccNH TH\u1ef0C T\u1eacP MANG \u0110\u1ebeN GI\u00c1 TR\u1eca CHO B\u1ea0N V\u00c0 C\u1ea2 CH\u00daNG T\u00d4I.<\/h2>\t\t\t\t<\/div>\n\t\t\t\t<\/div>\n\t\t\t\t<div class=\"elementor-element elementor-element-4528999 elementor-widget__width-initial elementor-widget elementor-widget-text-editor\" data-id=\"4528999\" data-element_type=\"widget\" data-e-type=\"widget\" data-widget_type=\"text-editor.default\">\n\t\t\t\t<div class=\"elementor-widget-container\">\n\t\t\t\t\t\t\t\t\t<p>Chu\u01a1ng tr\u00ecnh th\u1ef1c t\u1eadp nh\u1eb1m t\u1ea1o ra nh\u1eefng gi\u00e1 tr\u1ecb h\u1eefu \u00edch cho h\u00e0nh tr\u00ecnh s\u1ef1 nghi\u1ec7p c\u1ee7a b\u1ea1n v\u00e0 s\u1ef1 ph\u00e1t tri\u1ec3n c\u1ee7a InBold. B\u1ea1n s\u1ebd c\u00f3 <strong>c\u01a1 h\u1ed9i \u0111\u01b0\u1ee3c h\u1ecdc h\u1ecfi, t\u00edch lu\u1ef9 kinh nghi\u1ec7m t\u1eeb c\u00e1c chuy\u00ean gia, \u0111\u1ed3ng th\u1eddi \u0111\u00f3ng g\u00f3p c\u00f4ng s\u1ee9c v\u00e0 gi\u00e1 tr\u1ecb c\u1ee7a b\u1ea3n th\u00e2n.<\/strong> T\u1ea1i InBold, b\u1ea1n ch\u1ec9 c\u1ea7n u\u1ed1ng c\u00e0 ph\u00ea khi b\u1ea1n th\u00edch, kh\u00f4ng ph\u1ea3i \u0111\u1ec3 c\u1ed1 t\u1ec9nh t\u00e1o khi ki\u1ec7t s\u1ee9c v\u00ec l\u00e0m vi\u1ec7c.  <\/p>\n<p>Tham gia ch\u01b0\u01a1ng tr\u00ecnh B\u1ee9t ph\u00e1 s\u1ef1 nghi\u1ec7p, <strong>v\u00f4 v\u00e0n th\u1eed th\u00e1ch th\u00fa v\u1ecb v\u00e0 m\u1edbi l\u1ea1<\/strong> \u0111ang ch\u1edd \u0111\u1ee3i b\u1ea1n kh\u00e1m ph\u00e1. B\u1ea1n s\u1ebd \u0111\u01b0\u1ee3c tham gia m\u1ecdi kh\u00eda c\u1ea1nh c\u1ee7a c\u00f4ng vi\u1ec7c, cho d\u00f9 \u0111\u00f3 l\u00e0 nh\u1eefng ph\u1ea1m tr\u00f9 m\u1edbi m\u1ebb. <\/p>\t\t\t\t\t\t\t\t<\/div>\n\t\t\t\t<\/div>\n\t\t\t\t<\/div>\n\t\t<div class=\"elementor-element elementor-element-8043acb e-con-full e-flex e-con e-child\" data-id=\"8043acb\" data-element_type=\"container\" data-e-type=\"container\" data-settings=\"{&quot;background_background&quot;:&quot;classic&quot;}\">\n\t\t\t\t<div class=\"elementor-element elementor-element-a7c4eab inline-bottom elementor-widget elementor-widget-heading\" data-id=\"a7c4eab\" data-element_type=\"widget\" data-e-type=\"widget\" data-widget_type=\"heading.default\">\n\t\t\t\t<div class=\"elementor-widget-container\">\n\t\t\t\t\t<h2 class=\"elementor-heading-title elementor-size-default\">INBOLD TRONG M\u1eaeT B\u1ea0N<\/h2>\t\t\t\t<\/div>\n\t\t\t\t<\/div>\n\t\t\t\t<div class=\"elementor-element elementor-element-dc3b43f elementor-widget__width-initial elementor-widget elementor-widget-text-editor\" data-id=\"dc3b43f\" data-element_type=\"widget\" data-e-type=\"widget\" data-widget_type=\"text-editor.default\">\n\t\t\t\t<div class=\"elementor-widget-container\">\n\t\t\t\t\t\t\t\t\t<p>B\u1ea1n s\u1ebd lu\u00f4n \u0111\u01b0\u1ee3c ch\u1ec9 d\u1eabn s\u00e1t sao trong su\u1ed1t qu\u00e1 tr\u00ecnh l\u00e0m vi\u1ec7c. InBold lu\u00f4n \u0111\u1ec1 cao <strong>s\u1ee9c kho\u1ebb tinh th\u1ea7n v\u00e0 s\u1ef1 h\u00e0i l\u00f2ng c\u1ee7a b\u1ea1n<\/strong>. L\u00e0 m\u1ed9t intern, b\u1ea1n s\u1ebd lu\u00f4n c\u00f3 m\u1ed9t ng\u01b0\u1eddi h\u01b0\u1edbng d\u1eabn \u0111\u00e1ng tin c\u1eady c\u00f3 th\u1ec3 gi\u1ea3i \u0111\u00e1p m\u1ecdi kh\u00fac m\u1eafc v\u1ec1 c\u00f4ng vi\u1ec7c Ngo\u00e0i ra, InBold lu\u00f4n \u0111\u1ea3m b\u1ea3o m\u1ed9t m\u00f4i tr\u01b0\u1eddng l\u00e0m vi\u1ec7c l\u00e0nh m\u1ea1nh v\u00e0 vui v\u1ebb.   <\/p><p>InBold c\u00f2n mang \u0111\u1ebfn <strong>s\u1ef1 n\u0103ng \u0111\u1ed9ng v\u00e0 tho\u1ea3i m\u00e1i<\/strong> v\u1edbi c\u00e1c ho\u1ea1t \u0111\u1ed9ng k\u1ebft n\u1ed1i, Food days v\u00e0 h\u01a1n th\u1ebf n\u1eefa Qu\u00e1 tr\u00ecnh th\u1ef1c t\u1eadp t\u1ea1i InBold k\u00e9o d\u00e0i t\u1eeb 3-6 th\u00e1ng, theo h\u00ecnh th\u1ee9c c\u00f3 l\u01b0\u01a1ng ho\u1eb7c kh\u00f4ng l\u01b0\u01a1ng  <span style=\"font-weight: 400;\">(tu\u1ef3 kh\u1ea3 n\u0103ng). Khi ho\u00e0n th\u00e0nh t\u1ed1t k\u1ef3 th\u1ef1c t\u1eadp, b\u1ea1n s\u1ebd c\u00f3 nhi\u1ec1u c\u01a1 h\u1ed9i ngh\u1ec1 nghi\u1ec7p h\u1ea5p d\u1eabn.  <\/span><\/p>\t\t\t\t\t\t\t\t<\/div>\n\t\t\t\t<\/div>\n\t\t\t\t<\/div>\n\t\t<div class=\"elementor-element elementor-element-38d878c e-con-full e-flex e-con e-child\" data-id=\"38d878c\" data-element_type=\"container\" data-e-type=\"container\" data-settings=\"{&quot;background_background&quot;:&quot;classic&quot;}\">\n\t\t\t\t<div class=\"elementor-element elementor-element-20c6c53 inline-bottom elementor-widget elementor-widget-heading\" data-id=\"20c6c53\" data-element_type=\"widget\" data-e-type=\"widget\" data-widget_type=\"heading.default\">\n\t\t\t\t<div class=\"elementor-widget-container\">\n\t\t\t\t\t<h2 class=\"elementor-heading-title elementor-size-default\">B\u1ea0N L\u00c0 AI?<\/h2>\t\t\t\t<\/div>\n\t\t\t\t<\/div>\n\t\t\t\t<div class=\"elementor-element elementor-element-2f74a26 elementor-widget__width-initial elementor-widget elementor-widget-text-editor\" data-id=\"2f74a26\" data-element_type=\"widget\" data-e-type=\"widget\" data-widget_type=\"text-editor.default\">\n\t\t\t\t<div class=\"elementor-widget-container\">\n\t\t\t\t\t\t\t\t\t<p>B\u1ea1n \u0111am m\u00ea k\u1ef9 thu\u1eadt s\u1ed1 v\u00e0 mong mu\u1ed1n ph\u00e1t tri\u1ec3n s\u1ef1 nghi\u1ec7p trong m\u1ea3ng truy\u1ec1n th\u00f4ng, x\u00e2y d\u1ef1ng th\u01b0\u01a1ng hi\u1ec7u v\u00e0 marketing. Kh\u00f4ng nh\u1ea5t thi\u1ebft ph\u1ea3i l\u00e0 m\u1ed9t \u1ee9ng vi\u00ean bi\u1ebft tu\u1ed1t, ch\u00fang t\u00f4i t\u00ecm ki\u1ebfm \u1ee9ng vi\u00ean <strong>c\u00f3 tinh th\u1ea7n c\u1ea7u ti\u1ebfn, s\u1eb5n s\u00e0ng h\u1ecdc h\u1ecfi v\u00e0 ti\u1ebfn b\u1ed9.<\/strong> <\/p>\n<p>B\u1ea1n s\u1eb5n s\u00e0ng tr\u1edf th\u00e0nh m\u1ed9t ph\u1ea7n t\u1ea1i InBold Th\u00e0nh ph\u1ed1 H\u1ed3 Ch\u00ed Minh. B\u1ea1n tr\u00e0n \u0111\u1ea7y ho\u00e0i b\u00e3o v\u00e0 lu\u00f4n mong mu\u1ed1n mang \u0111\u1ebfn nh\u1eefng gi\u00e1 tr\u1ecb kh\u00e1c bi\u1ec7t. B\u1ea1n n\u0103ng n\u1ed5 v\u00e0 kh\u00f4ng ng\u1ea7n ng\u1ea1\u1ecb nh\u1eefng th\u1eed th\u00e1ch m\u1edbi.  <\/p>\n<p>B\u1ea1n c\u00f3 tinh th\u1ea7n s\u00e1ng t\u1ea1o v\u00e0 tr\u00e1ch nhi\u1ec7m cao, b\u1ea1n d\u00e1m <strong>ch\u00e1y v\u1edbi nh\u1eefng \u00fd t\u01b0\u1edfng t\u00e1o b\u1ea1o<\/strong>. B\u1ea1n c\u00f3 th\u1ec3 t\u1ef1 ch\u1ee7 ho\u00e0n th\u00e0nh c\u00f4ng vi\u1ec7c (v\u1edbi s\u1ef1 h\u1ed7 tr\u1ee3 c\u1ee7a ng\u01b0\u1eddi hu\u1edbng d\u1eabn n\u1ebfu c\u1ea7n). B\u1ea1n \u0111\u00e3 s\u1eb5n s\u00e0ng \u0111\u1ec3 <strong>b\u1ee9t ph\u00e1 s\u1ef1 nghi\u1ec7p hay ch\u01b0a?<\/strong>  <\/p>\n<p>N\u1ebfu c\u1ea7n th\u00eam th\u00f4ng tin ho\u0103c \u1ee9ng tuy\u1ec3n, b\u1ea1n c\u00f3 th\u1ec3 li\u00ean h\u1ec7 th\u00f4ng qua<\/p>\t\t\t\t\t\t\t\t<\/div>\n\t\t\t\t<\/div>\n\t\t<div class=\"elementor-element elementor-element-7df45cf section-btn e-flex e-con-boxed e-con e-child\" data-id=\"7df45cf\" data-element_type=\"container\" data-e-type=\"container\">\n\t\t\t\t\t<div class=\"e-con-inner\">\n\t\t<div class=\"elementor-element elementor-element-7f6538b e-con-full e-flex e-con e-child\" data-id=\"7f6538b\" data-element_type=\"container\" data-e-type=\"container\">\n\t\t\t\t<div class=\"elementor-element elementor-element-280fc71 elementor-align-center elementor-widget__width-initial elementor-widget elementor-widget-button\" data-id=\"280fc71\" data-element_type=\"widget\" data-e-type=\"widget\" data-widget_type=\"button.default\">\n\t\t\t\t<div class=\"elementor-widget-container\">\n\t\t\t\t\t\t\t\t\t<div class=\"elementor-button-wrapper\">\n\t\t\t\t\t<a class=\"elementor-button elementor-button-link elementor-size-sm\" href=\"#elementor-action%3Aaction%3Dpopup%3Aopen%26settings%3DeyJpZCI6MTI3MzMsInRvZ2dsZSI6ZmFsc2V9\">\n\t\t\t\t\t\t<span class=\"elementor-button-content-wrapper\">\n\t\t\t\t\t\t\t\t\t<span class=\"elementor-button-text\">\u1ee8NG TUY\u1ec2N T\u1ea0I COPENHAGEN<\/span>\n\t\t\t\t\t<\/span>\n\t\t\t\t\t<\/a>\n\t\t\t\t<\/div>\n\t\t\t\t\t\t\t\t<\/div>\n\t\t\t\t<\/div>\n\t\t\t\t<\/div>\n\t\t<div class=\"elementor-element elementor-element-75e2d29 e-con-full e-flex e-con e-child\" data-id=\"75e2d29\" data-element_type=\"container\" data-e-type=\"container\">\n\t\t\t\t<div class=\"elementor-element elementor-element-d149ce8 elementor-align-center elementor-widget__width-initial elementor-widget elementor-widget-button\" data-id=\"d149ce8\" data-element_type=\"widget\" data-e-type=\"widget\" data-widget_type=\"button.default\">\n\t\t\t\t<div class=\"elementor-widget-container\">\n\t\t\t\t\t\t\t\t\t<div class=\"elementor-button-wrapper\">\n\t\t\t\t\t<a class=\"elementor-button elementor-button-link elementor-size-sm\" href=\"https:\/\/inbold.talent.vn\/home\" target=\"_blank\" rel=\"noopener\">\n\t\t\t\t\t\t<span class=\"elementor-button-content-wrapper\">\n\t\t\t\t\t\t\t\t\t<span class=\"elementor-button-text\">\u1ee8NG TUY\u1ec2N T\u1ea0I TH\u00c0NH PH\u1ed0 H\u1ed2 CH\u00cd MINH<\/span>\n\t\t\t\t\t<\/span>\n\t\t\t\t\t<\/a>\n\t\t\t\t<\/div>\n\t\t\t\t\t\t\t\t<\/div>\n\t\t\t\t<\/div>\n\t\t\t\t<\/div>\n\t\t<div class=\"elementor-element elementor-element-60df97d e-con-full e-flex e-con e-child\" data-id=\"60df97d\" data-element_type=\"container\" data-e-type=\"container\">\n\t\t\t\t<div class=\"elementor-element elementor-element-9b22400 elementor-align-center elementor-widget__width-initial elementor-widget elementor-widget-button\" data-id=\"9b22400\" data-element_type=\"widget\" data-e-type=\"widget\" data-widget_type=\"button.default\">\n\t\t\t\t<div class=\"elementor-widget-container\">\n\t\t\t\t\t\t\t\t\t<div class=\"elementor-button-wrapper\">\n\t\t\t\t\t<a class=\"elementor-button elementor-button-link elementor-size-sm\" href=\"#elementor-action%3Aaction%3Dpopup%3Aopen%26settings%3DeyJpZCI6MTI3MzYsInRvZ2dsZSI6ZmFsc2V9\">\n\t\t\t\t\t\t<span class=\"elementor-button-content-wrapper\">\n\t\t\t\t\t\t\t\t\t<span class=\"elementor-button-text\">\u1ee8NG TUY\u1ec2N T\u1ea0I STOCKHOLM<\/span>\n\t\t\t\t\t<\/span>\n\t\t\t\t\t<\/a>\n\t\t\t\t<\/div>\n\t\t\t\t\t\t\t\t<\/div>\n\t\t\t\t<\/div>\n\t\t\t\t<\/div>\n\t\t\t\t\t<\/div>\n\t\t\t\t<\/div>\n\t\t\t\t<\/div>\n\t\t\t\t<section class=\"elementor-section elementor-top-section elementor-element elementor-element-2a3f88a elementor-section-full_width elementor-section-content-middle video-booster elementor-section-height-default elementor-section-height-default\" data-id=\"2a3f88a\" data-element_type=\"section\" data-e-type=\"section\" data-settings=\"{&quot;background_background&quot;:&quot;classic&quot;,&quot;mdp_selection_sticky_effect_enable&quot;:false}\">\n\t\t\t\t\t\t<div class=\"elementor-container elementor-column-gap-no\">\n\t\t\t\t\t<div class=\"elementor-column elementor-col-100 elementor-top-column elementor-element elementor-element-bb57222\" data-id=\"bb57222\" data-element_type=\"column\" data-e-type=\"column\" data-settings=\"{&quot;mdp_selection_sticky_column_effect_enable&quot;:false}\">\n\t\t\t<div class=\"elementor-widget-wrap elementor-element-populated\">\n\t\t\t\t\t\t<div class=\"elementor-element elementor-element-0e36e78 elementor-widget__width-inherit elementor-widget elementor-widget-video\" data-id=\"0e36e78\" data-element_type=\"widget\" data-e-type=\"widget\" data-settings=\"{&quot;video_type&quot;:&quot;hosted&quot;,&quot;autoplay&quot;:&quot;yes&quot;,&quot;mute&quot;:&quot;yes&quot;,&quot;loop&quot;:&quot;yes&quot;,&quot;play_on_mobile&quot;:&quot;yes&quot;}\" data-widget_type=\"video.default\">\n\t\t\t\t<div class=\"elementor-widget-container\">\n\t\t\t\t\t\t\t<div class=\"e-hosted-video elementor-wrapper elementor-open-inline\">\n\t\t\t\t\t<video class=\"elementor-video\" src=\"https:\/\/inbold.com\/wp-content\/uploads\/2024\/04\/compfilm_logov2.mp4\" autoplay=\"\" loop=\"\" muted=\"muted\" playsinline=\"\" controlsList=\"nodownload\"><\/video>\n\t\t\t\t<\/div>\n\t\t\t\t\t\t<\/div>\n\t\t\t\t<\/div>\n\t\t\t\t\t<\/div>\n\t\t<\/div>\n\t\t\t\t\t<\/div>\n\t\t<\/section>\n\t\t\t\t<section class=\"elementor-section elementor-top-section elementor-element elementor-element-1b32bae section-form elementor-hidden-desktop elementor-hidden-laptop elementor-hidden-tablet elementor-hidden-mobile elementor-section-boxed elementor-section-height-default elementor-section-height-default\" data-id=\"1b32bae\" data-element_type=\"section\" data-e-type=\"section\" data-settings=\"{&quot;background_background&quot;:&quot;classic&quot;,&quot;mdp_selection_sticky_effect_enable&quot;:false}\">\n\t\t\t\t\t\t<div class=\"elementor-container elementor-column-gap-default\">\n\t\t\t\t\t<div class=\"elementor-column elementor-col-100 elementor-top-column elementor-element elementor-element-1096c81\" data-id=\"1096c81\" data-element_type=\"column\" data-e-type=\"column\" data-settings=\"{&quot;mdp_selection_sticky_column_effect_enable&quot;:false}\">\n\t\t\t<div class=\"elementor-widget-wrap elementor-element-populated\">\n\t\t\t\t\t\t<div class=\"elementor-element elementor-element-4ac4368 animated-slow elementor-invisible elementor-widget elementor-widget-heading\" data-id=\"4ac4368\" data-element_type=\"widget\" data-e-type=\"widget\" data-settings=\"{&quot;_animation&quot;:&quot;fadeIn&quot;,&quot;_animation_delay&quot;:200}\" data-widget_type=\"heading.default\">\n\t\t\t\t<div class=\"elementor-widget-container\">\n\t\t\t\t\t<h4 class=\"elementor-heading-title elementor-size-default\">K\u1ebft n\u1ed1i v\u1edbi ch\u00fang t\u00f4i<\/h4>\t\t\t\t<\/div>\n\t\t\t\t<\/div>\n\t\t\t\t<div class=\"elementor-element elementor-element-acb17fe elementor-button-align-center elementor-mobile-button-align-stretch elementor-widget elementor-widget-form\" data-id=\"acb17fe\" data-element_type=\"widget\" data-e-type=\"widget\" data-settings=\"{&quot;step_next_label&quot;:&quot;Ti\\u1ebfp theo&quot;,&quot;step_previous_label&quot;:&quot;Tr\\u01b0\\u1edbc&quot;,&quot;step_type&quot;:&quot;number_text&quot;,&quot;step_icon_shape&quot;:&quot;circle&quot;}\" data-widget_type=\"form.default\">\n\t\t\t\t<div class=\"elementor-widget-container\">\n\t\t\t\t\t\t\t<form class=\"elementor-form\" method=\"post\" name=\"New Form\" aria-label=\"New Form\">\n\t\t\t<input type=\"hidden\" name=\"post_id\" value=\"12695\"\/>\n\t\t\t<input type=\"hidden\" name=\"form_id\" value=\"acb17fe\"\/>\n\t\t\t<input type=\"hidden\" name=\"referer_title\" value=\"\" \/>\n\n\t\t\t\n\t\t\t<div class=\"elementor-form-fields-wrapper elementor-labels-above\">\n\t\t\t\t\t\t\t\t<div class=\"elementor-field-type-text elementor-field-group elementor-column elementor-field-group-name elementor-col-50 elementor-md-100 elementor-field-required\">\n\t\t\t\t\t\t\t\t\t\t\t\t<label for=\"form-field-name\" class=\"elementor-field-label\">\n\t\t\t\t\t\t\t\tT\u00ean\t\t\t\t\t\t\t<\/label>\n\t\t\t\t\t\t\t\t\t\t\t\t\t\t<input size=\"1\" type=\"text\" name=\"form_fields[name]\" id=\"form-field-name\" class=\"elementor-field elementor-size-md  elementor-field-textual\" placeholder=\"T\u00caN\" required=\"required\">\n\t\t\t\t\t\t\t\t\t\t\t<\/div>\n\t\t\t\t\t\t\t\t<div class=\"elementor-field-type-email elementor-field-group elementor-column elementor-field-group-email elementor-col-50 elementor-md-100 elementor-field-required\">\n\t\t\t\t\t\t\t\t\t\t\t\t<label for=\"form-field-email\" class=\"elementor-field-label\">\n\t\t\t\t\t\t\t\tE-mail c\u1ee7a b\u1ea1n\t\t\t\t\t\t\t<\/label>\n\t\t\t\t\t\t\t\t\t\t\t\t\t\t<input size=\"1\" type=\"email\" name=\"form_fields[email]\" id=\"form-field-email\" class=\"elementor-field elementor-size-md  elementor-field-textual\" placeholder=\"E-MAIL\" required=\"required\">\n\t\t\t\t\t\t\t\t\t\t\t<\/div>\n\t\t\t\t\t\t\t\t<div class=\"elementor-field-type-textarea elementor-field-group elementor-column elementor-field-group-message elementor-col-100\">\n\t\t\t\t\t\t\t\t\t\t\t\t<label for=\"form-field-message\" class=\"elementor-field-label\">\n\t\t\t\t\t\t\t\tTin nh\u1eafn\t\t\t\t\t\t\t<\/label>\n\t\t\t\t\t\t<textarea class=\"elementor-field-textual elementor-field  elementor-size-md\" name=\"form_fields[message]\" id=\"form-field-message\" rows=\"6\" placeholder=\"G\u1eecI L\u1edcI NH\u1eaeN CHO CH\u00daNG T\u00d4I\"><\/textarea>\t\t\t\t<\/div>\n\t\t\t\t\t\t\t\t<div class=\"elementor-field-group elementor-column elementor-field-type-submit elementor-col-100 e-form__buttons\">\n\t\t\t\t\t<button class=\"elementor-button elementor-size-md\" type=\"submit\">\n\t\t\t\t\t\t<span class=\"elementor-button-content-wrapper\">\n\t\t\t\t\t\t\t\t\t\t\t\t\t\t\t\t\t\t\t\t\t\t<span class=\"elementor-button-text\">G\u1eedi<\/span>\n\t\t\t\t\t\t\t\t\t\t\t\t\t<\/span>\n\t\t\t\t\t<\/button>\n\t\t\t\t<\/div>\n\t\t\t<\/div>\n\t\t<\/form>\n\t\t\t\t\t\t<\/div>\n\t\t\t\t<\/div>\n\t\t\t\t\t<\/div>\n\t\t<\/div>\n\t\t\t\t\t<\/div>\n\t\t<\/section>\n\t\t\t\t<\/div>\n\t\t","protected":false},"excerpt":{"rendered":"<p>S\u1eb5n s\u00e0ng \u0111\u1ec3 \u0111\u1ed3ng h\u00e0nh c\u00f9ng InBoldv\u1edbi vai tr\u00f2 l\u00e0 th\u1ef1c t\u1eadp sinh? B\u1ee8T PH\u00c1 S\u1ef0 NGHI\u1ec6P C\u00d9NG INBOLD Ch\u00fang t\u00f4i l\u00e0 m\u1ed9t agency truy\u1ec1n th\u00f4ng chi\u1ebfn l\u01b0\u1ee3c v\u00e0 s\u00e1ng t\u1ea1o d\u00e0y d\u1eb7n kinh nghi\u1ec7m. Th\u00f4ng qua nghi\u00ean c\u1ee9u chi ti\u1ebft, c\u00f9ng th\u00f4ng \u0111i\u1ec7p r\u00f5 r\u00e0ng, ch\u00fang t\u00f4i vi\u1ebft n\u00ean nh\u1eefng c\u00e2u chuy\u1ec7n \u00fd ngh\u0129a, [&hellip;]<\/p>\n","protected":false},"author":20,"featured_media":0,"parent":0,"menu_order":0,"comment_status":"closed","ping_status":"closed","template":"elementor_header_footer","meta":{"_coblocks_attr":"","_coblocks_dimensions":"","_coblocks_responsive_height":"","_coblocks_accordion_ie_support":"","footnotes":"","_wp_rev_ctl_limit":""},"class_list":["post-12695","page","type-page","status-publish","hentry"],"_links":{"self":[{"href":"https:\/\/inbold.com\/vi\/wp-json\/wp\/v2\/pages\/12695","targetHints":{"allow":["GET"]}}],"collection":[{"href":"https:\/\/inbold.com\/vi\/wp-json\/wp\/v2\/pages"}],"about":[{"href":"https:\/\/inbold.com\/vi\/wp-json\/wp\/v2\/types\/page"}],"author":[{"embeddable":true,"href":"https:\/\/inbold.com\/vi\/wp-json\/wp\/v2\/users\/20"}],"replies":[{"embeddable":true,"href":"https:\/\/inbold.com\/vi\/wp-json\/wp\/v2\/comments?post=12695"}],"version-history":[{"count":0,"href":"https:\/\/inbold.com\/vi\/wp-json\/wp\/v2\/pages\/12695\/revisions"}],"wp:attachment":[{"href":"https:\/\/inbold.com\/vi\/wp-json\/wp\/v2\/media?parent=12695"}],"curies":[{"name":"wp","href":"https:\/\/api.w.org\/{rel}","templated":true}]}}