{"id":12130,"date":"2024-04-09T11:22:00","date_gmt":"2024-04-09T11:22:00","guid":{"rendered":"https:\/\/inbold.com\/chinh-sach-bao-mat\/"},"modified":"2024-06-11T09:14:57","modified_gmt":"2024-06-11T09:14:57","slug":"chinh-sach-bao-mat","status":"publish","type":"page","link":"https:\/\/inbold.com\/vi\/chinh-sach-bao-mat\/","title":{"rendered":"Ch\u00ednh s\u00e1ch b\u1ea3o m\u1eadt"},"content":{"rendered":"\t\t<div data-elementor-type=\"wp-page\" data-elementor-id=\"12130\" class=\"elementor elementor-12130 elementor-3\" data-elementor-post-type=\"page\">\n\t\t\t\t<div class=\"elementor-element elementor-element-68f94e4c e-flex e-con-boxed e-con e-parent\" data-id=\"68f94e4c\" data-element_type=\"container\" data-e-type=\"container\">\n\t\t\t\t\t<div class=\"e-con-inner\">\n\t\t\t\t<div class=\"elementor-element elementor-element-346f2129 elementor-widget elementor-widget-text-editor\" data-id=\"346f2129\" data-element_type=\"widget\" data-e-type=\"widget\" data-widget_type=\"text-editor.default\">\n\t\t\t\t<div class=\"elementor-widget-container\">\n\t\t\t\t\t\t\t\t\t\n<p><strong>CH\u00cdNH S\u00c1CH B\u1ea2O M\u1eacT<\/strong><\/p>\n<p>Ch\u00ednh s\u00e1ch b\u1ea3o m\u1eadt c\u1ee7a InBold<br>InBold cam k\u1ebft b\u1ea3o v\u1ec7 quy\u1ec1n ri\u00eang t\u01b0 c\u1ee7a b\u1ea1n. Ch\u00ednh s\u00e1ch b\u1ea3o m\u1eadt n\u00e0y gi\u1ea3i th\u00edch c\u00e1ch InBold thu th\u1eadp v\u00e0 s\u1eed d\u1ee5ng th\u00f4ng tin ng\u01b0\u1eddi d\u00f9ng, li\u00ean quan \u0111\u1ebfn vi\u1ec7c truy c\u1eadp Trang web InBold. Ch\u00ednh s\u00e1ch n\u00e0y kh\u00f4ng \u00e1p d\u1ee5ng cho c\u00e1c s\u1ea3n ph\u1ea9m ho\u1eb7c d\u1ecbch v\u1ee5 ngo\u1ea1i tuy\u1ebfn c\u1ee7a ch\u00fang t\u00f4i. Truy c\u1eadp v\u00e0o Trang web \u0111\u1ed3ng ngh\u0129a v\u1edbi vi\u1ec7c b\u1ea1n \u0111\u1ed3ng \u00fd v\u1edbi c\u00e1c ph\u01b0\u01a1ng th\u1ee9c thu th\u1eadp v\u00e0 s\u1eed d\u1ee5ng th\u00f4ng tin \u0111\u01b0\u1ee3c m\u00f4 t\u1ea3 trong Ch\u00ednh s\u00e1ch b\u1ea3o m\u1eadt n\u00e0y.<br><br>Cookies l\u00e0 g\u00ec v\u00e0 c\u00e1ch s\u1eed d\u1ee5ng cookies?<br>Cookie \u0111\u01b0\u1ee3c s\u1eed d\u1ee5ng tr\u00ean Trang web n\u00e0y \u0111\u1ec3 \u0111\u1ea3m b\u1ea3o t\u00ednh to\u00e0n v\u1eb9n c\u1ee7a qu\u00e1 tr\u00ecnh \u0111\u0103ng k\u00fd v\u00e0 c\u00e1 nh\u00e2n h\u00f3a Trang web. Cookie l\u00e0 m\u1ed9t t\u1ec7p v\u0103n b\u1ea3n nh\u1ecf c\u00f3 tr\u00ean \u1ed5 c\u1ee9ng c\u1ee7a b\u1ea1n, cho ph\u00e9p trang web l\u01b0u l\u1ea1i th\u00f4ng tin cho c\u00e1c l\u1ea7n truy c\u1eadp ti\u1ebfp theo, gi\u00fap b\u1ea1n ti\u1ebft ki\u1ec7m th\u1eddi gian v\u00e0 c\u00f4ng s\u1ee9c. Tuy cookie c\u00f3 th\u1ec3 ghi nh\u1edb th\u00f4ng tin c\u1ee7a b\u1ea1n, nh\u01b0ng ch\u00fang kh\u00f4ng c\u00f3 kh\u1ea3 n\u0103ng ch\u1ea1y ch\u01b0\u01a1ng tr\u00ecnh ho\u1eb7c ph\u00e1t t\u00e1n virus v\u00e0o m\u00e1y t\u00ednh. Trang web n\u00e0y s\u1eed d\u1ee5ng cookie \u0111\u1ec3 cung c\u1ea5p n\u1ed9i dung ph\u00f9 h\u1ee3p, d\u1ec5 d\u00e0ng \u0111i\u1ec1u h\u01b0\u1edbng ho\u1eb7c thu th\u1eadp th\u00f4ng tin \u0111\u1ec3 s\u1eed d\u1ee5ng cho m\u1ee5c \u0111\u00edch th\u1ed1ng k\u00ea, ch\u1eb3ng h\u1ea1n nh\u01b0 s\u1ed1 l\u01b0\u1ee3ng kh\u00e1ch truy c\u1eadp trang web. B\u1ea1n c\u00f3 th\u1ec3 ch\u1ea5p nh\u1eadn, t\u1eeb ch\u1ed1i, ho\u1eb7c x\u00f3a cookie kh\u1ecfi h\u1ec7 \u0111i\u1ec1u h\u00e0nh b\u1ea5t c\u1ee9 l\u00fac n\u00e0o. Tuy nhi\u00ean, vi\u1ec7c t\u1eeb ch\u1ed1i ho\u1eb7c x\u00f3a cookie c\u00f3 th\u1ec3 khi\u1ebfn b\u1ea1n kh\u00f4ng tr\u1ea3i nghi\u1ec7m \u0111\u1ea7y \u0111\u1ee7 t\u1ea5t c\u1ea3 c\u00e1c t\u00ednh n\u0103ng c\u1ee7a trang web. Kh\u00f4ng c\u00f3 th\u00f4ng tin n\u00e0o \u0111\u01b0\u1ee3c thu th\u1eadp b\u1edfi cookie tr\u00ean trang web n\u00e0y \u0111\u01b0\u1ee3c chia s\u1ebb v\u1edbi b\u1ea5t k\u1ef3 b\u00ean th\u1ee9 ba n\u00e0o.<br><br>Th\u00f4ng tin c\u00e1 nh\u00e2n l\u00e0 g\u00ec?<br>Th\u00f4ng tin c\u00e1 nh\u00e2n l\u00e0 b\u1ea5t k\u1ef3 th\u00f4ng tin n\u00e0o nh\u1eadn d\u1ea1ng b\u1ea1n ho\u1eb7c th\u00f4ng tin c\u00f3 th\u1ec3 d\u00f9ng \u0111\u1ec3 suy ra danh t\u00ednh c\u1ee7a b\u1ea1n. Th\u00f4ng tin c\u00e1 nh\u00e2n \u0111\u01b0\u1ee3c thu th\u1eadp c\u00f3 th\u1ec3 bao g\u1ed3m t\u00ean, ch\u1ee9c danh, t\u00ean c\u00f4ng ty ho\u1eb7c t\u1ed5 ch\u1ee9c, email c\u00f4ng vi\u1ec7c, \u0111i\u1ec7n tho\u1ea1i c\u00f4ng vi\u1ec7c, \u0111\u1ecba ch\u1ec9 c\u00f4ng vi\u1ec7c ho\u1eb7c nh\u00e0 ri\u00eang, th\u00f4ng tin v\u1ec1 ch\u1ee9c n\u0103ng c\u00f4ng vi\u1ec7c c\u1ee7a b\u1ea1n, th\u00f4ng tin v\u1ec1 c\u00f4ng ty b\u1ea1n v\u00e0 th\u00f4ng tin th\u1ebb t\u00edn d\u1ee5ng (n\u1ebfu c\u1ea7n thi\u1ebft) \u0111\u1ec3 mua s\u1ea3n ph\u1ea9m ho\u1eb7c d\u1ecbch v\u1ee5 c\u1ee7a InBold.<br><br>T\u1ea1i sao t\u00f4i c\u1ea7n cung c\u1ea5p th\u00f4ng tin c\u00e1 nh\u00e2n?<br>Th\u00f4ng tin cung c\u1ea5p cho Trang web n\u00e0y l\u00e0 c\u1ea7n thi\u1ebft \u0111\u1ec3 x\u1eed l\u00fd y\u00eau c\u1ea7u c\u1ee7a b\u1ea1n v\u1ec1 c\u00e1c v\u1ea5n \u0111\u1ec1 li\u00ean quan \u0111\u1ebfn c\u00f4ng ty, d\u1ecbch v\u1ee5 v\u00e0 s\u1ea3n ph\u1ea9m c\u1ee7a ch\u00fang t\u00f4i. Quy\u1ec1n truy c\u1eadp v\u00e0o th\u00f4ng tin s\u1ebd b\u1ecb h\u1ea1n ch\u1ebf \u0111\u1ed1i v\u1edbi nh\u00e2n vi\u00ean, qu\u1ea3n tr\u1ecb vi\u00ean c\u1ee7a InBold ho\u1eb7c C\u1ed1 v\u1ea5n Internet c\u1ee7a InBold, ch\u1ecbu tr\u00e1ch nhi\u1ec7m ti\u1ebfp th\u1ecb v\u00e0 qu\u1ea3n tr\u1ecb c\u00e1c d\u1ecbch v\u1ee5 c\u1ee7a InBold. S\u1ef1 \u0111\u1ed3ng \u00fd c\u1ee7a b\u1ea1n v\u1ec1 vi\u1ec7c s\u1eed d\u1ee5ng th\u00f4ng tin c\u00e1 nh\u00e2n \u0111\u1ec3 cung c\u1ea5p c\u00e1c s\u1ea3n ph\u1ea9m v\u00e0 d\u1ecbch v\u1ee5 l\u00e0 t\u00f9y ch\u1ecdn. N\u1ebfu b\u1ea1n mu\u1ed1n ng\u1eebng s\u1eed d\u1ee5ng, h\u00e3y li\u00ean h\u1ec7 v\u1edbi ch\u00fang t\u00f4i qua email ho\u1eb7c g\u1eedi th\u01b0 t\u1edbi:<br>InBold A\/S<br>Att. Nh\u00e2n Vi\u00ean B\u1ea3o M\u1eadt<br>Nannasgade 28<br>DK-2200 Copenhagen N<br>\u0110an M\u1ea1ch<br><br>Th\u00f4ng tin c\u00e1 nh\u00e2n c\u1ee7a t\u00f4i s\u1ebd \u0111\u01b0\u1ee3c d\u00f9ng cho m\u1ee5c \u0111\u00edch g\u00ec?<br>Th\u00f4ng tin c\u00e1 nh\u00e2n \u0111\u01b0\u1ee3c thu th\u1eadp tr\u00ean Trang web n\u00e0y s\u1ebd \u0111\u01b0\u1ee3c s\u1eed d\u1ee5ng \u0111\u1ec3 v\u1eadn h\u00e0nh Trang web, cung c\u1ea5p d\u1ecbch v\u1ee5 ho\u1eb7c th\u1ef1c hi\u1ec7n giao d\u1ecbch m\u00e0 b\u1ea1n y\u00eau c\u1ea7u. \u0110\u1ec3 h\u1ed7 tr\u1ee3 c\u00e1c m\u1ee5c \u0111\u00edch n\u00e0y, InBold c\u00f3 th\u1ec3 s\u1eed d\u1ee5ng th\u00f4ng tin c\u00e1 nh\u00e2n \u0111\u1ec3 cung c\u1ea5p cho b\u1ea1n d\u1ecbch v\u1ee5 hi\u1ec7u qu\u1ea3 h\u01a1n v\u00e0 \/ ho\u1eb7c cung c\u1ea5p cho b\u1ea1n th\u00f4ng tin quan tr\u1ecdng v\u1ec1 s\u1ea3n ph\u1ea9m ho\u1eb7c d\u1ecbch v\u1ee5 b\u1ea1n \u0111ang s\u1eed d\u1ee5ng, bao g\u1ed3m c\u00e1c b\u1ea3n c\u1eadp nh\u1eadt v\u00e0 th\u00f4ng b\u00e1o quan tr\u1ecdng. Ngo\u00e0i ra, ch\u00fang t\u00f4i c\u00f3 th\u1ec3 g\u1eedi cho b\u1ea1n th\u00f4ng b\u00e1o kh\u00e1c v\u1ec1 InBold.<br><br>InBold s\u1eed d\u1ee5ng th\u00f4ng tin c\u00e1 nh\u00e2n c\u1ee7a t\u00f4i nh\u01b0 th\u1ebf n\u00e0o?<br>Tr\u1eeb c\u00e1c tr\u01b0\u1eddng h\u1ee3p \u0111\u01b0\u1ee3c m\u00f4 t\u1ea3 trong ch\u00ednh s\u00e1ch n\u00e0y, th\u00f4ng tin c\u00e1 nh\u00e2n cung c\u1ea5p tr\u00ean Trang web s\u1ebd kh\u00f4ng \u0111\u01b0\u1ee3c chia s\u1ebb cho nh\u00e2n vi\u00ean, qu\u1ea3n tr\u1ecb vi\u00ean c\u1ee7a InBold ho\u1eb7c InBold Internet Franchise Consultants ch\u1ecbu tr\u00e1ch nhi\u1ec7m ti\u1ebfp th\u1ecb v\u00e0 qu\u1ea3n tr\u1ecb c\u00e1c d\u1ecbch v\u1ee5 c\u1ee7a InBold, m\u00e0 kh\u00f4ng c\u00f3 s\u1ef1 cho ph\u00e9p c\u1ee7a b\u1ea1n. Theo m\u00f4 t\u1ea3 chi ti\u1ebft trong ph\u1ea7n ti\u1ebfp theo, b\u1ea1n ho\u00e0n to\u00e0n c\u00f3 quy\u1ec1n truy th\u00f4ng tin c\u00e1 nh\u00e2n c\u1ee7a m\u00ecnh.<br><br>T\u00f4i c\u00f3 th\u1ec3 truy c\u1eadp v\u00e0o th\u00f4ng tin c\u00e1 nh\u00e2n c\u1ee7a m\u00ecnh nh\u01b0 th\u1ebf n\u00e0o?<br>InBold A\/S<br>Att. Nh\u00e2n Vi\u00ean B\u1ea3o M\u1eadt<br>Dronningens Tv\u00e6rgade 7<br>1302 Copenhagen K<br>\u0110an M\u1ea1ch<br><br>InBold b\u1ea3o v\u1ec7 th\u00f4ng tin c\u00e1 nh\u00e2n c\u1ee7a t\u00f4i nh\u01b0 th\u1ebf n\u00e0o?<br>InBold cam k\u1ebft b\u1ea3o v\u1ec7 t\u00ednh b\u1ea3o m\u1eadt th\u00f4ng tin c\u00e1 nh\u00e2n c\u1ee7a b\u1ea1n. Ch\u00fang t\u00f4i s\u1eed d\u1ee5ng nhi\u1ec1u c\u00f4ng ngh\u1ec7 v\u00e0 quy tr\u00ecnh b\u1ea3o m\u1eadt kh\u00e1c nhau gi\u00fap b\u1ea3o v\u1ec7 th\u00f4ng tin c\u00e1 nh\u00e2n c\u1ee7a b\u1ea1n kh\u1ecfi nh\u1eefng truy c\u1eadp v\u1ea7 s\u1eed d\u1ee5ng tr\u00e1i ph\u00e9p. V\u00ed d\u1ee5: Ch\u00fang t\u00f4i l\u01b0u tr\u1eef th\u00f4ng tin c\u00e1 nh\u00e2n b\u1ea1n cung c\u1ea5p tr\u00ean c\u00e1c m\u00e1y ch\u1ee7 m\u00e1y t\u00ednh c\u00f3 quy\u1ec1n truy c\u1eadp h\u1ea1n ch\u1ebf, \u0111\u1eb7t t\u1ea1i c\u00e1c c\u01a1 s\u1edf \u0111\u01b0\u1ee3c ki\u1ec3m so\u00e1t ch\u1eb7t ch\u1ebd.<br><br>T\u00f4i l\u00e0m g\u00ec \u0111\u1ec3 g\u1eedi g\u00f3p \u00fd v\u1ec1 ch\u00ednh s\u00e1ch b\u1ea3o m\u1eadt n\u00e0y?<br>InBold r\u1ea5t hoan ngh\u00eanh nh\u1eefng g\u00f3p \u00fd c\u1ee7a b\u1ea1n li\u00ean quan \u0111\u1ebfn ch\u00ednh s\u00e1ch b\u1ea3o m\u1eadt n\u00e0y. N\u1ebfu b\u1ea1n tin r\u1eb1ng InBold kh\u00f4ng tu\u00e2n th\u1ee7 ch\u00ednh s\u00e1ch b\u1ea3o m\u1eadt n\u00e0y, vui l\u00f2ng li\u00ean h\u1ec7 qua \u0111\u01b0\u1eddng \u0111i\u1ec7n t\u1eed ho\u1eb7c b\u01b0u \u0111i\u1ec7n theo \u0111\u1ecba ch\u1ec9 \u0111\u01b0\u1ee3c cung c\u1ea5p b\u00ean d\u01b0\u1edbi. Ch\u00fang t\u00f4i s\u1ebd n\u1ed7 l\u1ef1c h\u1ee3p l\u00fd h\u00f3a v\u1ec1 m\u1eb7t th\u01b0\u01a1ng m\u1ea1i \u0111\u1ec3 nhanh ch\u00f3ng x\u00e1c \u0111\u1ecbnh v\u00e0 kh\u1eafc ph\u1ee5c s\u1ef1 c\u1ed1.<\/p>\n<p>InBold A\/S<br>Att. Nh\u00e2n Vi\u00ean B\u1ea3o M\u1eadt<br>Dronningens Tv\u00e6rgade 7<br>1302 Copenhagen K<br>\u0110an M\u1ea1ch<br><br>H\u1ee7y \u0111\u0103ng k\u00fd<br>B\u1ea1n c\u00f3 th\u1ec3 y\u00eau c\u1ea7u x\u00f3a th\u00f4ng tin c\u00e1 nh\u00e2n\/li\u00ean l\u1ea1c c\u1ee7a m\u00ecnh kh\u1ecfi c\u01a1 s\u1edf d\u1eef li\u1ec7u c\u1ee7a ch\u00fang t\u00f4i. B\u1ea1n c\u00f3 th\u1ec3 li\u00ean h\u1ec7 tr\u1ef1c ti\u1ebfp v\u1edbi ch\u00fang t\u00f4i th\u00f4ng qua bi\u1ec3u m\u1eabu Li\u00ean h\u1ec7 \u0111\u1ec3 th\u1ef1c hi\u1ec7n y\u00eau c\u1ea7u n\u00e0y.<br><br><strong>CH\u00cdNH S\u00c1CH COOKIE<\/strong><\/p>\n<p>Ch\u00fang t\u00f4i s\u1eed d\u1ee5ng m\u1ed9t v\u00e0i lo\u1ea1i cookie kh\u00e1c nhau tr\u00ean Trang web. N\u1ebfu b\u1ea1n ch\u01b0a bi\u1ebft cookie l\u00e0 g\u00ec, ho\u1eb7c ch\u01b0a bi\u1ebft c\u00e1ch ki\u1ec3m so\u00e1t ho\u1eb7c x\u00f3a cookie, b\u1ea1n c\u00f3 th\u1ec3 truy c\u1eadp http:\/\/www.aboutcookies.org \u0111\u1ec3 t\u00ecm hi\u1ec3u chi ti\u1ebft. Danh s\u00e1ch n\u00e0y m\u00f4 t\u1ea3 c\u00e1c lo\u1ea1i cookie ch\u00fang t\u00f4i d\u00f9ng cho Trang web n\u00e0y v\u00e0 m\u1ee5c \u0111\u00edch s\u1eed d\u1ee5ng c\u1ee7a ch\u00fang., Hi\u1ec7n t\u1ea1i, ch\u00fang t\u00f4i \u0111ang \u1ee9ng d\u1ee5ng ch\u00ednh s\u00e1ch &#8220;\u0110\u1ed3ng \u00fd ng\u1ea7m hi\u1ec3u&#8221;, c\u00f3 ngh\u0129a l\u00e0 ch\u00fang t\u00f4i cho r\u1eb1ng b\u1ea1n \u0111\u1ed3ng \u00fd v\u1edbi vi\u1ec7c s\u1eed d\u1ee5ng cookie. N\u1ebfu b\u1ea1n kh\u00f4ng \u0111\u1ed3ng \u00fd, h\u00e3y ng\u1eebng s\u1eed d\u1ee5ng Trang web, ho\u1eb7c x\u00f3a cookie sau khi truy c\u1eadp, ho\u1eb7c s\u1eed d\u1ee5ng ch\u1ebf \u0111\u1ed9 \u1ea9n danh \u0111\u1ec3 truy c\u1eadp (ch\u1ebf \u0111\u1ed9 &#8220;Incognito&#8221; trong Chrome, &#8220;InPrivate&#8221; cho Internet Explorer, &#8220;Private Browsing&#8221; trong Firefox v\u00e0 Safari, v.v.)<\/p>\n<p>Cookies c\u1ee7a b\u00ean th\u1ee9 nh\u1ea5t<br>\u0110\u00e2y l\u00e0 c\u00e1c cookies \u0111\u01b0\u1ee3c c\u00e0i \u0111\u1eb7t tr\u1ef1c ti\u1ebfp b\u1edfi Trang web. Ph\u1ea7n cookies c\u1ee7a ng\u01b0\u1eddi d\u00f9ng: Ch\u00fang t\u00f4i s\u1eed d\u1ee5ng cookies nh\u1eb1m x\u00e1c \u0111\u1ecbnh v\u00e0 nh\u1eadn d\u1ea1ng ng\u01b0\u1eddi d\u00f9ng Trang web v\u00e0 cho ph\u00e9p ng\u01b0\u1eddi d\u00f9ng s\u1eed d\u1ee5ng c\u00e1c t\u00ednh n\u0103ng c\u1ee7a trang web, ch\u1eb3ng h\u1ea1n nh\u01b0 xu\u1ea5t t\u1ec7p PDF. Google Analytics: Ch\u00fang t\u00f4i s\u1eed d\u1ee5ng Google Analytics \u0111\u1ec3 thu th\u1eadp th\u00f4ng tin v\u1ec1 h\u00e0nh vi c\u1ee7a ng\u01b0\u1eddi d\u00f9ng truy c\u1eadp trang web c\u1ee7a ch\u00fang t\u00f4i. Google Analytics l\u01b0u tr\u1eef th\u00f4ng tin v\u1ec1 c\u00e1c Trang web b\u1ea1n truy c\u1eadp, b\u1ea1n d\u00e0nh bao nhi\u00eau th\u1eddi gian tr\u00ean Trang web, b\u1ea1n truy c\u1eadp b\u1eb1ng c\u00e1ch n\u00e0o v\u00e0 b\u1ea1n nh\u1ea5p v\u00e0o nh\u1eefng g\u00ec. D\u1eef li\u1ec7u ph\u00e2n t\u00edch n\u00e0y \u0111\u01b0\u1ee3c thu th\u1eadp th\u00f4ng th\u1ebb JavaScript \u0111\u01b0\u1ee3c nh\u00fang tr\u00ean c\u00e1c trang c\u1ee7a ch\u00fang t\u00f4i v\u00e0 kh\u00f4ng li\u00ean k\u1ebft v\u1edbi th\u00f4ng tin nh\u1eadn d\u1ea1ng c\u00e1 nh\u00e2n c\u1ee7a b\u1ea1n. Do \u0111\u00f3, ch\u00fang t\u00f4i kh\u00f4ng thu th\u1eadp ho\u1eb7c l\u01b0u tr\u1eef th\u00f4ng tin c\u00e1 nh\u00e2n c\u1ee7a b\u1ea1n (v\u00ed d\u1ee5: t\u00ean ho\u1eb7c \u0111\u1ecba ch\u1ec9) n\u00ean th\u00f4ng tin n\u00e0y kh\u00f4ng th\u1ec3 \u0111\u01b0\u1ee3c s\u1eed d\u1ee5ng \u0111\u1ec3 x\u00e1c \u0111\u1ecbnh b\u1ea1n l\u00e0 ai. B\u1ea1n c\u00f3 th\u1ec3 t\u00ecm hi\u1ec3u th\u00eam v\u1ec1 vai tr\u00f2 c\u1ee7a Google \u0111\u1ed1i v\u1edbi b\u1ea3o m\u1eadt c\u1ee7a b\u1ea1n li\u00ean quan \u0111\u1ebfn d\u1ecbch v\u1ee5 ph\u00e2n t\u00edch c\u1ee7a h\u1ecd t\u1ea1i http:\/\/www.google.com\/intl\/en_uk\/analytics\/privacyoverview.html<\/p>\n<p>Cookies c\u1ee7a b\u00ean th\u1ee9 ba<br>C\u00e1c cookie n\u00e0y \u0111\u01b0\u1ee3c c\u00e0i \u0111\u1eb7t tr\u00ean m\u00e1y ch\u1ee7 c\u1ee7a b\u1ea1n b\u1edfi c\u00e1c Trang web b\u00ean ngo\u00e0i c\u00f3 d\u1ecbch v\u1ee5 \u0111\u01b0\u1ee3c s\u1eed d\u1ee5ng tr\u00ean Trang web n\u00e0y. Lo\u1ea1i cookies n\u00e0y \u0111\u00f3ng vai tr\u00f2 m\u1ed9t n\u00fat chia s\u1ebb gi\u1eefa c\u00e1c trang web, cho ph\u00e9p ng\u01b0\u1eddi d\u00f9ng chia s\u1ebb n\u1ed9i dung l\u00ean c\u00e1c m\u1ea1ng x\u00e3 h\u1ed9i. Hi\u1ec7n t\u1ea1i, Cookies \u0111ang \u0111\u01b0\u1ee3c c\u00e0i \u0111\u1eb7t b\u1edfi Facebook v\u00e0 Instagram. \u0110\u1ec3 tri\u1ec3n khai c\u00e1c n\u00fat chia s\u1ebb n\u00e0y v\u00e0 k\u1ebft n\u1ed1i ch\u00fang v\u1edbi c\u00e1c m\u1ea1ng x\u00e3 h\u1ed9i v\u00e0 trang web b\u00ean ngo\u00e0i li\u00ean quan, c\u00f3 c\u00e1c script t\u1eeb c\u00e1c t\u00ean mi\u1ec1n b\u00ean ngo\u00e0i trang web c\u1ee7a ch\u00fang t\u00f4i. B\u1ea1n c\u1ea7n l\u01b0u \u00fd r\u1eb1ng c\u00e1c trang web n\u00e0y c\u00f3 kh\u1ea3 n\u0103ng thu th\u1eadp th\u00f4ng tin v\u1ec1 ho\u1ea1t \u0111\u1ed9ng c\u1ee7a b\u1ea1n tr\u00ean to\u00e0n b\u1ed9 internet, bao g\u1ed3m c\u1ea3 tr\u00ean trang web n\u00e0y. B\u1ea1n n\u00ean ki\u1ec3m tra c\u00e1c ch\u00ednh s\u00e1ch ri\u00eang t\u01b0 c\u1ee7a t\u1eebng Trang web n\u00e0y \u0111\u1ec3 bi\u1ebft ch\u00ednh x\u00e1c c\u00e1ch h\u1ecd s\u1eed d\u1ee5ng th\u00f4ng tin c\u1ee7a b\u1ea1n v\u00e0 t\u00ecm hi\u1ec3u c\u00e1ch h\u1ee7y \u0111\u0103ng k\u00fd ho\u1eb7c x\u00f3a th\u00f4ng tin \u0111\u00f3.<\/p>\n\t\t\t\t\t\t\t\t<\/div>\n\t\t\t\t<\/div>\n\t\t\t\t\t<\/div>\n\t\t\t\t<\/div>\n\t\t\t\t<section class=\"elementor-section elementor-top-section elementor-element elementor-element-584cbf7d elementor-section-full_width elementor-section-height-default elementor-section-height-default\" data-id=\"584cbf7d\" data-element_type=\"section\" data-e-type=\"section\" data-settings=\"{&quot;mdp_selection_sticky_effect_enable&quot;:false}\">\n\t\t\t\t\t\t<div class=\"elementor-container elementor-column-gap-default\">\n\t\t\t\t\t<div class=\"elementor-column elementor-col-100 elementor-top-column elementor-element elementor-element-1427a2af\" data-id=\"1427a2af\" data-element_type=\"column\" data-e-type=\"column\" data-settings=\"{&quot;mdp_selection_sticky_column_effect_enable&quot;:false}\">\n\t\t\t<div class=\"elementor-widget-wrap elementor-element-populated\">\n\t\t\t\t\t\t<div class=\"elementor-element elementor-element-4111eee elementor-widget-divider--view-line elementor-widget elementor-widget-divider\" data-id=\"4111eee\" data-element_type=\"widget\" data-e-type=\"widget\" data-widget_type=\"divider.default\">\n\t\t\t\t<div class=\"elementor-widget-container\">\n\t\t\t\t\t\t\t<div class=\"elementor-divider\">\n\t\t\t<span class=\"elementor-divider-separator\">\n\t\t\t\t\t\t<\/span>\n\t\t<\/div>\n\t\t\t\t\t\t<\/div>\n\t\t\t\t<\/div>\n\t\t\t\t\t<\/div>\n\t\t<\/div>\n\t\t\t\t\t<\/div>\n\t\t<\/section>\n\t\t\t\t<\/div>\n\t\t","protected":false},"excerpt":{"rendered":"<p>CH\u00cdNH S\u00c1CH B\u1ea2O M\u1eacT Ch\u00ednh s\u00e1ch b\u1ea3o m\u1eadt c\u1ee7a InBoldInBold cam k\u1ebft b\u1ea3o v\u1ec7 quy\u1ec1n ri\u00eang t\u01b0 c\u1ee7a b\u1ea1n. Ch\u00ednh s\u00e1ch b\u1ea3o m\u1eadt n\u00e0y gi\u1ea3i th\u00edch c\u00e1ch InBold thu th\u1eadp v\u00e0 s\u1eed d\u1ee5ng th\u00f4ng tin ng\u01b0\u1eddi d\u00f9ng, li\u00ean quan \u0111\u1ebfn vi\u1ec7c truy c\u1eadp Trang web InBold. Ch\u00ednh s\u00e1ch n\u00e0y kh\u00f4ng \u00e1p d\u1ee5ng cho c\u00e1c s\u1ea3n [&hellip;]<\/p>\n","protected":false},"author":1,"featured_media":0,"parent":0,"menu_order":0,"comment_status":"closed","ping_status":"open","template":"","meta":{"_coblocks_attr":"","_coblocks_dimensions":"","_coblocks_responsive_height":"","_coblocks_accordion_ie_support":"","footnotes":"","_wp_rev_ctl_limit":""},"class_list":["post-12130","page","type-page","status-publish","hentry"],"_links":{"self":[{"href":"https:\/\/inbold.com\/vi\/wp-json\/wp\/v2\/pages\/12130","targetHints":{"allow":["GET"]}}],"collection":[{"href":"https:\/\/inbold.com\/vi\/wp-json\/wp\/v2\/pages"}],"about":[{"href":"https:\/\/inbold.com\/vi\/wp-json\/wp\/v2\/types\/page"}],"author":[{"embeddable":true,"href":"https:\/\/inbold.com\/vi\/wp-json\/wp\/v2\/users\/1"}],"replies":[{"embeddable":true,"href":"https:\/\/inbold.com\/vi\/wp-json\/wp\/v2\/comments?post=12130"}],"version-history":[{"count":0,"href":"https:\/\/inbold.com\/vi\/wp-json\/wp\/v2\/pages\/12130\/revisions"}],"wp:attachment":[{"href":"https:\/\/inbold.com\/vi\/wp-json\/wp\/v2\/media?parent=12130"}],"curies":[{"name":"wp","href":"https:\/\/api.w.org\/{rel}","templated":true}]}}