{"id":17968,"date":"2025-03-10T21:23:05","date_gmt":"2025-03-10T21:23:05","guid":{"rendered":"https:\/\/inbold.com\/thank-you-application\/"},"modified":"2025-03-17T07:59:14","modified_gmt":"2025-03-17T07:59:14","slug":"thank-you-application","status":"publish","type":"page","link":"https:\/\/inbold.com\/sv\/thank-you-application\/","title":{"rendered":"Thank you application"},"content":{"rendered":"\t\t<div data-elementor-type=\"wp-page\" data-elementor-id=\"17968\" class=\"elementor elementor-17968 elementor-17642\" data-elementor-post-type=\"page\">\n\t\t\t\t\t\t<section class=\"elementor-section elementor-top-section elementor-element elementor-element-7fb2737 elementor-section-boxed elementor-section-height-default elementor-section-height-default\" data-id=\"7fb2737\" data-element_type=\"section\" data-e-type=\"section\" data-settings=\"{&quot;mdp_selection_sticky_effect_enable&quot;:false}\">\n\t\t\t\t\t\t<div class=\"elementor-container elementor-column-gap-default\">\n\t\t\t\t\t<div class=\"elementor-column elementor-col-100 elementor-top-column elementor-element elementor-element-67cbc9e\" data-id=\"67cbc9e\" data-element_type=\"column\" data-e-type=\"column\" data-settings=\"{&quot;mdp_selection_sticky_column_effect_enable&quot;:false}\">\n\t\t\t<div class=\"elementor-widget-wrap elementor-element-populated\">\n\t\t\t\t\t\t<div class=\"elementor-element elementor-element-25b67e7 elementor-widget elementor-widget-heading\" data-id=\"25b67e7\" data-element_type=\"widget\" data-e-type=\"widget\" data-widget_type=\"heading.default\">\n\t\t\t\t<div class=\"elementor-widget-container\">\n\t\t\t\t\t<h1 class=\"elementor-heading-title elementor-size-default\">Din ans\u00f6kning har tagits emot!<\/h1>\t\t\t\t<\/div>\n\t\t\t\t<\/div>\n\t\t\t\t<div class=\"elementor-element elementor-element-b7250be elementor-widget elementor-widget-text-editor\" data-id=\"b7250be\" data-element_type=\"widget\" data-e-type=\"widget\" data-widget_type=\"text-editor.default\">\n\t\t\t\t<div class=\"elementor-widget-container\">\n\t\t\t\t\t\t\t\t\t<p>Tack f\u00f6r ditt intresse f\u00f6r den h\u00e4r rollen p\u00e5 InBold. Vi uppskattar tiden som du lagt ned p\u00e5 att ans\u00e4ka och dela dina kvalifikationer med oss. <\/p>\n<p>Vi kommer att titta igenom din ans\u00f6kan noggrant i samband med den f\u00f6rsta screeningen och kontaktar dig om du blir utvald till en forts\u00e4ttning i rekryteringsprocessen.<\/p>\n\t\t\t\t\t\t\t\t<\/div>\n\t\t\t\t<\/div>\n\t\t\t\t\t<\/div>\n\t\t<\/div>\n\t\t\t\t\t<\/div>\n\t\t<\/section>\n\t\t\t\t<section class=\"elementor-section elementor-top-section elementor-element elementor-element-95d877e elementor-section-full_width elementor-section-height-default elementor-section-height-default\" data-id=\"95d877e\" data-element_type=\"section\" data-e-type=\"section\" data-settings=\"{&quot;background_background&quot;:&quot;classic&quot;,&quot;mdp_selection_sticky_effect_enable&quot;:false}\">\n\t\t\t\t\t\t<div class=\"elementor-container elementor-column-gap-no\">\n\t\t\t\t\t<div class=\"elementor-column elementor-col-100 elementor-top-column elementor-element elementor-element-3dddcc6\" data-id=\"3dddcc6\" data-element_type=\"column\" data-e-type=\"column\" data-settings=\"{&quot;mdp_selection_sticky_column_effect_enable&quot;:false}\">\n\t\t\t<div class=\"elementor-widget-wrap elementor-element-populated\">\n\t\t\t\t\t\t<div class=\"elementor-element elementor-element-9373327 elementor-widget elementor-widget-heading\" data-id=\"9373327\" data-element_type=\"widget\" data-e-type=\"widget\" data-widget_type=\"heading.default\">\n\t\t\t\t<div class=\"elementor-widget-container\">\n\t\t\t\t\t<h2 class=\"elementor-heading-title elementor-size-default\">V\u00e5ra case<\/h2>\t\t\t\t<\/div>\n\t\t\t\t<\/div>\n\t\t\t\t<div class=\"elementor-element elementor-element-d593daf elementor-widget elementor-widget-spacer\" data-id=\"d593daf\" data-element_type=\"widget\" data-e-type=\"widget\" data-widget_type=\"spacer.default\">\n\t\t\t\t<div class=\"elementor-widget-container\">\n\t\t\t\t\t\t\t<div class=\"elementor-spacer\">\n\t\t\t<div class=\"elementor-spacer-inner\"><\/div>\n\t\t<\/div>\n\t\t\t\t\t\t<\/div>\n\t\t\t\t<\/div>\n\t\t\t\t<div class=\"elementor-element elementor-element-8aea2f9 elementor-grid-4 elementor-grid-tablet-2 elementor-grid-mobile-1 elementor-widget elementor-widget-portfolio\" data-id=\"8aea2f9\" data-element_type=\"widget\" data-e-type=\"widget\" data-settings=\"{&quot;columns&quot;:&quot;4&quot;,&quot;columns_tablet&quot;:&quot;2&quot;,&quot;columns_mobile&quot;:&quot;1&quot;,&quot;item_ratio&quot;:{&quot;unit&quot;:&quot;px&quot;,&quot;size&quot;:0.66,&quot;sizes&quot;:[]},&quot;item_gap&quot;:{&quot;unit&quot;:&quot;px&quot;,&quot;size&quot;:&quot;&quot;,&quot;sizes&quot;:[]},&quot;row_gap&quot;:{&quot;unit&quot;:&quot;px&quot;,&quot;size&quot;:&quot;&quot;,&quot;sizes&quot;:[]}}\" data-widget_type=\"portfolio.default\">\n\t\t\t\t<div class=\"elementor-widget-container\">\n\t\t\t\t\t\t\t<div class=\"elementor-portfolio elementor-grid elementor-posts-container\" role=\"list\">\n\t\t\t\t<article class=\"elementor-portfolio-item elementor-post  post-26784 portfolio type-portfolio status-publish has-post-thumbnail hentry portfolio_category-b2b portfolio_category-design\" role=\"listitem\">\n\t\t\t<a class=\"elementor-post__thumbnail__link\" href=\"https:\/\/inbold.com\/sv\/portfolio\/kinera\/\">\n\t\t\t\t<div class=\"elementor-portfolio-item__img elementor-post__thumbnail\">\n\t\t\t<img fetchpriority=\"high\" decoding=\"async\" width=\"817\" height=\"541\" src=\"https:\/\/inbold.com\/wp-content\/uploads\/2026\/01\/Thumbnail.jpg\" class=\"attachment-full size-full wp-image-26778\" alt=\"\" srcset=\"https:\/\/inbold.com\/wp-content\/uploads\/2026\/01\/Thumbnail.jpg 817w, https:\/\/inbold.com\/wp-content\/uploads\/2026\/01\/Thumbnail-300x199.jpg 300w, https:\/\/inbold.com\/wp-content\/uploads\/2026\/01\/Thumbnail-768x509.jpg 768w\" sizes=\"(max-width: 817px) 100vw, 817px\" \/>\t\t<\/div>\n\t\t\t\t<div class=\"elementor-portfolio-item__overlay\">\n\t\t\t\t<h3 class=\"elementor-portfolio-item__title\">\n\t\tKinera\t\t<\/h3>\n\t\t\t\t<\/div>\n\t\t\t\t<\/a>\n\t\t<\/article>\n\t\t\t\t<article class=\"elementor-portfolio-item elementor-post  post-26238 portfolio type-portfolio status-publish has-post-thumbnail hentry\" role=\"listitem\">\n\t\t\t<a class=\"elementor-post__thumbnail__link\" href=\"https:\/\/inbold.com\/sv\/portfolio\/demant\/\">\n\t\t\t\t<div class=\"elementor-portfolio-item__img elementor-post__thumbnail\">\n\t\t\t<img decoding=\"async\" width=\"1350\" height=\"1080\" src=\"https:\/\/inbold.com\/wp-content\/uploads\/2025\/11\/Demant_4-5.webp\" class=\"attachment-full size-full wp-image-26217\" alt=\"demant casestudy\" srcset=\"https:\/\/inbold.com\/wp-content\/uploads\/2025\/11\/Demant_4-5.webp 1350w, https:\/\/inbold.com\/wp-content\/uploads\/2025\/11\/Demant_4-5-300x240.webp 300w, https:\/\/inbold.com\/wp-content\/uploads\/2025\/11\/Demant_4-5-1024x819.webp 1024w, https:\/\/inbold.com\/wp-content\/uploads\/2025\/11\/Demant_4-5-768x614.webp 768w\" sizes=\"(max-width: 1350px) 100vw, 1350px\" \/>\t\t<\/div>\n\t\t\t\t<div class=\"elementor-portfolio-item__overlay\">\n\t\t\t\t<h3 class=\"elementor-portfolio-item__title\">\n\t\tDemant\t\t<\/h3>\n\t\t\t\t<\/div>\n\t\t\t\t<\/a>\n\t\t<\/article>\n\t\t\t\t<article class=\"elementor-portfolio-item elementor-post  post-23955 portfolio type-portfolio status-publish has-post-thumbnail hentry portfolio_category-b2b portfolio_category-brand-activation portfolio_category-design portfolio_category-influencer-marketing portfolio_category-influencers\" role=\"listitem\">\n\t\t\t<a class=\"elementor-post__thumbnail__link\" href=\"https:\/\/inbold.com\/sv\/portfolio\/clipper\/\">\n\t\t\t\t<div class=\"elementor-portfolio-item__img elementor-post__thumbnail\">\n\t\t\t<img decoding=\"async\" width=\"1633\" height=\"1082\" src=\"https:\/\/inbold.com\/wp-content\/uploads\/2025\/09\/Casestudy_thumbnail.webp\" class=\"attachment-full size-full wp-image-25973\" alt=\"\" srcset=\"https:\/\/inbold.com\/wp-content\/uploads\/2025\/09\/Casestudy_thumbnail.webp 1633w, https:\/\/inbold.com\/wp-content\/uploads\/2025\/09\/Casestudy_thumbnail-300x199.webp 300w, https:\/\/inbold.com\/wp-content\/uploads\/2025\/09\/Casestudy_thumbnail-1024x678.webp 1024w, https:\/\/inbold.com\/wp-content\/uploads\/2025\/09\/Casestudy_thumbnail-768x509.webp 768w, https:\/\/inbold.com\/wp-content\/uploads\/2025\/09\/Casestudy_thumbnail-1536x1018.webp 1536w\" sizes=\"(max-width: 1633px) 100vw, 1633px\" \/>\t\t<\/div>\n\t\t\t\t<div class=\"elementor-portfolio-item__overlay\">\n\t\t\t\t<h3 class=\"elementor-portfolio-item__title\">\n\t\tClipper\t\t<\/h3>\n\t\t\t\t<\/div>\n\t\t\t\t<\/a>\n\t\t<\/article>\n\t\t\t\t<article class=\"elementor-portfolio-item elementor-post  post-23626 portfolio type-portfolio status-publish has-post-thumbnail hentry portfolio_category-b2b portfolio_category-design\" role=\"listitem\">\n\t\t\t<a class=\"elementor-post__thumbnail__link\" href=\"https:\/\/inbold.com\/sv\/portfolio\/xomnia\/\">\n\t\t\t\t<div class=\"elementor-portfolio-item__img elementor-post__thumbnail\">\n\t\t\t<img loading=\"lazy\" decoding=\"async\" width=\"1633\" height=\"1082\" src=\"https:\/\/inbold.com\/wp-content\/uploads\/2025\/07\/Xomnia-case-study_thumbnail.jpg\" class=\"attachment-full size-full wp-image-23574\" alt=\"\" srcset=\"https:\/\/inbold.com\/wp-content\/uploads\/2025\/07\/Xomnia-case-study_thumbnail.jpg 1633w, https:\/\/inbold.com\/wp-content\/uploads\/2025\/07\/Xomnia-case-study_thumbnail-300x199.jpg 300w, https:\/\/inbold.com\/wp-content\/uploads\/2025\/07\/Xomnia-case-study_thumbnail-1024x678.jpg 1024w, https:\/\/inbold.com\/wp-content\/uploads\/2025\/07\/Xomnia-case-study_thumbnail-768x509.jpg 768w, https:\/\/inbold.com\/wp-content\/uploads\/2025\/07\/Xomnia-case-study_thumbnail-1536x1018.jpg 1536w\" sizes=\"(max-width: 1633px) 100vw, 1633px\" \/>\t\t<\/div>\n\t\t\t\t<div class=\"elementor-portfolio-item__overlay\">\n\t\t\t\t<h3 class=\"elementor-portfolio-item__title\">\n\t\tXomnia\t\t<\/h3>\n\t\t\t\t<\/div>\n\t\t\t\t<\/a>\n\t\t<\/article>\n\t\t\t\t<article class=\"elementor-portfolio-item elementor-post  post-22161 portfolio type-portfolio status-publish has-post-thumbnail hentry\" role=\"listitem\">\n\t\t\t<a class=\"elementor-post__thumbnail__link\" href=\"https:\/\/inbold.com\/sv\/portfolio\/hevea\/\">\n\t\t\t\t<div class=\"elementor-portfolio-item__img elementor-post__thumbnail\">\n\t\t\t<img loading=\"lazy\" decoding=\"async\" width=\"2560\" height=\"1440\" src=\"https:\/\/inbold.com\/wp-content\/uploads\/2025\/07\/Hevea-Thumbnail-scaled.webp\" class=\"attachment-full size-full wp-image-26060\" alt=\"\" srcset=\"https:\/\/inbold.com\/wp-content\/uploads\/2025\/07\/Hevea-Thumbnail-scaled.webp 2560w, https:\/\/inbold.com\/wp-content\/uploads\/2025\/07\/Hevea-Thumbnail-300x169.webp 300w, https:\/\/inbold.com\/wp-content\/uploads\/2025\/07\/Hevea-Thumbnail-1024x576.webp 1024w, https:\/\/inbold.com\/wp-content\/uploads\/2025\/07\/Hevea-Thumbnail-768x432.webp 768w, https:\/\/inbold.com\/wp-content\/uploads\/2025\/07\/Hevea-Thumbnail-1536x864.webp 1536w, https:\/\/inbold.com\/wp-content\/uploads\/2025\/07\/Hevea-Thumbnail-2048x1152.webp 2048w\" sizes=\"(max-width: 2560px) 100vw, 2560px\" \/>\t\t<\/div>\n\t\t\t\t<div class=\"elementor-portfolio-item__overlay\">\n\t\t\t\t<h3 class=\"elementor-portfolio-item__title\">\n\t\tHevea\t\t<\/h3>\n\t\t\t\t<\/div>\n\t\t\t\t<\/a>\n\t\t<\/article>\n\t\t\t\t<article class=\"elementor-portfolio-item elementor-post  post-22175 portfolio type-portfolio status-publish has-post-thumbnail hentry portfolio_category-b2c portfolio_category-brand-activation portfolio_category-design portfolio_category-social-media\" role=\"listitem\">\n\t\t\t<a class=\"elementor-post__thumbnail__link\" href=\"https:\/\/inbold.com\/sv\/portfolio\/brondum\/\">\n\t\t\t\t<div class=\"elementor-portfolio-item__img elementor-post__thumbnail\">\n\t\t\t<img loading=\"lazy\" decoding=\"async\" width=\"1920\" height=\"1080\" src=\"https:\/\/inbold.com\/wp-content\/uploads\/2025\/06\/Brondums-case-study_Thumbnail.png\" class=\"attachment-full size-full wp-image-21305\" alt=\"\" srcset=\"https:\/\/inbold.com\/wp-content\/uploads\/2025\/06\/Brondums-case-study_Thumbnail.png 1920w, https:\/\/inbold.com\/wp-content\/uploads\/2025\/06\/Brondums-case-study_Thumbnail-300x169.png 300w, https:\/\/inbold.com\/wp-content\/uploads\/2025\/06\/Brondums-case-study_Thumbnail-1024x576.png 1024w, https:\/\/inbold.com\/wp-content\/uploads\/2025\/06\/Brondums-case-study_Thumbnail-768x432.png 768w, https:\/\/inbold.com\/wp-content\/uploads\/2025\/06\/Brondums-case-study_Thumbnail-1536x864.png 1536w\" sizes=\"(max-width: 1920px) 100vw, 1920px\" \/>\t\t<\/div>\n\t\t\t\t<div class=\"elementor-portfolio-item__overlay\">\n\t\t\t\t<h3 class=\"elementor-portfolio-item__title\">\n\t\tBr\u00f8ndum\t\t<\/h3>\n\t\t\t\t<\/div>\n\t\t\t\t<\/a>\n\t\t<\/article>\n\t\t\t\t<article class=\"elementor-portfolio-item elementor-post  post-22184 portfolio type-portfolio status-publish has-post-thumbnail hentry portfolio_category-b2c\" role=\"listitem\">\n\t\t\t<a class=\"elementor-post__thumbnail__link\" href=\"https:\/\/inbold.com\/sv\/portfolio\/knitting-for-olive\/\">\n\t\t\t\t<div class=\"elementor-portfolio-item__img elementor-post__thumbnail\">\n\t\t\t<img loading=\"lazy\" decoding=\"async\" width=\"1633\" height=\"1082\" src=\"https:\/\/inbold.com\/wp-content\/uploads\/2024\/09\/Thumbnail_1632x1080.webp\" class=\"attachment-full size-full wp-image-13735\" alt=\"\" srcset=\"https:\/\/inbold.com\/wp-content\/uploads\/2024\/09\/Thumbnail_1632x1080.webp 1633w, https:\/\/inbold.com\/wp-content\/uploads\/2024\/09\/Thumbnail_1632x1080-300x199.webp 300w, https:\/\/inbold.com\/wp-content\/uploads\/2024\/09\/Thumbnail_1632x1080-1024x678.webp 1024w, https:\/\/inbold.com\/wp-content\/uploads\/2024\/09\/Thumbnail_1632x1080-768x509.webp 768w, https:\/\/inbold.com\/wp-content\/uploads\/2024\/09\/Thumbnail_1632x1080-1536x1018.webp 1536w\" sizes=\"(max-width: 1633px) 100vw, 1633px\" \/>\t\t<\/div>\n\t\t\t\t<div class=\"elementor-portfolio-item__overlay\">\n\t\t\t\t<h3 class=\"elementor-portfolio-item__title\">\n\t\tKnitting For Olive\t\t<\/h3>\n\t\t\t\t<\/div>\n\t\t\t\t<\/a>\n\t\t<\/article>\n\t\t\t\t<article class=\"elementor-portfolio-item elementor-post  post-16304 portfolio type-portfolio status-publish has-post-thumbnail hentry\" role=\"listitem\">\n\t\t\t<a class=\"elementor-post__thumbnail__link\" href=\"https:\/\/inbold.com\/sv\/portfolio\/arkk\/\">\n\t\t\t\t<div class=\"elementor-portfolio-item__img elementor-post__thumbnail\">\n\t\t\t<img loading=\"lazy\" decoding=\"async\" width=\"1600\" height=\"853\" src=\"https:\/\/inbold.com\/wp-content\/uploads\/2024\/12\/unnamed-15.png\" class=\"attachment-full size-full wp-image-16111\" alt=\"\" srcset=\"https:\/\/inbold.com\/wp-content\/uploads\/2024\/12\/unnamed-15.png 1600w, https:\/\/inbold.com\/wp-content\/uploads\/2024\/12\/unnamed-15-300x160.png 300w, https:\/\/inbold.com\/wp-content\/uploads\/2024\/12\/unnamed-15-1024x546.png 1024w, https:\/\/inbold.com\/wp-content\/uploads\/2024\/12\/unnamed-15-768x409.png 768w, https:\/\/inbold.com\/wp-content\/uploads\/2024\/12\/unnamed-15-1536x819.png 1536w\" sizes=\"(max-width: 1600px) 100vw, 1600px\" \/>\t\t<\/div>\n\t\t\t\t<div class=\"elementor-portfolio-item__overlay\">\n\t\t\t\t<h3 class=\"elementor-portfolio-item__title\">\n\t\tArkk Copenhagen\t\t<\/h3>\n\t\t\t\t<\/div>\n\t\t\t\t<\/a>\n\t\t<\/article>\n\t\t\t\t<\/div>\n\t\t\t\t\t\t<\/div>\n\t\t\t\t<\/div>\n\t\t\t\t<div class=\"elementor-element elementor-element-3e0db4c elementor-hidden-desktop elementor-hidden-tablet elementor-hidden-mobile elementor-widget elementor-widget-gallery\" data-id=\"3e0db4c\" data-element_type=\"widget\" data-e-type=\"widget\" data-settings=\"{&quot;gap&quot;:{&quot;unit&quot;:&quot;px&quot;,&quot;size&quot;:0,&quot;sizes&quot;:[]},&quot;overlay_title&quot;:&quot;caption&quot;,&quot;overlay_description&quot;:&quot;description&quot;,&quot;aspect_ratio&quot;:&quot;16:9&quot;,&quot;gap_tablet&quot;:{&quot;unit&quot;:&quot;px&quot;,&quot;size&quot;:0,&quot;sizes&quot;:[]},&quot;gap_mobile&quot;:{&quot;unit&quot;:&quot;px&quot;,&quot;size&quot;:0,&quot;sizes&quot;:[]},&quot;lazyload&quot;:&quot;yes&quot;,&quot;gallery_layout&quot;:&quot;grid&quot;,&quot;columns&quot;:4,&quot;columns_tablet&quot;:2,&quot;columns_mobile&quot;:1,&quot;gap_laptop&quot;:{&quot;unit&quot;:&quot;px&quot;,&quot;size&quot;:10,&quot;sizes&quot;:[]},&quot;gap_tablet_extra&quot;:{&quot;unit&quot;:&quot;px&quot;,&quot;size&quot;:10,&quot;sizes&quot;:[]},&quot;show_all_galleries&quot;:&quot;yes&quot;,&quot;overlay_background&quot;:&quot;yes&quot;,&quot;content_hover_animation&quot;:&quot;fade-in&quot;}\" data-widget_type=\"gallery.default\">\n\t\t\t\t<div class=\"elementor-widget-container\">\n\t\t\t\t\t\t\t\t<div class=\"elementor-gallery__titles-container e--pointer-text e--animation-grow\" aria-label=\"Gallerifilter\">\n\t\t\t\t\t\t\t\t\t<a class=\"elementor-item elementor-gallery-title\" role=\"button\" tabindex=\"0\" data-gallery-index=\"all\">\n\t\t\t\t\t\t\t\t\t\t\t<\/a>\n\t\t\t\t\n\t\t\t\t\t\t\t\t\t<a class=\"elementor-item elementor-gallery-title\" role=\"button\" tabindex=\"0\" data-gallery-index=\"0\">\n\t\t\t\t\t\t\t\t\t\t\t<\/a>\n\t\t\t\t\t\t\t\t<\/div>\n\t\t\t\t\t<div class=\"elementor-gallery__container\">\n\t\t\t\t\t\t\t<div class=\"e-gallery-item elementor-gallery-item elementor-animated-content\" data-e-gallery-tags=\"0\" tabindex=\"0\">\n\t\t\t\t\t<div class=\"e-gallery-image elementor-gallery-item__image\" data-thumbnail=\"https:\/\/inbold.com\/wp-content\/uploads\/2024\/04\/InBold_fuzetea_case30-768x432.jpg\" data-width=\"768\" data-height=\"432\" aria-label=\"\" role=\"img\" ><\/div>\n\t\t\t\t\t\t\t\t\t\t\t<div class=\"elementor-gallery-item__overlay\"><\/div>\n\t\t\t\t\t\t\t\t\t\t\t\t\t\t\t<div class=\"elementor-gallery-item__content\">\n\t\t\t\t\t\t\t\t\t\t\t\t\t\t<div class=\"elementor-gallery-item__title\">\n\t\t\t\t\t\t\t\t\t\t\t\t\t\t\t\t\t\tFuze Tea\t\t\t\t\t\t\t\t<\/div>\n\t\t\t\t\t\t\t\t\t\t\t\t\t\t\t<div class=\"elementor-gallery-item__description\">\n\t\t\t\t\t\t\t\t\t\t\t\t\t\t\t\t\t\tCampaigns and more...\t\t\t\t\t\t\t\t<\/div>\n\t\t\t\t\t\t\t\t\t\t\t\t<\/div>\n\t\t\t\t\t\t\t\t\t<\/div>\n\t\t\t\t\t\t\t<div class=\"e-gallery-item elementor-gallery-item elementor-animated-content\" data-e-gallery-tags=\"0\" tabindex=\"0\">\n\t\t\t\t\t<div class=\"e-gallery-image elementor-gallery-item__image\" data-thumbnail=\"https:\/\/inbold.com\/wp-content\/uploads\/2024\/04\/aalborgtn-768x432.png\" data-width=\"768\" data-height=\"432\" aria-label=\"\" role=\"img\" ><\/div>\n\t\t\t\t\t\t\t\t\t\t\t<div class=\"elementor-gallery-item__overlay\"><\/div>\n\t\t\t\t\t\t\t\t\t\t\t\t\t\t\t<div class=\"elementor-gallery-item__content\">\n\t\t\t\t\t\t\t\t\t\t\t\t\t\t<div class=\"elementor-gallery-item__title\">\n\t\t\t\t\t\t\t\t\t\t\t\t\t\t\t\t\t\tAalborg Akvavit\t\t\t\t\t\t\t\t<\/div>\n\t\t\t\t\t\t\t\t\t\t\t\t\t\t\t<div class=\"elementor-gallery-item__description\">\n\t\t\t\t\t\t\t\t\t\t\t\t\t\t\t\t\t\tCampaigns, PR, Social media & influencer marketing ...\t\t\t\t\t\t\t\t<\/div>\n\t\t\t\t\t\t\t\t\t\t\t\t<\/div>\n\t\t\t\t\t\t\t\t\t<\/div>\n\t\t\t\t\t\t\t<div class=\"e-gallery-item elementor-gallery-item elementor-animated-content\" data-e-gallery-tags=\"0\" tabindex=\"0\">\n\t\t\t\t\t<div class=\"e-gallery-image elementor-gallery-item__image\" data-thumbnail=\"https:\/\/inbold.com\/wp-content\/uploads\/2024\/04\/Ooni-ScandinavianPressImage01-768x518.png\" data-width=\"768\" data-height=\"518\" aria-label=\"\" role=\"img\" ><\/div>\n\t\t\t\t\t\t\t\t\t\t\t<div class=\"elementor-gallery-item__overlay\"><\/div>\n\t\t\t\t\t\t\t\t\t\t\t\t\t\t\t<div class=\"elementor-gallery-item__content\">\n\t\t\t\t\t\t\t\t\t\t\t\t\t\t<div class=\"elementor-gallery-item__title\">\n\t\t\t\t\t\t\t\t\t\t\t\t\t\t\t\t\t\tOoni\t\t\t\t\t\t\t\t<\/div>\n\t\t\t\t\t\t\t\t\t\t\t\t\t\t\t<div class=\"elementor-gallery-item__description\">\n\t\t\t\t\t\t\t\t\t\t\t\t\t\t\t\t\t\tPR, events and influencer marketing...\t\t\t\t\t\t\t\t<\/div>\n\t\t\t\t\t\t\t\t\t\t\t\t<\/div>\n\t\t\t\t\t\t\t\t\t<\/div>\n\t\t\t\t\t\t\t<div class=\"e-gallery-item elementor-gallery-item elementor-animated-content\" data-e-gallery-tags=\"0\" tabindex=\"0\">\n\t\t\t\t\t<div class=\"e-gallery-image elementor-gallery-item__image\" data-thumbnail=\"https:\/\/inbold.com\/wp-content\/uploads\/2024\/04\/Posters-768x432.jpeg\" data-width=\"768\" data-height=\"432\" aria-label=\"\" role=\"img\" ><\/div>\n\t\t\t\t\t\t\t\t\t\t\t<div class=\"elementor-gallery-item__overlay\"><\/div>\n\t\t\t\t\t\t\t\t\t\t\t\t\t\t\t<div class=\"elementor-gallery-item__content\">\n\t\t\t\t\t\t\t\t\t\t\t\t\t\t<div class=\"elementor-gallery-item__title\">\n\t\t\t\t\t\t\t\t\t\t\t\t\t\t\t\t\t\tJabra\t\t\t\t\t\t\t\t<\/div>\n\t\t\t\t\t\t\t\t\t\t\t\t\t\t\t<div class=\"elementor-gallery-item__description\">\n\t\t\t\t\t\t\t\t\t\t\t\t\t\t\t\t\t\tGlobal Marketing Omni-channel production\t\t\t\t\t\t\t\t<\/div>\n\t\t\t\t\t\t\t\t\t\t\t\t<\/div>\n\t\t\t\t\t\t\t\t\t<\/div>\n\t\t\t\t\t\t\t<div class=\"e-gallery-item elementor-gallery-item elementor-animated-content\" data-e-gallery-tags=\"0\" tabindex=\"0\">\n\t\t\t\t\t<div class=\"e-gallery-image elementor-gallery-item__image\" data-thumbnail=\"https:\/\/inbold.com\/wp-content\/uploads\/2024\/04\/Thumbnail_Nilfisk_1920x1080px-1-e1669617590131-1-768x508.webp\" data-width=\"768\" data-height=\"508\" aria-label=\"\" role=\"img\" ><\/div>\n\t\t\t\t\t\t\t\t\t\t\t<div class=\"elementor-gallery-item__overlay\"><\/div>\n\t\t\t\t\t\t\t\t\t\t\t\t\t\t\t<div class=\"elementor-gallery-item__content\">\n\t\t\t\t\t\t\t\t\t\t\t\t\t\t<div class=\"elementor-gallery-item__title\">\n\t\t\t\t\t\t\t\t\t\t\t\t\t\t\t\t\t\tNilfisk\t\t\t\t\t\t\t\t<\/div>\n\t\t\t\t\t\t\t\t\t\t\t\t\t\t\t<div class=\"elementor-gallery-item__description\">\n\t\t\t\t\t\t\t\t\t\t\t\t\t\t\t\t\t\tGlobal Marketing support in 120 countries\t\t\t\t\t\t\t\t<\/div>\n\t\t\t\t\t\t\t\t\t\t\t\t<\/div>\n\t\t\t\t\t\t\t\t\t<\/div>\n\t\t\t\t\t\t\t<div class=\"e-gallery-item elementor-gallery-item elementor-animated-content\" data-e-gallery-tags=\"0\" tabindex=\"0\">\n\t\t\t\t\t<div class=\"e-gallery-image elementor-gallery-item__image\" data-thumbnail=\"https:\/\/inbold.com\/wp-content\/uploads\/2024\/04\/image-1-7-768x431.png\" data-width=\"768\" data-height=\"431\" aria-label=\"\" role=\"img\" ><\/div>\n\t\t\t\t\t\t\t\t\t\t\t<div class=\"elementor-gallery-item__overlay\"><\/div>\n\t\t\t\t\t\t\t\t\t\t\t\t\t\t\t<div class=\"elementor-gallery-item__content\">\n\t\t\t\t\t\t\t\t\t\t\t\t\t\t<div class=\"elementor-gallery-item__title\">\n\t\t\t\t\t\t\t\t\t\t\t\t\t\t\t\t\t\tKnitting for Olive\t\t\t\t\t\t\t\t<\/div>\n\t\t\t\t\t\t\t\t\t\t\t\t\t\t\t<div class=\"elementor-gallery-item__description\">\n\t\t\t\t\t\t\t\t\t\t\t\t\t\t\t\t\t\tGlobal campaign and media management\t\t\t\t\t\t\t\t<\/div>\n\t\t\t\t\t\t\t\t\t\t\t\t<\/div>\n\t\t\t\t\t\t\t\t\t<\/div>\n\t\t\t\t\t\t\t<div class=\"e-gallery-item elementor-gallery-item elementor-animated-content\" data-e-gallery-tags=\"0\" tabindex=\"0\">\n\t\t\t\t\t<div class=\"e-gallery-image elementor-gallery-item__image\" data-thumbnail=\"https:\/\/inbold.com\/wp-content\/uploads\/2024\/04\/10.19_SingaporeAirlines_1-768x432.jpg\" data-width=\"768\" data-height=\"432\" aria-label=\"\" role=\"img\" ><\/div>\n\t\t\t\t\t\t\t\t\t\t\t<div class=\"elementor-gallery-item__overlay\"><\/div>\n\t\t\t\t\t\t\t\t\t\t\t\t\t\t\t<div class=\"elementor-gallery-item__content\">\n\t\t\t\t\t\t\t\t\t\t\t\t\t\t<div class=\"elementor-gallery-item__title\">\n\t\t\t\t\t\t\t\t\t\t\t\t\t\t\t\t\t\tSingapore Airlines\t\t\t\t\t\t\t\t<\/div>\n\t\t\t\t\t\t\t\t\t\t\t\t\t\t\t<div class=\"elementor-gallery-item__description\">\n\t\t\t\t\t\t\t\t\t\t\t\t\t\t\t\t\t\tOngoing PR\t\t\t\t\t\t\t\t<\/div>\n\t\t\t\t\t\t\t\t\t\t\t\t<\/div>\n\t\t\t\t\t\t\t\t\t<\/div>\n\t\t\t\t\t\t\t<div class=\"e-gallery-item elementor-gallery-item elementor-animated-content\" data-e-gallery-tags=\"0\" tabindex=\"0\">\n\t\t\t\t\t<div class=\"e-gallery-image elementor-gallery-item__image\" data-thumbnail=\"https:\/\/inbold.com\/wp-content\/uploads\/2024\/04\/Header_Bikable_1920x525px_Dark-768x210.webp\" data-width=\"768\" data-height=\"210\" aria-label=\"\" role=\"img\" ><\/div>\n\t\t\t\t\t\t\t\t\t\t\t<div class=\"elementor-gallery-item__overlay\"><\/div>\n\t\t\t\t\t\t\t\t\t\t\t\t\t\t\t<div class=\"elementor-gallery-item__content\">\n\t\t\t\t\t\t\t\t\t\t\t\t\t\t<div class=\"elementor-gallery-item__title\">\n\t\t\t\t\t\t\t\t\t\t\t\t\t\t\t\t\t\tBikable\t\t\t\t\t\t\t\t<\/div>\n\t\t\t\t\t\t\t\t\t\t\t\t\t\t\t<div class=\"elementor-gallery-item__description\">\n\t\t\t\t\t\t\t\t\t\t\t\t\t\t\t\t\t\tRebranding a market-leading cycle e-commerce company\t\t\t\t\t\t\t\t<\/div>\n\t\t\t\t\t\t\t\t\t\t\t\t<\/div>\n\t\t\t\t\t\t\t\t\t<\/div>\n\t\t\t\t\t<\/div>\n\t\t\t\t\t<\/div>\n\t\t\t\t<\/div>\n\t\t\t\t<div class=\"elementor-element elementor-element-8ff2b47 elementor-widget elementor-widget-spacer\" data-id=\"8ff2b47\" data-element_type=\"widget\" data-e-type=\"widget\" data-widget_type=\"spacer.default\">\n\t\t\t\t<div class=\"elementor-widget-container\">\n\t\t\t\t\t\t\t<div class=\"elementor-spacer\">\n\t\t\t<div class=\"elementor-spacer-inner\"><\/div>\n\t\t<\/div>\n\t\t\t\t\t\t<\/div>\n\t\t\t\t<\/div>\n\t\t\t\t<div class=\"elementor-element elementor-element-61b34fa elementor-align-center elementor-widget elementor-widget-button\" data-id=\"61b34fa\" data-element_type=\"widget\" data-e-type=\"widget\" data-widget_type=\"button.default\">\n\t\t\t\t<div class=\"elementor-widget-container\">\n\t\t\t\t\t\t\t\t\t<div class=\"elementor-button-wrapper\">\n\t\t\t\t\t<a class=\"elementor-button elementor-button-link elementor-size-sm\" href=\"https:\/\/inbold.com\/sv\/tidigare-jobb\/\">\n\t\t\t\t\t\t<span class=\"elementor-button-content-wrapper\">\n\t\t\t\t\t\t\t\t\t<span class=\"elementor-button-text\"><strong>Se mer<\/strong> av vad vi gjort tidigare<\/span>\n\t\t\t\t\t<\/span>\n\t\t\t\t\t<\/a>\n\t\t\t\t<\/div>\n\t\t\t\t\t\t\t\t<\/div>\n\t\t\t\t<\/div>\n\t\t\t\t\t<\/div>\n\t\t<\/div>\n\t\t\t\t\t<\/div>\n\t\t<\/section>\n\t\t\t\t<\/div>\n\t\t","protected":false},"excerpt":{"rendered":"<p>Din ans\u00f6kning har tagits emot! Tack f\u00f6r ditt intresse f\u00f6r den h\u00e4r rollen p\u00e5 InBold. Vi uppskattar tiden som du lagt ned p\u00e5 att ans\u00e4ka och dela dina kvalifikationer med oss. Vi kommer att titta igenom din ans\u00f6kan noggrant i samband med den f\u00f6rsta screeningen och kontaktar dig om du blir utvald till en forts\u00e4ttning [&hellip;]<\/p>\n","protected":false},"author":20,"featured_media":0,"parent":0,"menu_order":0,"comment_status":"closed","ping_status":"closed","template":"","meta":{"_coblocks_attr":"","_coblocks_dimensions":"","_coblocks_responsive_height":"","_coblocks_accordion_ie_support":"","footnotes":"","_wp_rev_ctl_limit":""},"class_list":["post-17968","page","type-page","status-publish","hentry"],"_links":{"self":[{"href":"https:\/\/inbold.com\/sv\/wp-json\/wp\/v2\/pages\/17968","targetHints":{"allow":["GET"]}}],"collection":[{"href":"https:\/\/inbold.com\/sv\/wp-json\/wp\/v2\/pages"}],"about":[{"href":"https:\/\/inbold.com\/sv\/wp-json\/wp\/v2\/types\/page"}],"author":[{"embeddable":true,"href":"https:\/\/inbold.com\/sv\/wp-json\/wp\/v2\/users\/20"}],"replies":[{"embeddable":true,"href":"https:\/\/inbold.com\/sv\/wp-json\/wp\/v2\/comments?post=17968"}],"version-history":[{"count":0,"href":"https:\/\/inbold.com\/sv\/wp-json\/wp\/v2\/pages\/17968\/revisions"}],"wp:attachment":[{"href":"https:\/\/inbold.com\/sv\/wp-json\/wp\/v2\/media?parent=17968"}],"curies":[{"name":"wp","href":"https:\/\/api.w.org\/{rel}","templated":true}]}}