{"id":12854,"date":"2024-07-08T09:39:38","date_gmt":"2024-07-08T09:39:38","guid":{"rendered":"https:\/\/inbold.com\/digital-and-social-media-intern-pa-inbold\/"},"modified":"2025-02-11T04:23:21","modified_gmt":"2025-02-11T04:23:21","slug":"digital-and-social-media-intern-pa-inbold","status":"publish","type":"page","link":"https:\/\/inbold.com\/sv\/digital-and-social-media-intern-pa-inbold\/","title":{"rendered":"Digital and social media intern p\u00e5 InBold"},"content":{"rendered":"\t\t<div data-elementor-type=\"wp-page\" data-elementor-id=\"12854\" class=\"elementor elementor-12854 elementor-12615\" data-elementor-post-type=\"page\">\n\t\t\t\t<div class=\"elementor-element elementor-element-70ecac4 e-con-full e-flex e-con e-child\" data-id=\"70ecac4\" data-element_type=\"container\" data-e-type=\"container\" data-settings=\"{&quot;background_background&quot;:&quot;classic&quot;}\">\n\t\t\t\t<div class=\"elementor-element elementor-element-2e23725 elementor-widget elementor-widget-heading\" data-id=\"2e23725\" data-element_type=\"widget\" data-e-type=\"widget\" data-widget_type=\"heading.default\">\n\t\t\t\t<div class=\"elementor-widget-container\">\n\t\t\t\t\t<h1 class=\"elementor-heading-title elementor-size-default\">Ready to <span class=\"color-4e82fa\">put yourself InBold<\/span> <br><span>\u00c4r du v\u00e5r nya praktikant?<\/span><\/h1>\t\t\t\t<\/div>\n\t\t\t\t<\/div>\n\t\t\t\t<div class=\"elementor-element elementor-element-17fe87e inline-bottom elementor-widget elementor-widget-heading\" data-id=\"17fe87e\" data-element_type=\"widget\" data-e-type=\"widget\" data-widget_type=\"heading.default\">\n\t\t\t\t<div class=\"elementor-widget-container\">\n\t\t\t\t\t<h2 class=\"elementor-heading-title elementor-size-default\">Digital and social media intern p\u00e5 InBold<\/h2>\t\t\t\t<\/div>\n\t\t\t\t<\/div>\n\t\t\t\t<div class=\"elementor-element elementor-element-ec9fb34 elementor-widget__width-initial elementor-widget elementor-widget-text-editor\" data-id=\"ec9fb34\" data-element_type=\"widget\" data-e-type=\"widget\" data-widget_type=\"text-editor.default\">\n\t\t\t\t<div class=\"elementor-widget-container\">\n\t\t\t\t\t\t\t\t\t<p>Vi \u00e4r en <strong>strategisk, kreativ och erfaren<\/strong> kommunikationsbyr\u00e5. Genom research och tydliga budskap, skapar vi ber\u00e4ttelser som leder till \u00f6kad k\u00e4nnedom och \u00f6kad f\u00f6rs\u00e4ljning. Tillsammans bem\u00e4strar vi allt fr\u00e5n content creation och betald annonsering till design, produktion, branding och PR. Vi letar efter ambiti\u00f6sa studenter som \u00e4r redo f\u00f6r att f\u00e5 gott om erfarenhet av den kreativa byr\u00e5v\u00e4rlden. <\/p>\n\t\t\t\t\t\t\t\t<\/div>\n\t\t\t\t<\/div>\n\t\t\t\t<\/div>\n\t\t\t\t<section class=\"elementor-section elementor-top-section elementor-element elementor-element-215d46a elementor-section-full_width elementor-section-content-middle elementor-section-height-default elementor-section-height-default\" data-id=\"215d46a\" data-element_type=\"section\" data-e-type=\"section\" data-settings=\"{&quot;background_background&quot;:&quot;classic&quot;,&quot;mdp_selection_sticky_effect_enable&quot;:false}\">\n\t\t\t\t\t\t<div class=\"elementor-container elementor-column-gap-no\">\n\t\t\t\t\t<div class=\"elementor-column elementor-col-100 elementor-top-column elementor-element elementor-element-46687af\" data-id=\"46687af\" data-element_type=\"column\" data-e-type=\"column\" data-settings=\"{&quot;mdp_selection_sticky_column_effect_enable&quot;:false}\">\n\t\t\t<div class=\"elementor-widget-wrap elementor-element-populated\">\n\t\t\t\t\t\t<div class=\"elementor-element elementor-element-f18cfe0 elementor-widget elementor-widget-image\" data-id=\"f18cfe0\" data-element_type=\"widget\" data-e-type=\"widget\" data-widget_type=\"image.default\">\n\t\t\t\t<div class=\"elementor-widget-container\">\n\t\t\t\t\t\t\t\t\t\t\t\t\t\t\t<img fetchpriority=\"high\" decoding=\"async\" width=\"1920\" height=\"1080\" src=\"https:\/\/inbold.com\/wp-content\/uploads\/2024\/06\/Pandora-The-Pandora-Tour1.jpg\" class=\"attachment-full size-full wp-image-10994\" alt=\"\" srcset=\"https:\/\/inbold.com\/wp-content\/uploads\/2024\/06\/Pandora-The-Pandora-Tour1.jpg 1920w, https:\/\/inbold.com\/wp-content\/uploads\/2024\/06\/Pandora-The-Pandora-Tour1-300x169.jpg 300w, https:\/\/inbold.com\/wp-content\/uploads\/2024\/06\/Pandora-The-Pandora-Tour1-1024x576.jpg 1024w, https:\/\/inbold.com\/wp-content\/uploads\/2024\/06\/Pandora-The-Pandora-Tour1-768x432.jpg 768w, https:\/\/inbold.com\/wp-content\/uploads\/2024\/06\/Pandora-The-Pandora-Tour1-1536x864.jpg 1536w\" sizes=\"(max-width: 1920px) 100vw, 1920px\" \/>\t\t\t\t\t\t\t\t\t\t\t\t\t\t\t<\/div>\n\t\t\t\t<\/div>\n\t\t\t\t<div class=\"elementor-element elementor-element-1af1bd2 elementor-absolute img-absolute center elementor-widget elementor-widget-image\" data-id=\"1af1bd2\" data-element_type=\"widget\" data-e-type=\"widget\" data-settings=\"{&quot;_position&quot;:&quot;absolute&quot;}\" data-widget_type=\"image.default\">\n\t\t\t\t<div class=\"elementor-widget-container\">\n\t\t\t\t\t\t\t\t\t\t\t\t\t\t\t<img decoding=\"async\" width=\"1920\" height=\"1080\" src=\"https:\/\/inbold.com\/wp-content\/uploads\/2024\/06\/Den-Gamle-Fabrik-Baervognen1.jpg\" class=\"attachment-full size-full wp-image-10958\" alt=\"\" srcset=\"https:\/\/inbold.com\/wp-content\/uploads\/2024\/06\/Den-Gamle-Fabrik-Baervognen1.jpg 1920w, https:\/\/inbold.com\/wp-content\/uploads\/2024\/06\/Den-Gamle-Fabrik-Baervognen1-300x169.jpg 300w, https:\/\/inbold.com\/wp-content\/uploads\/2024\/06\/Den-Gamle-Fabrik-Baervognen1-1024x576.jpg 1024w, https:\/\/inbold.com\/wp-content\/uploads\/2024\/06\/Den-Gamle-Fabrik-Baervognen1-768x432.jpg 768w, https:\/\/inbold.com\/wp-content\/uploads\/2024\/06\/Den-Gamle-Fabrik-Baervognen1-1536x864.jpg 1536w\" sizes=\"(max-width: 1920px) 100vw, 1920px\" \/>\t\t\t\t\t\t\t\t\t\t\t\t\t\t\t<\/div>\n\t\t\t\t<\/div>\n\t\t\t\t\t<\/div>\n\t\t<\/div>\n\t\t\t\t\t<\/div>\n\t\t<\/section>\n\t\t<div class=\"elementor-element elementor-element-0591d36 e-con-full e-flex e-con e-child\" data-id=\"0591d36\" data-element_type=\"container\" data-e-type=\"container\" data-settings=\"{&quot;background_background&quot;:&quot;classic&quot;}\">\n\t\t\t\t<div class=\"elementor-element elementor-element-a8c5711 inline-bottom elementor-widget elementor-widget-heading\" data-id=\"a8c5711\" data-element_type=\"widget\" data-e-type=\"widget\" data-widget_type=\"heading.default\">\n\t\t\t\t<div class=\"elementor-widget-container\">\n\t\t\t\t\t<h2 class=\"elementor-heading-title elementor-size-default\">Vill du arbeta med n\u00e5gra av Danmarks st\u00f6rsta och <br> mest v\u00e4lk\u00e4nda varum\u00e4rken i en social och digital kontext?<\/h2>\t\t\t\t<\/div>\n\t\t\t\t<\/div>\n\t\t\t\t<div class=\"elementor-element elementor-element-4528999 elementor-widget__width-initial elementor-widget elementor-widget-text-editor\" data-id=\"4528999\" data-element_type=\"widget\" data-e-type=\"widget\" data-widget_type=\"text-editor.default\">\n\t\t\t\t<div class=\"elementor-widget-container\">\n\t\t\t\t\t\t\t\t\t<p>InBold utvecklar koncept och genomf\u00f6r olika kommunikativa l\u00f6sningar. Vi skapar ber\u00e4ttelser som andra vill dela.<\/p>\n<p>En praktik p\u00e5 InBold ger dig erfarenheter av att arbeta med Facebook, Instagram, LinkedIn, SEO, SEM, Content Marketing, Influencer Marketing och olika analysverktyg. Du \u00e4r med och hittar nya s\u00e4tt att anv\u00e4nda tekniken f\u00f6r experimentell och engagerande brand activation. Till exempel har vi skapat interaktiva billboards, avancerade kalkylatorer och intelligenta varuautomater.<\/p>\n<p>Du kommer att vara en del av v\u00e5rt team inom digital  social media, och arbeta tillsammans med erfarna kunniga konsulter. Om din talang och ambitionsniv\u00e5 \u00e4r tillr\u00e4ckliga, kommer du att f\u00e5 ansvara f\u00f6r dina egna uppgifter och l\u00f6sningar.<\/p>\n\t\t\t\t\t\t\t\t<\/div>\n\t\t\t\t<\/div>\n\t\t\t\t<\/div>\n\t\t<div class=\"elementor-element elementor-element-8043acb e-con-full e-flex e-con e-child\" data-id=\"8043acb\" data-element_type=\"container\" data-e-type=\"container\" data-settings=\"{&quot;background_background&quot;:&quot;classic&quot;}\">\n\t\t\t\t<div class=\"elementor-element elementor-element-a7c4eab inline-bottom elementor-widget elementor-widget-heading\" data-id=\"a7c4eab\" data-element_type=\"widget\" data-e-type=\"widget\" data-widget_type=\"heading.default\">\n\t\t\t\t<div class=\"elementor-widget-container\">\n\t\t\t\t\t<h2 class=\"elementor-heading-title elementor-size-default\">ARBETET SOM SKA UTF\u00d6RAS:<\/h2>\t\t\t\t<\/div>\n\t\t\t\t<\/div>\n\t\t\t\t<div class=\"elementor-element elementor-element-dc3b43f elementor-widget__width-initial elementor-widget elementor-widget-text-editor\" data-id=\"dc3b43f\" data-element_type=\"widget\" data-e-type=\"widget\" data-widget_type=\"text-editor.default\">\n\t\t\t\t<div class=\"elementor-widget-container\">\n\t\t\t\t\t\t\t\t\t<p>Facebook, Instagram, SEO, SEM och Content marketing.<br \/>F\u00f6rbereda content f\u00f6r sociala medier.<br \/>G\u00f6ra research och analys inf\u00f6r kampanjer.<br \/>Redaktionell hantering av konton i sociala medier.<br \/>Organisera och genomf\u00f6ra event, samt f\u00f6rbereda digitalt content f\u00f6r m\u00e5lgruppen.<br \/>Strategisk och praktisk hantering av samarbeten med influencers.<\/p>\n\t\t\t\t\t\t\t\t<\/div>\n\t\t\t\t<\/div>\n\t\t\t\t<\/div>\n\t\t<div class=\"elementor-element elementor-element-38d878c e-con-full e-flex e-con e-child\" data-id=\"38d878c\" data-element_type=\"container\" data-e-type=\"container\" data-settings=\"{&quot;background_background&quot;:&quot;classic&quot;}\">\n\t\t\t\t<div class=\"elementor-element elementor-element-20c6c53 inline-bottom elementor-widget elementor-widget-heading\" data-id=\"20c6c53\" data-element_type=\"widget\" data-e-type=\"widget\" data-widget_type=\"heading.default\">\n\t\t\t\t<div class=\"elementor-widget-container\">\n\t\t\t\t\t<h2 class=\"elementor-heading-title elementor-size-default\">KVALIFIKATIONER:<\/h2>\t\t\t\t<\/div>\n\t\t\t\t<\/div>\n\t\t\t\t<div class=\"elementor-element elementor-element-2f74a26 elementor-widget__width-initial elementor-widget elementor-widget-text-editor\" data-id=\"2f74a26\" data-element_type=\"widget\" data-e-type=\"widget\" data-widget_type=\"text-editor.default\">\n\t\t\t\t<div class=\"elementor-widget-container\">\n\t\t\t\t\t\t\t\t\t<p>Vi ser framf\u00f6r oss att du g\u00e5r en utbildning p\u00e5 h\u00f6gre niv\u00e5 i t ex digital kommunikation, IT eller marknadsf\u00f6ring. Du \u00e4r ambiti\u00f6s, kreativ, nyfiken, strukturerad och en naturlig team player. Du \u00e4r proaktiv och f\u00f6resl\u00e5r dina egna id\u00e9er och l\u00f6sningar p\u00e5 digitala problem. Du vill visa hur duktig du \u00e4r och ser dig sj\u00e4lv som en sj\u00e4lvklar kandidat f\u00f6r att erbjudas en tj\u00e4nst som digital junior consultant p\u00e5 InBold.<\/p>\n\t\t\t\t\t\t\t\t<\/div>\n\t\t\t\t<\/div>\n\t\t\t\t<\/div>\n\t\t<div class=\"elementor-element elementor-element-5c95000 e-con-full e-flex e-con e-child\" data-id=\"5c95000\" data-element_type=\"container\" data-e-type=\"container\" data-settings=\"{&quot;background_background&quot;:&quot;classic&quot;}\">\n\t\t\t\t<div class=\"elementor-element elementor-element-d70ab16 inline-bottom elementor-widget elementor-widget-heading\" data-id=\"d70ab16\" data-element_type=\"widget\" data-e-type=\"widget\" data-widget_type=\"heading.default\">\n\t\t\t\t<div class=\"elementor-widget-container\">\n\t\t\t\t\t<h2 class=\"elementor-heading-title elementor-size-default\">VI ERBJUDER:<\/h2>\t\t\t\t<\/div>\n\t\t\t\t<\/div>\n\t\t\t\t<div class=\"elementor-element elementor-element-fa871ae elementor-widget__width-initial elementor-widget elementor-widget-text-editor\" data-id=\"fa871ae\" data-element_type=\"widget\" data-e-type=\"widget\" data-widget_type=\"text-editor.default\">\n\t\t\t\t<div class=\"elementor-widget-container\">\n\t\t\t\t\t\t\t\t\t<p>En kreativ arbetsplats med plats f\u00f6r alla som \u00e4r n\u00f6rdigt intresserade av kommunikation och marknadsf\u00f6ring.<br \/>En praktik d\u00e4r du f\u00e5r en konsult som blir din mentor under hela praktiken.<br \/>Praktisk erfarenhet av arbetet med kampanjer och f\u00f6rst\u00e5else f\u00f6r konsultrollen.<br \/>Gott om ansvar och sj\u00e4lvst\u00e4ndiga uppgifter.<br \/>Sn\u00e4lla, roliga kollegor, Friday bar och kaffe och snacks.<\/p>\n\t\t\t\t\t\t\t\t<\/div>\n\t\t\t\t<\/div>\n\t\t\t\t<\/div>\n\t\t<div class=\"elementor-element elementor-element-f8b9465 e-con-full e-flex e-con e-child\" data-id=\"f8b9465\" data-element_type=\"container\" data-e-type=\"container\" data-settings=\"{&quot;background_background&quot;:&quot;classic&quot;}\">\n\t\t\t\t<div class=\"elementor-element elementor-element-3c84c91 inline-bottom elementor-widget elementor-widget-heading\" data-id=\"3c84c91\" data-element_type=\"widget\" data-e-type=\"widget\" data-widget_type=\"heading.default\">\n\t\t\t\t<div class=\"elementor-widget-container\">\n\t\t\t\t\t<h2 class=\"elementor-heading-title elementor-size-default\">V\u00c5R ANS\u00d6KNINGSPERIOD \u00c4R IG\u00c5NG<\/h2>\t\t\t\t<\/div>\n\t\t\t\t<\/div>\n\t\t<div class=\"elementor-element elementor-element-b22c5ed section-btn e-flex e-con-boxed e-con e-child\" data-id=\"b22c5ed\" data-element_type=\"container\" data-e-type=\"container\">\n\t\t\t\t\t<div class=\"e-con-inner\">\n\t\t<div class=\"elementor-element elementor-element-c5d5412 e-con-full e-flex e-con e-child\" data-id=\"c5d5412\" data-element_type=\"container\" data-e-type=\"container\">\n\t\t\t\t<div class=\"elementor-element elementor-element-2df70cb elementor-align-center elementor-widget__width-initial elementor-widget elementor-widget-button\" data-id=\"2df70cb\" data-element_type=\"widget\" data-e-type=\"widget\" data-widget_type=\"button.default\">\n\t\t\t\t<div class=\"elementor-widget-container\">\n\t\t\t\t\t\t\t\t\t<div class=\"elementor-button-wrapper\">\n\t\t\t\t\t<a class=\"elementor-button elementor-button-link elementor-size-sm\" href=\"#elementor-action%3Aaction%3Dpopup%3Aopen%26settings%3DeyJpZCI6MTI3OTcsInRvZ2dsZSI6ZmFsc2V9\">\n\t\t\t\t\t\t<span class=\"elementor-button-content-wrapper\">\n\t\t\t\t\t\t\t\t\t<span class=\"elementor-button-text\">ANS\u00d6K I K\u00d6PENHAMN<\/span>\n\t\t\t\t\t<\/span>\n\t\t\t\t\t<\/a>\n\t\t\t\t<\/div>\n\t\t\t\t\t\t\t\t<\/div>\n\t\t\t\t<\/div>\n\t\t\t\t<\/div>\n\t\t<div class=\"elementor-element elementor-element-d7db507 e-con-full e-flex e-con e-child\" data-id=\"d7db507\" data-element_type=\"container\" data-e-type=\"container\">\n\t\t\t\t<div class=\"elementor-element elementor-element-b5f3709 elementor-align-center elementor-widget__width-initial elementor-widget elementor-widget-button\" data-id=\"b5f3709\" data-element_type=\"widget\" data-e-type=\"widget\" data-widget_type=\"button.default\">\n\t\t\t\t<div class=\"elementor-widget-container\">\n\t\t\t\t\t\t\t\t\t<div class=\"elementor-button-wrapper\">\n\t\t\t\t\t<a class=\"elementor-button elementor-button-link elementor-size-sm\" href=\"https:\/\/inbold.talent.vn\/home\" target=\"_blank\" rel=\"noopener\">\n\t\t\t\t\t\t<span class=\"elementor-button-content-wrapper\">\n\t\t\t\t\t\t\t\t\t<span class=\"elementor-button-text\">ANS\u00d6K I SAIGON<\/span>\n\t\t\t\t\t<\/span>\n\t\t\t\t\t<\/a>\n\t\t\t\t<\/div>\n\t\t\t\t\t\t\t\t<\/div>\n\t\t\t\t<\/div>\n\t\t\t\t<\/div>\n\t\t<div class=\"elementor-element elementor-element-e300f10 e-con-full e-flex e-con e-child\" data-id=\"e300f10\" data-element_type=\"container\" data-e-type=\"container\">\n\t\t\t\t<div class=\"elementor-element elementor-element-6182726 elementor-align-center elementor-widget__width-initial elementor-widget elementor-widget-button\" data-id=\"6182726\" data-element_type=\"widget\" data-e-type=\"widget\" data-widget_type=\"button.default\">\n\t\t\t\t<div class=\"elementor-widget-container\">\n\t\t\t\t\t\t\t\t\t<div class=\"elementor-button-wrapper\">\n\t\t\t\t\t<a class=\"elementor-button elementor-button-link elementor-size-sm\" href=\"#elementor-action%3Aaction%3Dpopup%3Aopen%26settings%3DeyJpZCI6MTI4MDAsInRvZ2dsZSI6ZmFsc2V9\">\n\t\t\t\t\t\t<span class=\"elementor-button-content-wrapper\">\n\t\t\t\t\t\t\t\t\t<span class=\"elementor-button-text\">ANS\u00d6K I STOCKHOLM<\/span>\n\t\t\t\t\t<\/span>\n\t\t\t\t\t<\/a>\n\t\t\t\t<\/div>\n\t\t\t\t\t\t\t\t<\/div>\n\t\t\t\t<\/div>\n\t\t\t\t<\/div>\n\t\t\t\t\t<\/div>\n\t\t\t\t<\/div>\n\t\t\t\t<\/div>\n\t\t\t\t<section class=\"elementor-section elementor-top-section elementor-element elementor-element-2a3f88a elementor-section-full_width elementor-section-content-middle video-booster elementor-section-height-default elementor-section-height-default\" data-id=\"2a3f88a\" data-element_type=\"section\" data-e-type=\"section\" data-settings=\"{&quot;background_background&quot;:&quot;classic&quot;,&quot;mdp_selection_sticky_effect_enable&quot;:false}\">\n\t\t\t\t\t\t<div class=\"elementor-container elementor-column-gap-no\">\n\t\t\t\t\t<div class=\"elementor-column elementor-col-100 elementor-top-column elementor-element elementor-element-bb57222\" data-id=\"bb57222\" data-element_type=\"column\" data-e-type=\"column\" data-settings=\"{&quot;mdp_selection_sticky_column_effect_enable&quot;:false}\">\n\t\t\t<div class=\"elementor-widget-wrap elementor-element-populated\">\n\t\t\t\t\t\t<div class=\"elementor-element elementor-element-0e36e78 elementor-widget__width-inherit elementor-widget elementor-widget-video\" data-id=\"0e36e78\" data-element_type=\"widget\" data-e-type=\"widget\" data-settings=\"{&quot;video_type&quot;:&quot;hosted&quot;,&quot;autoplay&quot;:&quot;yes&quot;,&quot;mute&quot;:&quot;yes&quot;,&quot;loop&quot;:&quot;yes&quot;,&quot;play_on_mobile&quot;:&quot;yes&quot;}\" data-widget_type=\"video.default\">\n\t\t\t\t<div class=\"elementor-widget-container\">\n\t\t\t\t\t\t\t<div class=\"e-hosted-video elementor-wrapper elementor-open-inline\">\n\t\t\t\t\t<video class=\"elementor-video\" src=\"https:\/\/inbold.com\/wp-content\/uploads\/2024\/04\/compfilm_logov2.mp4\" autoplay=\"\" loop=\"\" muted=\"muted\" playsinline=\"\" controlsList=\"nodownload\"><\/video>\n\t\t\t\t<\/div>\n\t\t\t\t\t\t<\/div>\n\t\t\t\t<\/div>\n\t\t\t\t\t<\/div>\n\t\t<\/div>\n\t\t\t\t\t<\/div>\n\t\t<\/section>\n\t\t\t\t<section class=\"elementor-section elementor-top-section elementor-element elementor-element-1b32bae section-form elementor-section-boxed elementor-section-height-default elementor-section-height-default\" data-id=\"1b32bae\" data-element_type=\"section\" data-e-type=\"section\" data-settings=\"{&quot;background_background&quot;:&quot;classic&quot;,&quot;mdp_selection_sticky_effect_enable&quot;:false}\">\n\t\t\t\t\t\t<div class=\"elementor-container elementor-column-gap-default\">\n\t\t\t\t\t<div class=\"elementor-column elementor-col-100 elementor-top-column elementor-element elementor-element-1096c81\" data-id=\"1096c81\" data-element_type=\"column\" data-e-type=\"column\" data-settings=\"{&quot;mdp_selection_sticky_column_effect_enable&quot;:false}\">\n\t\t\t<div class=\"elementor-widget-wrap elementor-element-populated\">\n\t\t\t\t\t\t<div class=\"elementor-element elementor-element-4ac4368 animated-slow elementor-invisible elementor-widget elementor-widget-heading\" data-id=\"4ac4368\" data-element_type=\"widget\" data-e-type=\"widget\" data-settings=\"{&quot;_animation&quot;:&quot;fadeIn&quot;,&quot;_animation_delay&quot;:200}\" data-widget_type=\"heading.default\">\n\t\t\t\t<div class=\"elementor-widget-container\">\n\t\t\t\t\t<h4 class=\"elementor-heading-title elementor-size-default\">Let\u2019s talk<\/h4>\t\t\t\t<\/div>\n\t\t\t\t<\/div>\n\t\t\t\t<div class=\"elementor-element elementor-element-acb17fe elementor-button-align-center elementor-mobile-button-align-stretch elementor-widget elementor-widget-form\" data-id=\"acb17fe\" data-element_type=\"widget\" data-e-type=\"widget\" data-settings=\"{&quot;step_next_label&quot;:&quot;N\\u00e4sta&quot;,&quot;step_previous_label&quot;:&quot;F\\u00f6reg\\u00e5ende&quot;,&quot;step_type&quot;:&quot;number_text&quot;,&quot;step_icon_shape&quot;:&quot;circle&quot;}\" data-widget_type=\"form.default\">\n\t\t\t\t<div class=\"elementor-widget-container\">\n\t\t\t\t\t\t\t<form class=\"elementor-form\" method=\"post\" name=\"Nytt formul\u00e4r\" aria-label=\"Nytt formul\u00e4r\">\n\t\t\t<input type=\"hidden\" name=\"post_id\" value=\"12854\"\/>\n\t\t\t<input type=\"hidden\" name=\"form_id\" value=\"acb17fe\"\/>\n\t\t\t<input type=\"hidden\" name=\"referer_title\" value=\"\" \/>\n\n\t\t\t\n\t\t\t<div class=\"elementor-form-fields-wrapper elementor-labels-above\">\n\t\t\t\t\t\t\t\t<div class=\"elementor-field-type-text elementor-field-group elementor-column elementor-field-group-name elementor-col-50 elementor-md-100 elementor-field-required\">\n\t\t\t\t\t\t\t\t\t\t\t\t<label for=\"form-field-name\" class=\"elementor-field-label\">\n\t\t\t\t\t\t\t\tNamn\t\t\t\t\t\t\t<\/label>\n\t\t\t\t\t\t\t\t\t\t\t\t\t\t<input size=\"1\" type=\"text\" name=\"form_fields[name]\" id=\"form-field-name\" class=\"elementor-field elementor-size-md  elementor-field-textual\" placeholder=\"NAMN\" required=\"required\">\n\t\t\t\t\t\t\t\t\t\t\t<\/div>\n\t\t\t\t\t\t\t\t<div class=\"elementor-field-type-email elementor-field-group elementor-column elementor-field-group-email elementor-col-50 elementor-md-100 elementor-field-required\">\n\t\t\t\t\t\t\t\t\t\t\t\t<label for=\"form-field-email\" class=\"elementor-field-label\">\n\t\t\t\t\t\t\t\tDin mailadress\t\t\t\t\t\t\t<\/label>\n\t\t\t\t\t\t\t\t\t\t\t\t\t\t<input size=\"1\" type=\"email\" name=\"form_fields[email]\" id=\"form-field-email\" class=\"elementor-field elementor-size-md  elementor-field-textual\" placeholder=\"E-MAIL\" required=\"required\">\n\t\t\t\t\t\t\t\t\t\t\t<\/div>\n\t\t\t\t\t\t\t\t<div class=\"elementor-field-type-textarea elementor-field-group elementor-column elementor-field-group-message elementor-col-100\">\n\t\t\t\t\t\t\t\t\t\t\t\t<label for=\"form-field-message\" class=\"elementor-field-label\">\n\t\t\t\t\t\t\t\tMeddelande\t\t\t\t\t\t\t<\/label>\n\t\t\t\t\t\t<textarea class=\"elementor-field-textual elementor-field  elementor-size-md\" name=\"form_fields[message]\" id=\"form-field-message\" rows=\"6\" placeholder=\"SKRIV TILL OSS\"><\/textarea>\t\t\t\t<\/div>\n\t\t\t\t\t\t\t\t<div class=\"elementor-field-group elementor-column elementor-field-type-submit elementor-col-100 e-form__buttons\">\n\t\t\t\t\t<button class=\"elementor-button elementor-size-md\" type=\"submit\">\n\t\t\t\t\t\t<span class=\"elementor-button-content-wrapper\">\n\t\t\t\t\t\t\t\t\t\t\t\t\t\t\t\t\t\t\t\t\t\t<span class=\"elementor-button-text\">Skicka<\/span>\n\t\t\t\t\t\t\t\t\t\t\t\t\t<\/span>\n\t\t\t\t\t<\/button>\n\t\t\t\t<\/div>\n\t\t\t<\/div>\n\t\t<\/form>\n\t\t\t\t\t\t<\/div>\n\t\t\t\t<\/div>\n\t\t\t\t\t<\/div>\n\t\t<\/div>\n\t\t\t\t\t<\/div>\n\t\t<\/section>\n\t\t\t\t<\/div>\n\t\t","protected":false},"excerpt":{"rendered":"<p>Ready to put yourself InBold \u00c4r du v\u00e5r nya praktikant? Digital and social media intern p\u00e5 InBold Vi \u00e4r en strategisk, kreativ och erfaren kommunikationsbyr\u00e5. Genom research och tydliga budskap, skapar vi ber\u00e4ttelser som leder till \u00f6kad k\u00e4nnedom och \u00f6kad f\u00f6rs\u00e4ljning. Tillsammans bem\u00e4strar vi allt fr\u00e5n content creation och betald annonsering till design, produktion, branding [&hellip;]<\/p>\n","protected":false},"author":20,"featured_media":0,"parent":0,"menu_order":0,"comment_status":"closed","ping_status":"closed","template":"","meta":{"_coblocks_attr":"","_coblocks_dimensions":"","_coblocks_responsive_height":"","_coblocks_accordion_ie_support":"","footnotes":"","_wp_rev_ctl_limit":""},"class_list":["post-12854","page","type-page","status-publish","hentry"],"_links":{"self":[{"href":"https:\/\/inbold.com\/sv\/wp-json\/wp\/v2\/pages\/12854","targetHints":{"allow":["GET"]}}],"collection":[{"href":"https:\/\/inbold.com\/sv\/wp-json\/wp\/v2\/pages"}],"about":[{"href":"https:\/\/inbold.com\/sv\/wp-json\/wp\/v2\/types\/page"}],"author":[{"embeddable":true,"href":"https:\/\/inbold.com\/sv\/wp-json\/wp\/v2\/users\/20"}],"replies":[{"embeddable":true,"href":"https:\/\/inbold.com\/sv\/wp-json\/wp\/v2\/comments?post=12854"}],"version-history":[{"count":0,"href":"https:\/\/inbold.com\/sv\/wp-json\/wp\/v2\/pages\/12854\/revisions"}],"wp:attachment":[{"href":"https:\/\/inbold.com\/sv\/wp-json\/wp\/v2\/media?parent=12854"}],"curies":[{"name":"wp","href":"https:\/\/api.w.org\/{rel}","templated":true}]}}