{"id":12846,"date":"2024-07-08T10:04:56","date_gmt":"2024-07-08T10:04:56","guid":{"rendered":"https:\/\/inbold.com\/stockholm-karriar\/"},"modified":"2025-02-11T04:23:39","modified_gmt":"2025-02-11T04:23:39","slug":"stockholm-karriar","status":"publish","type":"page","link":"https:\/\/inbold.com\/sv\/stockholm-karriar\/","title":{"rendered":"Stockholm-karri\u00e4r"},"content":{"rendered":"\t\t<div data-elementor-type=\"wp-page\" data-elementor-id=\"12846\" class=\"elementor elementor-12846 elementor-12648\" data-elementor-post-type=\"page\">\n\t\t\t\t<div class=\"elementor-element elementor-element-70ecac4 e-con-full e-flex elementor-invisible e-con e-child\" data-id=\"70ecac4\" data-element_type=\"container\" data-e-type=\"container\" data-settings=\"{&quot;background_background&quot;:&quot;classic&quot;,&quot;animation&quot;:&quot;fadeIn&quot;}\">\n\t\t\t\t<div class=\"elementor-element elementor-element-2e23725 elementor-widget elementor-widget-heading\" data-id=\"2e23725\" data-element_type=\"widget\" data-e-type=\"widget\" data-widget_type=\"heading.default\">\n\t\t\t\t<div class=\"elementor-widget-container\">\n\t\t\t\t\t<h1 class=\"elementor-heading-title elementor-size-default\">Stockholm<\/h1>\t\t\t\t<\/div>\n\t\t\t\t<\/div>\n\t\t\t\t<div class=\"elementor-element elementor-element-ec9fb34 elementor-widget__width-initial elementor-widget elementor-widget-text-editor\" data-id=\"ec9fb34\" data-element_type=\"widget\" data-e-type=\"widget\" data-widget_type=\"text-editor.default\">\n\t\t\t\t<div class=\"elementor-widget-container\">\n\t\t\t\t\t\t\t\t\t<p>Vi \u00e4r alltid p\u00e5 jakt efter talangfulla praktikanter, studenter och heltidskonsulter som kan passa i v\u00e5ra team som jobbar med PR, design, copywriting och digital\/social medier.<\/p>\n<p>L\u00e4s mer om lediga tj\u00e4nster genom att klicka i listan nedan.<\/p>\n\t\t\t\t\t\t\t\t<\/div>\n\t\t\t\t<\/div>\n\t\t\t\t<\/div>\n\t\t\t\t<section class=\"elementor-section elementor-top-section elementor-element elementor-element-65b265a elementor-section-full_width elementor-section-content-middle oder-mobile elementor-section-height-default elementor-section-height-default elementor-invisible\" data-id=\"65b265a\" data-element_type=\"section\" data-e-type=\"section\" data-settings=\"{&quot;background_background&quot;:&quot;classic&quot;,&quot;animation&quot;:&quot;fadeIn&quot;,&quot;mdp_selection_sticky_effect_enable&quot;:false}\">\n\t\t\t\t\t\t<div class=\"elementor-container elementor-column-gap-no\">\n\t\t\t\t\t<div class=\"elementor-column elementor-col-50 elementor-top-column elementor-element elementor-element-5caebef\" data-id=\"5caebef\" data-element_type=\"column\" data-e-type=\"column\" data-settings=\"{&quot;background_background&quot;:&quot;classic&quot;,&quot;mdp_selection_sticky_column_effect_enable&quot;:false}\">\n\t\t\t<div class=\"elementor-widget-wrap elementor-element-populated\">\n\t\t\t\t\t\t<div class=\"elementor-element elementor-element-f4f518b elementor-widget elementor-widget-heading\" data-id=\"f4f518b\" data-element_type=\"widget\" data-e-type=\"widget\" data-widget_type=\"heading.default\">\n\t\t\t\t<div class=\"elementor-widget-container\">\n\t\t\t\t\t<h2 class=\"elementor-heading-title elementor-size-default\"><a href=\"https:\/\/inbold.com\/unsolicited-application\/\">Spontan <br> ans\u00f6kan<\/a><\/h2>\t\t\t\t<\/div>\n\t\t\t\t<\/div>\n\t\t\t\t<section class=\"elementor-section elementor-inner-section elementor-element elementor-element-03de2a7 elementor-section-full_width elementor-section-height-default elementor-section-height-default\" data-id=\"03de2a7\" data-element_type=\"section\" data-e-type=\"section\" data-settings=\"{&quot;mdp_selection_sticky_effect_enable&quot;:false}\">\n\t\t\t\t\t\t<div class=\"elementor-container elementor-column-gap-default\">\n\t\t\t\t\t<div class=\"elementor-column elementor-col-100 elementor-inner-column elementor-element elementor-element-a85d6de\" data-id=\"a85d6de\" data-element_type=\"column\" data-e-type=\"column\" data-settings=\"{&quot;mdp_selection_sticky_column_effect_enable&quot;:false}\">\n\t\t\t<div class=\"elementor-widget-wrap elementor-element-populated\">\n\t\t\t\t\t\t<div class=\"elementor-element elementor-element-766dea5 elementor-widget__width-initial max-534 elementor-widget elementor-widget-text-editor\" data-id=\"766dea5\" data-element_type=\"widget\" data-e-type=\"widget\" data-widget_type=\"text-editor.default\">\n\t\t\t\t<div class=\"elementor-widget-container\">\n\t\t\t\t\t\t\t\t\t<p>Vi letar alltid efter nya talanger. <\/p>\n<p>Om du tror att du har vad som kr\u00e4vs f\u00f6r att jobba p\u00e5 en snabb dynamisk arbetsplats, vill vi g\u00e4rna att du h\u00f6r av dig.<\/p>\n\t\t\t\t\t\t\t\t<\/div>\n\t\t\t\t<\/div>\n\t\t\t\t\t<\/div>\n\t\t<\/div>\n\t\t\t\t\t<\/div>\n\t\t<\/section>\n\t\t\t\t<div class=\"elementor-element elementor-element-bcca4d6 elementor-align-right elementor-mobile-align-center elementor-widget elementor-widget-button\" data-id=\"bcca4d6\" data-element_type=\"widget\" data-e-type=\"widget\" data-widget_type=\"button.default\">\n\t\t\t\t<div class=\"elementor-widget-container\">\n\t\t\t\t\t\t\t\t\t<div class=\"elementor-button-wrapper\">\n\t\t\t\t\t<a class=\"elementor-button elementor-button-link elementor-size-sm\" href=\"https:\/\/inbold.com\/unsolicited-application\/\">\n\t\t\t\t\t\t<span class=\"elementor-button-content-wrapper\">\n\t\t\t\t\t\t\t\t\t<span class=\"elementor-button-text\">L\u00c4S <b>MER<\/b><\/span>\n\t\t\t\t\t<\/span>\n\t\t\t\t\t<\/a>\n\t\t\t\t<\/div>\n\t\t\t\t\t\t\t\t<\/div>\n\t\t\t\t<\/div>\n\t\t\t\t\t<\/div>\n\t\t<\/div>\n\t\t\t\t<div class=\"elementor-column elementor-col-50 elementor-top-column elementor-element elementor-element-dffea78\" data-id=\"dffea78\" data-element_type=\"column\" data-e-type=\"column\" data-settings=\"{&quot;mdp_selection_sticky_column_effect_enable&quot;:false}\">\n\t\t\t<div class=\"elementor-widget-wrap elementor-element-populated\">\n\t\t\t\t\t\t<div class=\"elementor-element elementor-element-d9211da elementor-widget elementor-widget-image\" data-id=\"d9211da\" data-element_type=\"widget\" data-e-type=\"widget\" data-widget_type=\"image.default\">\n\t\t\t\t<div class=\"elementor-widget-container\">\n\t\t\t\t\t\t\t\t\t\t\t\t\t\t\t<img fetchpriority=\"high\" decoding=\"async\" width=\"1920\" height=\"1080\" src=\"https:\/\/inbold.com\/wp-content\/uploads\/2024\/06\/Pandora-The-Pandora-Tour1.jpg\" class=\"attachment-full size-full wp-image-10994\" alt=\"\" srcset=\"https:\/\/inbold.com\/wp-content\/uploads\/2024\/06\/Pandora-The-Pandora-Tour1.jpg 1920w, https:\/\/inbold.com\/wp-content\/uploads\/2024\/06\/Pandora-The-Pandora-Tour1-300x169.jpg 300w, https:\/\/inbold.com\/wp-content\/uploads\/2024\/06\/Pandora-The-Pandora-Tour1-1024x576.jpg 1024w, https:\/\/inbold.com\/wp-content\/uploads\/2024\/06\/Pandora-The-Pandora-Tour1-768x432.jpg 768w, https:\/\/inbold.com\/wp-content\/uploads\/2024\/06\/Pandora-The-Pandora-Tour1-1536x864.jpg 1536w\" sizes=\"(max-width: 1920px) 100vw, 1920px\" \/>\t\t\t\t\t\t\t\t\t\t\t\t\t\t\t<\/div>\n\t\t\t\t<\/div>\n\t\t\t\t<div class=\"elementor-element elementor-element-d033289 text-logo-absolute max-504 elementor-widget elementor-widget-text-editor\" data-id=\"d033289\" data-element_type=\"widget\" data-e-type=\"widget\" data-widget_type=\"text-editor.default\">\n\t\t\t\t<div class=\"elementor-widget-container\">\n\t\t\t\t\t\t\t\t\t<div class=\"group-logo\" style=\"background: url('https:\/\/inbold.com\/wp-content\/uploads\/2024\/04\/Screenshot-2024-06-07-at-23.45.01.png') no-repeat center center;\">\n<div class=\"top\">V\u00c5R<\/div>\n<img decoding=\"async\" src=\"https:\/\/inbold.com\/wp-content\/uploads\/2024\/07\/logo-white.png\" alt=\"logo\">\n\n<\/div>\t\t\t\t\t\t\t\t<\/div>\n\t\t\t\t<\/div>\n\t\t\t\t\t<\/div>\n\t\t<\/div>\n\t\t\t\t\t<\/div>\n\t\t<\/section>\n\t\t\t\t<section class=\"elementor-section elementor-top-section elementor-element elementor-element-1b32bae section-form elementor-section-boxed elementor-section-height-default elementor-section-height-default elementor-invisible\" data-id=\"1b32bae\" data-element_type=\"section\" data-e-type=\"section\" data-settings=\"{&quot;background_background&quot;:&quot;classic&quot;,&quot;animation&quot;:&quot;fadeIn&quot;,&quot;mdp_selection_sticky_effect_enable&quot;:false}\">\n\t\t\t\t\t\t<div class=\"elementor-container elementor-column-gap-default\">\n\t\t\t\t\t<div class=\"elementor-column elementor-col-100 elementor-top-column elementor-element elementor-element-1096c81\" data-id=\"1096c81\" data-element_type=\"column\" data-e-type=\"column\" data-settings=\"{&quot;mdp_selection_sticky_column_effect_enable&quot;:false}\">\n\t\t\t<div class=\"elementor-widget-wrap elementor-element-populated\">\n\t\t\t\t\t\t<div class=\"elementor-element elementor-element-4ac4368 elementor-widget elementor-widget-heading\" data-id=\"4ac4368\" data-element_type=\"widget\" data-e-type=\"widget\" data-widget_type=\"heading.default\">\n\t\t\t\t<div class=\"elementor-widget-container\">\n\t\t\t\t\t<h4 class=\"elementor-heading-title elementor-size-default\">Let\u2019s talk<\/h4>\t\t\t\t<\/div>\n\t\t\t\t<\/div>\n\t\t\t\t<div class=\"elementor-element elementor-element-acb17fe elementor-button-align-center elementor-mobile-button-align-stretch elementor-widget elementor-widget-form\" data-id=\"acb17fe\" data-element_type=\"widget\" data-e-type=\"widget\" data-settings=\"{&quot;step_next_label&quot;:&quot;N\\u00e4sta&quot;,&quot;step_previous_label&quot;:&quot;F\\u00f6reg\\u00e5ende&quot;,&quot;step_type&quot;:&quot;number_text&quot;,&quot;step_icon_shape&quot;:&quot;circle&quot;}\" data-widget_type=\"form.default\">\n\t\t\t\t<div class=\"elementor-widget-container\">\n\t\t\t\t\t\t\t<form class=\"elementor-form\" method=\"post\" name=\"Nytt formul\u00e4r\" aria-label=\"Nytt formul\u00e4r\">\n\t\t\t<input type=\"hidden\" name=\"post_id\" value=\"12846\"\/>\n\t\t\t<input type=\"hidden\" name=\"form_id\" value=\"acb17fe\"\/>\n\t\t\t<input type=\"hidden\" name=\"referer_title\" value=\"Stockholm-karri\u00e4r - InBold\" \/>\n\n\t\t\t\t\t\t\t<input type=\"hidden\" name=\"queried_id\" value=\"12846\"\/>\n\t\t\t\n\t\t\t<div class=\"elementor-form-fields-wrapper elementor-labels-above\">\n\t\t\t\t\t\t\t\t<div class=\"elementor-field-type-text elementor-field-group elementor-column elementor-field-group-name elementor-col-50 elementor-md-100 elementor-field-required\">\n\t\t\t\t\t\t\t\t\t\t\t\t<label for=\"form-field-name\" class=\"elementor-field-label\">\n\t\t\t\t\t\t\t\tNamn\t\t\t\t\t\t\t<\/label>\n\t\t\t\t\t\t\t\t\t\t\t\t\t\t<input size=\"1\" type=\"text\" name=\"form_fields[name]\" id=\"form-field-name\" class=\"elementor-field elementor-size-md  elementor-field-textual\" placeholder=\"NAMN\" required=\"required\">\n\t\t\t\t\t\t\t\t\t\t\t<\/div>\n\t\t\t\t\t\t\t\t<div class=\"elementor-field-type-email elementor-field-group elementor-column elementor-field-group-email elementor-col-50 elementor-md-100 elementor-field-required\">\n\t\t\t\t\t\t\t\t\t\t\t\t<label for=\"form-field-email\" class=\"elementor-field-label\">\n\t\t\t\t\t\t\t\tDin mailadress\t\t\t\t\t\t\t<\/label>\n\t\t\t\t\t\t\t\t\t\t\t\t\t\t<input size=\"1\" type=\"email\" name=\"form_fields[email]\" id=\"form-field-email\" class=\"elementor-field elementor-size-md  elementor-field-textual\" placeholder=\"E-MAIL\" required=\"required\">\n\t\t\t\t\t\t\t\t\t\t\t<\/div>\n\t\t\t\t\t\t\t\t<div class=\"elementor-field-type-textarea elementor-field-group elementor-column elementor-field-group-message elementor-col-100\">\n\t\t\t\t\t\t\t\t\t\t\t\t<label for=\"form-field-message\" class=\"elementor-field-label\">\n\t\t\t\t\t\t\t\tMeddelande\t\t\t\t\t\t\t<\/label>\n\t\t\t\t\t\t<textarea class=\"elementor-field-textual elementor-field  elementor-size-md\" name=\"form_fields[message]\" id=\"form-field-message\" rows=\"6\" placeholder=\"SKRIV TILL OSS\"><\/textarea>\t\t\t\t<\/div>\n\t\t\t\t\t\t\t\t<div class=\"elementor-field-group elementor-column elementor-field-type-submit elementor-col-100 e-form__buttons\">\n\t\t\t\t\t<button class=\"elementor-button elementor-size-md\" type=\"submit\">\n\t\t\t\t\t\t<span class=\"elementor-button-content-wrapper\">\n\t\t\t\t\t\t\t\t\t\t\t\t\t\t\t\t\t\t\t\t\t\t<span class=\"elementor-button-text\">Skicka<\/span>\n\t\t\t\t\t\t\t\t\t\t\t\t\t<\/span>\n\t\t\t\t\t<\/button>\n\t\t\t\t<\/div>\n\t\t\t<\/div>\n\t\t<\/form>\n\t\t\t\t\t\t<\/div>\n\t\t\t\t<\/div>\n\t\t\t\t\t<\/div>\n\t\t<\/div>\n\t\t\t\t\t<\/div>\n\t\t<\/section>\n\t\t\t\t<\/div>\n\t\t","protected":false},"excerpt":{"rendered":"<p>Stockholm Vi \u00e4r alltid p\u00e5 jakt efter talangfulla praktikanter, studenter och heltidskonsulter som kan passa i v\u00e5ra team som jobbar med PR, design, copywriting och digital\/social medier. L\u00e4s mer om lediga tj\u00e4nster genom att klicka i listan nedan. Spontan ans\u00f6kan Vi letar alltid efter nya talanger. Om du tror att du har vad som kr\u00e4vs [&hellip;]<\/p>\n","protected":false},"author":20,"featured_media":0,"parent":0,"menu_order":0,"comment_status":"closed","ping_status":"closed","template":"","meta":{"_coblocks_attr":"","_coblocks_dimensions":"","_coblocks_responsive_height":"","_coblocks_accordion_ie_support":"","footnotes":"","_wp_rev_ctl_limit":""},"class_list":["post-12846","page","type-page","status-publish","hentry"],"_links":{"self":[{"href":"https:\/\/inbold.com\/sv\/wp-json\/wp\/v2\/pages\/12846","targetHints":{"allow":["GET"]}}],"collection":[{"href":"https:\/\/inbold.com\/sv\/wp-json\/wp\/v2\/pages"}],"about":[{"href":"https:\/\/inbold.com\/sv\/wp-json\/wp\/v2\/types\/page"}],"author":[{"embeddable":true,"href":"https:\/\/inbold.com\/sv\/wp-json\/wp\/v2\/users\/20"}],"replies":[{"embeddable":true,"href":"https:\/\/inbold.com\/sv\/wp-json\/wp\/v2\/comments?post=12846"}],"version-history":[{"count":0,"href":"https:\/\/inbold.com\/sv\/wp-json\/wp\/v2\/pages\/12846\/revisions"}],"wp:attachment":[{"href":"https:\/\/inbold.com\/sv\/wp-json\/wp\/v2\/media?parent=12846"}],"curies":[{"name":"wp","href":"https:\/\/api.w.org\/{rel}","templated":true}]}}