{"id":12223,"date":"2024-04-09T11:22:00","date_gmt":"2024-04-09T11:22:00","guid":{"rendered":"https:\/\/inbold.com\/sekretesspolicy\/"},"modified":"2025-01-31T11:39:47","modified_gmt":"2025-01-31T11:39:47","slug":"sekretesspolicy","status":"publish","type":"page","link":"https:\/\/inbold.com\/sv\/sekretesspolicy\/","title":{"rendered":"Sekretesspolicy"},"content":{"rendered":"\t\t<div data-elementor-type=\"wp-page\" data-elementor-id=\"12223\" class=\"elementor elementor-12223 elementor-3\" data-elementor-post-type=\"page\">\n\t\t\t\t<div class=\"elementor-element elementor-element-68f94e4c e-flex e-con-boxed e-con e-parent\" data-id=\"68f94e4c\" data-element_type=\"container\" data-e-type=\"container\">\n\t\t\t\t\t<div class=\"e-con-inner\">\n\t\t\t\t<div class=\"elementor-element elementor-element-346f2129 elementor-widget elementor-widget-text-editor\" data-id=\"346f2129\" data-element_type=\"widget\" data-e-type=\"widget\" data-widget_type=\"text-editor.default\">\n\t\t\t\t<div class=\"elementor-widget-container\">\n\t\t\t\t\t\t\t\t\t\n<p><strong>SEKRETESSPOLICY<\/strong><\/p>\n<p>InBolds officiella integritetsf\u00f6rklaring<br>InBold \u00e4r m\u00e5na om att skydda din integritet. Denna sekretesspolicy g\u00e5r igenom datainsamling och anv\u00e4ndning av InBolds webbplats (\u201dWebbplatsen\u201d); den g\u00e4ller inte f\u00f6r offlineprodukter eller tj\u00e4nster. Genom att bes\u00f6ka webbplatsen samtycker du till den informationsinsamling och anv\u00e4ndningspraxis som beskrivs i denna sekretesspolicy.<br><br>Vad \u00e4r cookies och hur anv\u00e4nder ni dem?<br>Cookies anv\u00e4nds p\u00e5 denna webbplats f\u00f6r att s\u00e4kerst\u00e4lla registreringsprocessens integritet och f\u00f6r att anpassa webbplatsen. En cookie \u00e4r en liten textfil som placeras p\u00e5 din h\u00e5rddisk f\u00f6r att g\u00f6ra det m\u00f6jligt f\u00f6r en webbplats att komma ih\u00e5g din specifika information vid efterf\u00f6ljande bes\u00f6k, vilket sparar tid och anstr\u00e4ngning. \u00c4ven om cookies kan komma ih\u00e5g din information f\u00f6r att ge dig denna bekv\u00e4mlighet kan de inte anv\u00e4ndas f\u00f6r att k\u00f6ra program eller sprida virus till din dator. Denna webbplats anv\u00e4nder cookies f\u00f6r att leverera relevant inneh\u00e5ll, underl\u00e4tta webbplatsnavigering eller samla in information f\u00f6r statistik, till exempel hur m\u00e5nga bes\u00f6kare v\u00e5r webbplats fick. Du har m\u00f6jlighet att acceptera eller avvisa cookies n\u00e4r som helst, och du kan ocks\u00e5 radera cookies fr\u00e5n ditt operativsystem. Att avvisa eller radera cookies kan dock hindra dig fr\u00e5n att fullt ut uppleva alla funktioner p\u00e5 denna webbplats. Ingen information som samlas in av cookies p\u00e5 denna webbplats kommer att delas med n\u00e5gon utomst\u00e5ende part.<br><br>Vad \u00e4r personlig information?<br>Personuppgifter \u00e4r all information som identifierar dig eller som kan anv\u00e4ndas f\u00f6r att h\u00e4rleda din identitet. Den personliga information vi samlar in kan inkludera ditt namn, titel, f\u00f6retags- eller organisationsnamn, e-postadress, arbetstelefon, arbets- eller hemadress, information om din arbetsfunktion, information om ditt f\u00f6retag och kreditkortsinformation, om det kr\u00e4vs, f\u00f6r k\u00f6p av InBolds produkter eller tj\u00e4nster.<br><br>Varf\u00f6r samlar ni in min personliga information?<br>Den information som efterfr\u00e5gas p\u00e5 denna webbplats kr\u00e4vs f\u00f6r att behandla din beg\u00e4ran om mer information om v\u00e5rt f\u00f6retag, v\u00e5ra tj\u00e4nster och produkter. Tillg\u00e5ng till denna information kommer att begr\u00e4nsas till InBolds anst\u00e4llda, administrat\u00f6rer eller InBolds internetkonsulter som \u00e4r ansvariga f\u00f6r marknadsf\u00f6ring och administration av InBolds tj\u00e4nster. Ditt samtycke till anv\u00e4ndning av personlig information f\u00f6r att erbjuda dig produkter och tj\u00e4nster \u00e4r valfritt, och om du vill avbryta s\u00e5dan anv\u00e4ndning, kontakta oss elektroniskt eller skriv till:<br>InBold A\/S<br>Att. Sekretessansvarig<br>Nannasgade 28<br>DK-2200 Copenhagen N<br>Danmark<br><br>Hur kommer ni att anv\u00e4nda mina personuppgifter?<br>Den personliga information som samlas in p\u00e5 denna webbplats kommer att anv\u00e4ndas f\u00f6r att driva webbplatsen och f\u00f6r att tillhandah\u00e5lla de tj\u00e4nster eller genomf\u00f6ra de transaktioner som du har beg\u00e4rt. F\u00f6r att st\u00f6dja dessa anv\u00e4ndningsomr\u00e5den kan InBold anv\u00e4nda personlig information f\u00f6r att ge dig en mer effektiv kundservice och\/eller f\u00f6r att ge dig viktig information om den produkt eller tj\u00e4nst som du anv\u00e4nder, inklusive viktiga uppdateringar och meddelanden. Dessutom kan vi skicka information till dig om andra produkter och tj\u00e4nster fr\u00e5n InBold.<br><br>Hur kontrollerar jag InBolds anv\u00e4ndning av min personliga information?<br>F\u00f6rutom vad som i \u00f6vrigt beskrivs i detta uttalande kommer personlig information som du tillhandah\u00e5ller p\u00e5 webbplatsen inte att delas utanf\u00f6r InBold-anst\u00e4llda, administrat\u00f6rer eller InBold Internet Franchise Consultants som ansvarar f\u00f6r marknadsf\u00f6ring och administration av InBold-tj\u00e4nster utan ditt tillst\u00e5nd. I n\u00e4sta avsnitt beskrivs hur du kan komma \u00e5t din personliga information.<br><br>Hur f\u00e5r jag tillg\u00e5ng till min personliga information?<br>InBold A\/S<br>Att. Sekretessansvarig<br>Dronningens Tv\u00e6rgade 7<br>1302 Copenhagen K<br>Danmark<br><br>Hur skyddar InBold min personliga information?<br>InBold \u00e4r m\u00e5na om att skydda din personliga information. Vi anv\u00e4nder oss av olika s\u00e4kerhetstekniker och f\u00f6rfaranden f\u00f6r att skydda din personliga information fr\u00e5n obeh\u00f6rig \u00e5tkomst, anv\u00e4ndning eller avsl\u00f6jande. Till exempel lagrar vi den personliga information som du tillhandah\u00e5ller p\u00e5 datorservrar med begr\u00e4nsad \u00e5tkomst som finns i kontrollerade anl\u00e4ggningar.<br><br>Hur kan jag l\u00e4mna kommentarer p\u00e5 er integritetspolicy?<br>InBold v\u00e4lkomnar dina kommentarer p\u00e5 detta integritetsmeddelande. Om du tror att InBold inte har f\u00f6ljt denna sekretesspolicy, v\u00e4nligen kontakta oss elektroniskt eller via post p\u00e5 adressen nedan, s\u00e5 kommer vi att g\u00f6ra kommersiellt rimliga anstr\u00e4ngningar f\u00f6r att omedelbart fastst\u00e4lla och \u00e5tg\u00e4rda problemet.<\/p>\n<p>InBold A\/S<br>Att. Sekretessansvarig<br>Dronningens Tv\u00e6rgade 7<br>1302 Copenhagen K<br>Danmark<br><br>Alternativ f\u00f6r borttagning<br>Du kan beg\u00e4ra att din person- och kontaktinformation tas bort fr\u00e5n v\u00e5ra databaser. Du kan kontakta oss direkt via v\u00e5rt kontaktformul\u00e4r f\u00f6r detta \u00e4rende.<br><br><strong>POLICY F\u00d6R COOKIES<\/strong><\/p>\n<p>Vi anv\u00e4nder ett antal olika cookies p\u00e5 v\u00e5r webbplats. Om du inte vet vad cookies \u00e4r eller hur du kontrollerar eller tar bort dem rekommenderar vi att du bes\u00f6ker http:\/\/www.aboutcookies.org f\u00f6r detaljerad v\u00e4gledning. Listan nedan beskriver de cookies som vi anv\u00e4nder p\u00e5 den h\u00e4r webbplatsen och vad vi anv\u00e4nder dem till. F\u00f6r n\u00e4rvarande till\u00e4mpar vi en policy med \u201dunderf\u00f6rst\u00e5tt samtycke\u201d, vilket inneb\u00e4r att vi antar att du \u00e4r n\u00f6jd med denna anv\u00e4ndning. Om du inte \u00e4r n\u00f6jd b\u00f6r du antingen inte anv\u00e4nda den h\u00e4r webbplatsen, radera de cookies som du har bes\u00f6kt webbplatsen med eller surfa p\u00e5 webbplatsen med hj\u00e4lp av din webbl\u00e4sares inst\u00e4llningar f\u00f6r anonym anv\u00e4ndning (kallas \u201dIncognito\u201d i Chrome, \u201dInPrivate\u201d f\u00f6r Internet Explorer, \u201dPrivate Browsing\u201d i Firefox och Safari etc.)<\/p>\n<p>Cookies fr\u00e5n f\u00f6rsta part<br>Dessa \u00e4r cookies som st\u00e4lls in direkt av denna webbplats. Cookies f\u00f6r anv\u00e4ndarsessioner: Vi anv\u00e4nder cookies f\u00f6r anv\u00e4ndarsessioner f\u00f6r att identifiera och s\u00e4rskilja anv\u00e4ndare p\u00e5 webbplatsen och f\u00f6r att l\u00e5ta dem anv\u00e4nda specifika funktioner p\u00e5 webbplatsen, t.ex. PDF-exportfunktionen. Google Analytics: Vi anv\u00e4nder Google Analytics f\u00f6r att samla in information om bes\u00f6karnas beteende p\u00e5 v\u00e5r webbplats. Google Analytics lagrar information om vilka sidor du bes\u00f6ker, hur l\u00e4nge du \u00e4r p\u00e5 webbplatsen, hur du kom hit och vad du klickar p\u00e5. Dessa Analytics-data samlas in via en JavaScript-tagg p\u00e5 sidorna p\u00e5 v\u00e5r webbplats och \u00e4r inte knutna till personligt identifierbar information. Vi samlar d\u00e4rf\u00f6r inte in eller lagrar din personliga information (t.ex. ditt namn eller din adress) s\u00e5 denna information kan inte anv\u00e4ndas f\u00f6r att identifiera vem du \u00e4r. Du kan l\u00e4sa mer om Googles inst\u00e4llning till integritet n\u00e4r det g\u00e4ller denna analystj\u00e4nst p\u00e5 http:\/\/www.google.com\/intl\/en_uk\/analytics\/privacyoverview.html<\/p>\n<p>Cookies fr\u00e5n tredje part<br>Detta \u00e4r cookies som lagras p\u00e5 din dator av externa webbplatser vars tj\u00e4nster anv\u00e4nds p\u00e5 denna webbplats. Cookies av denna typ \u00e4r de delningsknappar som finns p\u00e5 webbplatsen och som g\u00f6r det m\u00f6jligt f\u00f6r bes\u00f6kare att dela inneh\u00e5ll p\u00e5 sociala n\u00e4tverk. Cookies s\u00e4tts f\u00f6r n\u00e4rvarande av Facebook och Instagram. F\u00f6r att implementera dessa knappar och ansluta dem till relevanta sociala n\u00e4tverk och externa webbplatser finns det skript fr\u00e5n dom\u00e4ner utanf\u00f6r v\u00e5r webbplats. Du b\u00f6r vara medveten om att dessa webbplatser sannolikt samlar in information om vad du g\u00f6r \u00f6verallt p\u00e5 internet, inklusive p\u00e5 denna webbplats. Du b\u00f6r kontrollera respektive policy f\u00f6r var och en av dessa webbplatser f\u00f6r att se exakt hur de anv\u00e4nder din information och f\u00f6r att ta reda p\u00e5 hur du v\u00e4ljer bort eller tar bort s\u00e5dan information.<\/p>\n\t\t\t\t\t\t\t\t<\/div>\n\t\t\t\t<\/div>\n\t\t\t\t\t<\/div>\n\t\t\t\t<\/div>\n\t\t\t\t<section class=\"elementor-section elementor-top-section elementor-element elementor-element-584cbf7d elementor-section-full_width elementor-section-height-default elementor-section-height-default\" data-id=\"584cbf7d\" data-element_type=\"section\" data-e-type=\"section\" data-settings=\"{&quot;mdp_selection_sticky_effect_enable&quot;:false}\">\n\t\t\t\t\t\t<div class=\"elementor-container elementor-column-gap-default\">\n\t\t\t\t\t<div class=\"elementor-column elementor-col-100 elementor-top-column elementor-element elementor-element-1427a2af\" data-id=\"1427a2af\" data-element_type=\"column\" data-e-type=\"column\" data-settings=\"{&quot;mdp_selection_sticky_column_effect_enable&quot;:false}\">\n\t\t\t<div class=\"elementor-widget-wrap elementor-element-populated\">\n\t\t\t\t\t\t<div class=\"elementor-element elementor-element-4111eee elementor-widget-divider--view-line elementor-widget elementor-widget-divider\" data-id=\"4111eee\" data-element_type=\"widget\" data-e-type=\"widget\" data-widget_type=\"divider.default\">\n\t\t\t\t<div class=\"elementor-widget-container\">\n\t\t\t\t\t\t\t<div class=\"elementor-divider\">\n\t\t\t<span class=\"elementor-divider-separator\">\n\t\t\t\t\t\t<\/span>\n\t\t<\/div>\n\t\t\t\t\t\t<\/div>\n\t\t\t\t<\/div>\n\t\t\t\t\t<\/div>\n\t\t<\/div>\n\t\t\t\t\t<\/div>\n\t\t<\/section>\n\t\t\t\t<\/div>\n\t\t","protected":false},"excerpt":{"rendered":"<p>SEKRETESSPOLICY InBolds officiella integritetsf\u00f6rklaringInBold \u00e4r m\u00e5na om att skydda din integritet. Denna sekretesspolicy g\u00e5r igenom datainsamling och anv\u00e4ndning av InBolds webbplats (\u201dWebbplatsen\u201d); den g\u00e4ller inte f\u00f6r offlineprodukter eller tj\u00e4nster. Genom att bes\u00f6ka webbplatsen samtycker du till den informationsinsamling och anv\u00e4ndningspraxis som beskrivs i denna sekretesspolicy. Vad \u00e4r cookies och hur anv\u00e4nder ni dem?Cookies anv\u00e4nds p\u00e5 [&hellip;]<\/p>\n","protected":false},"author":1,"featured_media":0,"parent":0,"menu_order":0,"comment_status":"closed","ping_status":"open","template":"","meta":{"_coblocks_attr":"","_coblocks_dimensions":"","_coblocks_responsive_height":"","_coblocks_accordion_ie_support":"","footnotes":"","_wp_rev_ctl_limit":""},"class_list":["post-12223","page","type-page","status-publish","hentry"],"_links":{"self":[{"href":"https:\/\/inbold.com\/sv\/wp-json\/wp\/v2\/pages\/12223","targetHints":{"allow":["GET"]}}],"collection":[{"href":"https:\/\/inbold.com\/sv\/wp-json\/wp\/v2\/pages"}],"about":[{"href":"https:\/\/inbold.com\/sv\/wp-json\/wp\/v2\/types\/page"}],"author":[{"embeddable":true,"href":"https:\/\/inbold.com\/sv\/wp-json\/wp\/v2\/users\/1"}],"replies":[{"embeddable":true,"href":"https:\/\/inbold.com\/sv\/wp-json\/wp\/v2\/comments?post=12223"}],"version-history":[{"count":0,"href":"https:\/\/inbold.com\/sv\/wp-json\/wp\/v2\/pages\/12223\/revisions"}],"wp:attachment":[{"href":"https:\/\/inbold.com\/sv\/wp-json\/wp\/v2\/media?parent=12223"}],"curies":[{"name":"wp","href":"https:\/\/api.w.org\/{rel}","templated":true}]}}