{"id":12885,"date":"2024-04-09T11:22:00","date_gmt":"2024-04-09T11:22:00","guid":{"rendered":"https:\/\/inbold.com\/personvern\/"},"modified":"2024-08-14T09:54:33","modified_gmt":"2024-08-14T09:54:33","slug":"personvern","status":"publish","type":"page","link":"https:\/\/inbold.com\/no\/personvern\/","title":{"rendered":"Personvern"},"content":{"rendered":"\t\t<div data-elementor-type=\"wp-page\" data-elementor-id=\"12885\" class=\"elementor elementor-12885 elementor-3\" data-elementor-post-type=\"page\">\n\t\t\t\t<div class=\"elementor-element elementor-element-68f94e4c e-flex e-con-boxed e-con e-parent\" data-id=\"68f94e4c\" data-element_type=\"container\" data-e-type=\"container\">\n\t\t\t\t\t<div class=\"e-con-inner\">\n\t\t\t\t<div class=\"elementor-element elementor-element-346f2129 elementor-widget elementor-widget-text-editor\" data-id=\"346f2129\" data-element_type=\"widget\" data-e-type=\"widget\" data-widget_type=\"text-editor.default\">\n\t\t\t\t<div class=\"elementor-widget-container\">\n\t\t\t\t\t\t\t\t\t\n<p><strong>Personvern<\/strong><\/p>\n<p>InBolds offisielle personvernerkl\u00e6ring<br>InBold er optatt av \u00e5 beskytte personvernet ditt. Denne personvernerkl\u00e6ringen redegj\u00f8r for datainnsamling og bruk av data p\u00e5 InBolds nettstedet (\u00abnettstedet\u00bb); den gjelder ikke for offline-produkter eller -tjenester. Ved \u00e5 g\u00e5 inn p\u00e5 nettstedet samtykker du til innsamling og bruk av informasjon som er beskrevet i denne personvernerkl\u00e6ringen.<br><br>Hva er informasjonskapsler, og hvordan bruker du dem?<br>Hva er informasjonskapsler, og hvordan bruker du dem? En informasjonskapsel er en liten tekstfil som plasseres p\u00e5 harddisken din for \u00e5 gj\u00f8re det mulig for et nettsted \u00e5 huske din spesifikke informasjon ved senere bes\u00f8k, slik at du sparer tid og krefter. Selv om informasjonskapsler kan huske informasjonen din for \u00e5 gi deg denne komforten, kan de ikke brukes til \u00e5 kj\u00f8re programmer eller spre virus til datamaskinen din. Dette nettstedet bruker informasjonskapsler for \u00e5 levere relevant innhold, gj\u00f8re det enklere \u00e5 navigere p\u00e5 nettstedet eller samle inn informasjon til statistisk bruk, for eksempel hvor mange bes\u00f8kende nettstedet v\u00e5rt har hatt. Du kan n\u00e5r som helst godta eller avvise informasjonskapsler, og du kan ogs\u00e5 slette informasjonskapsler fra operativsystemet ditt. Hvis du avviser eller sletter informasjonskapsler, kan det imidlertid f\u00f8re til at du ikke kan bruke alle funksjonene p\u00e5 dette nettstedet til det fulleste. Ingen informasjon som samles inn ved hjelp av informasjonskapsler p\u00e5 dette nettstedet, vil bli delt med utenforst\u00e5ende parter.<br><br>Hva er personopplysninger?<br>Personopplysninger er all informasjon som identifiserer deg, eller som kan brukes til \u00e5 fastsl\u00e5 identiteten din. Personopplysningene vi samler inn kan omfatte navn, tittel, firma- eller organisasjonsnavn, jobb-e-post, jobbtelefon, jobb- eller hjemmeadresse, informasjon om din jobbfunksjon, informasjon om firmaet ditt og kredittkortinformasjon, hvis det er n\u00f8dvendig, for kj\u00f8p av InBold-produkter eller -tjenester.<br><br>Hvorfor samler dere inn personopplysningene mine?<br>Informasjonen du blir bedt om \u00e5 oppgi p\u00e5 dette nettstedet, er n\u00f8dvendig for \u00e5 behandle foresp\u00f8rselen din om mer informasjon om selskapet, tjenestene og produktene v\u00e5re. Tilgang til denne informasjonen vil v\u00e6re begrenset til InBold-ansatte, administratorer eller InBold Internet Consultants som er ansvarlige for markedsf\u00f8ring og administrasjon av InBold-tjenester. Ditt samtykke til bruk av personopplysninger for \u00e5 tilby deg produkter og tjenester er valgfritt, og hvis du \u00f8nsker \u00e5 avbryte denne bruken, kan du kontakte oss elektronisk eller skrive til:<br>InBold A\/S<br>Att. Privacy Officer<br>Nannasgade 28<br>DK-2200 Copenhagen N<br>Danmark<br><br>Hvordan vil dere bruke personopplysningene mine?<br>Personopplysningene som samles inn p\u00e5 dette nettstedet, vil bli brukt til \u00e5 drive nettstedet og til \u00e5 levere tjenesten(e) eller utf\u00f8re transaksjonen(e) du har bedt om. For \u00e5 st\u00f8tte disse bruksomr\u00e5dene kan InBold bruke personopplysninger for \u00e5 gi deg en mer effektiv kundeservice og\/eller for \u00e5 gi deg viktig informasjon om produktet eller tjenesten du bruker, inkludert kritiske oppdateringer og varsler. I tillegg kan vi sende deg informasjon om andre produkter og tjenester fra InBold.<br><br>Hvordan kontrollerer jeg InBolds bruk av mine personopplysninger?<br>Med unntak av det som er beskrevet i denne erkl\u00e6ringen, vil personopplysninger du oppgir p\u00e5 nettstedet ikke bli delt med andre enn InBolds ansatte, administratorer eller InBolds Internett-franchisekonsulenter som er ansvarlige for markedsf\u00f8ring og administrasjon av InBolds tjenester, uten din tillatelse. Som beskrevet nedenfor, kan du f\u00e5 tilgang til personopplysningene dine.<br><br>Hvordan f\u00e5r jeg tilgang til personopplysningene mine?<br>InBold A\/S<br>Att. Privacy Officer<br>Dronningens Tv\u00e6rgade 7<br>1302 K\u00f8benhavn K<br>Danmark<br><br>Hvordan beskytter InBold sikkerheten til personopplysningene mine?<br>InBold er opptatt av \u00e5 beskytte sikkerheten til personopplysningene dine. Vi bruker en rekke sikkerhetsteknologier og -prosedyrer for \u00e5 beskytte personopplysningene dine mot uautorisert tilgang, bruk eller utlevering. Vi lagrer for eksempel personopplysningene du oppgir p\u00e5 dataservere med begrenset tilgang, som befinner seg i kontrollerte lokaler.<br><br>Hvordan kan jeg komme med kommentarer til personvernerkl\u00e6ringen deres?<br>InBold tar gjerne imot dine kommentarer ang\u00e5ende denne personvernerkl\u00e6ringen. Hvis du mener at InBold ikke har overholdt denne personvernerkl\u00e6ringen, kan du kontakte oss elektronisk eller via post p\u00e5 adressen nedenfor, og vi vil, innenfor rimelighetens grenser, anstrenge oss for \u00e5 finne ut av problemet og utbedre det umiddelbart.<\/p>\n<p>InBold A\/S<br>Att. Privacy Officer<br>Dronningens Tv\u00e6rgade 7<br>1302 K\u00f8benhavn K<br>Danmark<br><br>Mulighet for \u00e5 velge bort<br>Du kan f\u00e5 person- og kontaktopplysningene dine fjernet fra databasene v\u00e5re. Du kan kontakte oss direkte via kontaktskjemaet v\u00e5rt for \u00e5 foreta denne foresp\u00f8rselen.<br><br><strong>RETNINGSLINJER FOR INFORMASJONSKAPSLER<\/strong><\/p>\n<p>Vi bruker en rekke forskjellige informasjonskapsler p\u00e5 nettstedet v\u00e5rt. Hvis du ikke vet hva informasjonskapsler er, eller hvordan du kontrollerer eller sletter dem, anbefaler vi at du bes\u00f8ker http:\/\/www.aboutcookies.org for detaljert veiledning. Listen nedenfor beskriver informasjonskapslene vi bruker p\u00e5 dette nettstedet, og hva vi bruker dem til. For \u00f8yeblikket har vi en policy om \u00abunderforst\u00e5tt samtykke\u00bb, noe som betyr at vi antar at du er forn\u00f8yd med denne bruken. Hvis du ikke er forn\u00f8yd, b\u00f8r du enten ikke bruke dette nettstedet, slette informasjonskapslene etter \u00e5 ha bes\u00f8kt nettstedet, eller du b\u00f8r surfe p\u00e5 nettstedet ved hjelp av nettleserens innstillinger for anonym bruk (kalt \u00abInkognito\u00bb i Chrome, \u00abInPrivate\u00bb for Internet Explorer, \u00abPrivate Browsing\u00bb i Firefox og Safari osv).<\/p>\n<p>F\u00f8rsteparts informasjonskapsler<br>Dette er informasjonskapsler som settes direkte av dette nettstedet. Informasjonskapsler for bruker\u00f8kter: Vi bruker informasjonskapsler for bruker\u00f8kter for \u00e5 identifisere og skille mellom brukere p\u00e5 nettstedet, og for \u00e5 gj\u00f8re det mulig for dem \u00e5 bruke bestemte funksjoner p\u00e5 nettstedet, for eksempel PDF-eksportfunksjonen. Google Analytics: Vi bruker Google Analytics for \u00e5 samle inn informasjon om bes\u00f8kendes atferd p\u00e5 nettstedet v\u00e5rt. Google Analytics lagrer informasjon om hvilke sider du bes\u00f8ker, hvor lenge du er p\u00e5 nettstedet, hvordan du kom hit og hva du klikker p\u00e5. Disse analysedataene samles inn via en JavaScript-tagg p\u00e5 sidene p\u00e5 nettstedet v\u00e5rt og er ikke knyttet til personlig identifiserbar informasjon, og vi samler derfor ikke inn eller lagrer personlig informasjon om deg (f.eks. navn eller adresse). Denne informasjonen kan alts\u00e5 ikke brukes til \u00e5 identifisere hvem du er. Du kan lese mer om Googles holdning til personvern n\u00e5r det gjelder analysetjenesten p\u00e5 http:\/\/www.google.com\/intl\/en_uk\/analytics\/privacyoverview.html<\/p>\n<p>Tredjeparts informasjonskapsler<br>Dette er informasjonskapsler som settes p\u00e5 maskinen din av eksterne nettsteder hvis tjenester brukes p\u00e5 dette nettstedet. Informasjonskapsler av denne typen er delingsknappene p\u00e5 nettstedet, som gj\u00f8r det mulig for bes\u00f8kende \u00e5 dele innhold p\u00e5 sosiale nettverk. Informasjonskapsler settes for \u00f8yeblikket av Facebook og Instagram. For \u00e5 implementere disse knappene og koble dem til de relevante sosiale nettverkene og eksterne nettstedene, er det skript fra domener utenfor nettstedet v\u00e5rt. Du b\u00f8r v\u00e6re klar over at disse nettstedene sannsynligvis vil samle inn informasjon om hva du gj\u00f8r overalt p\u00e5 internett, inkludert p\u00e5 dette nettstedet. Du b\u00f8r sjekke de respektive retningslinjene til hvert av disse nettstedene for \u00e5 se n\u00f8yaktig hvordan de bruker informasjonen din, og for \u00e5 finne ut hvordan du kan velge bort eller slette slik informasjon.<\/p>\n\t\t\t\t\t\t\t\t<\/div>\n\t\t\t\t<\/div>\n\t\t\t\t\t<\/div>\n\t\t\t\t<\/div>\n\t\t\t\t<section class=\"elementor-section elementor-top-section elementor-element elementor-element-584cbf7d elementor-section-full_width elementor-section-height-default elementor-section-height-default\" data-id=\"584cbf7d\" data-element_type=\"section\" data-e-type=\"section\" data-settings=\"{&quot;mdp_selection_sticky_effect_enable&quot;:false}\">\n\t\t\t\t\t\t<div class=\"elementor-container elementor-column-gap-default\">\n\t\t\t\t\t<div class=\"elementor-column elementor-col-100 elementor-top-column elementor-element elementor-element-1427a2af\" data-id=\"1427a2af\" data-element_type=\"column\" data-e-type=\"column\" data-settings=\"{&quot;mdp_selection_sticky_column_effect_enable&quot;:false}\">\n\t\t\t<div class=\"elementor-widget-wrap elementor-element-populated\">\n\t\t\t\t\t\t<div class=\"elementor-element elementor-element-4111eee elementor-widget-divider--view-line elementor-widget elementor-widget-divider\" data-id=\"4111eee\" data-element_type=\"widget\" data-e-type=\"widget\" data-widget_type=\"divider.default\">\n\t\t\t\t<div class=\"elementor-widget-container\">\n\t\t\t\t\t\t\t<div class=\"elementor-divider\">\n\t\t\t<span class=\"elementor-divider-separator\">\n\t\t\t\t\t\t<\/span>\n\t\t<\/div>\n\t\t\t\t\t\t<\/div>\n\t\t\t\t<\/div>\n\t\t\t\t\t<\/div>\n\t\t<\/div>\n\t\t\t\t\t<\/div>\n\t\t<\/section>\n\t\t\t\t<\/div>\n\t\t","protected":false},"excerpt":{"rendered":"<p>Personvern InBolds offisielle personvernerkl\u00e6ringInBold er optatt av \u00e5 beskytte personvernet ditt. Denne personvernerkl\u00e6ringen redegj\u00f8r for datainnsamling og bruk av data p\u00e5 InBolds nettstedet (\u00abnettstedet\u00bb); den gjelder ikke for offline-produkter eller -tjenester. Ved \u00e5 g\u00e5 inn p\u00e5 nettstedet samtykker du til innsamling og bruk av informasjon som er beskrevet i denne personvernerkl\u00e6ringen. Hva er informasjonskapsler, og [&hellip;]<\/p>\n","protected":false},"author":1,"featured_media":0,"parent":0,"menu_order":0,"comment_status":"closed","ping_status":"open","template":"","meta":{"_coblocks_attr":"","_coblocks_dimensions":"","_coblocks_responsive_height":"","_coblocks_accordion_ie_support":"","footnotes":"","_wp_rev_ctl_limit":""},"class_list":["post-12885","page","type-page","status-publish","hentry"],"_links":{"self":[{"href":"https:\/\/inbold.com\/no\/wp-json\/wp\/v2\/pages\/12885","targetHints":{"allow":["GET"]}}],"collection":[{"href":"https:\/\/inbold.com\/no\/wp-json\/wp\/v2\/pages"}],"about":[{"href":"https:\/\/inbold.com\/no\/wp-json\/wp\/v2\/types\/page"}],"author":[{"embeddable":true,"href":"https:\/\/inbold.com\/no\/wp-json\/wp\/v2\/users\/1"}],"replies":[{"embeddable":true,"href":"https:\/\/inbold.com\/no\/wp-json\/wp\/v2\/comments?post=12885"}],"version-history":[{"count":0,"href":"https:\/\/inbold.com\/no\/wp-json\/wp\/v2\/pages\/12885\/revisions"}],"wp:attachment":[{"href":"https:\/\/inbold.com\/no\/wp-json\/wp\/v2\/media?parent=12885"}],"curies":[{"name":"wp","href":"https:\/\/api.w.org\/{rel}","templated":true}]}}