{"id":12715,"date":"2024-07-08T09:51:09","date_gmt":"2024-07-08T09:51:09","guid":{"rendered":"https:\/\/inbold.com\/design-praktikant-hos-inbold\/"},"modified":"2025-07-28T11:45:07","modified_gmt":"2025-07-28T11:45:07","slug":"design-praktikant-hos-inbold","status":"publish","type":"page","link":"https:\/\/inbold.com\/no\/design-praktikant-hos-inbold\/","title":{"rendered":"Design-praktikant hos InBold"},"content":{"rendered":"\t\t<div data-elementor-type=\"wp-page\" data-elementor-id=\"12715\" class=\"elementor elementor-12715 elementor-12620\" data-elementor-post-type=\"page\">\n\t\t\t\t<div class=\"elementor-element elementor-element-70ecac4 e-con-full e-flex e-con e-child\" data-id=\"70ecac4\" data-element_type=\"container\" data-e-type=\"container\" data-settings=\"{&quot;background_background&quot;:&quot;classic&quot;}\">\n\t\t\t\t<div class=\"elementor-element elementor-element-2e23725 elementor-widget elementor-widget-heading\" data-id=\"2e23725\" data-element_type=\"widget\" data-e-type=\"widget\" data-widget_type=\"heading.default\">\n\t\t\t\t<div class=\"elementor-widget-container\">\n\t\t\t\t\t<h1 class=\"elementor-heading-title elementor-size-default\">Er du klar til \u00e5 <span class=\"color-4e82fa\">v\u00e6re ekstra Bold <\/span><br><span>som v\u00e5r nye praktikant?<\/span><\/h1>\t\t\t\t<\/div>\n\t\t\t\t<\/div>\n\t\t\t\t<div class=\"elementor-element elementor-element-17fe87e inline-bottom elementor-widget elementor-widget-heading\" data-id=\"17fe87e\" data-element_type=\"widget\" data-e-type=\"widget\" data-widget_type=\"heading.default\">\n\t\t\t\t<div class=\"elementor-widget-container\">\n\t\t\t\t\t<h2 class=\"elementor-heading-title elementor-size-default\">Design-praktikant hos InBold<\/h2>\t\t\t\t<\/div>\n\t\t\t\t<\/div>\n\t\t\t\t<div class=\"elementor-element elementor-element-ec9fb34 elementor-widget__width-initial elementor-widget elementor-widget-text-editor\" data-id=\"ec9fb34\" data-element_type=\"widget\" data-e-type=\"widget\" data-widget_type=\"text-editor.default\">\n\t\t\t\t<div class=\"elementor-widget-container\">\n\t\t\t\t\t\t\t\t\t<p>Vi er et <strong>strategisk, kreativt og erfarent<\/strong> kommunikasjonsbyr\u00e5 Gjennom research og tydelige budskap skaper vi historier som f\u00f8rer til \u00f8kt oppmerksomhet og salg. Sammen mestrer vi alt fra innholdsproduksjon og betalt annonsering til design, produksjon, merkevarebygging og PR. Vi ser etter ambisi\u00f8se studenter som er klare for \u00e5 f\u00e5 mye erfaring i den kreative byr\u00e5verdenen.    <\/p>\t\t\t\t\t\t\t\t<\/div>\n\t\t\t\t<\/div>\n\t\t\t\t<div class=\"elementor-element elementor-element-2c17d94 elementor-widget elementor-widget-image\" data-id=\"2c17d94\" data-element_type=\"widget\" data-e-type=\"widget\" data-widget_type=\"image.default\">\n\t\t\t\t<div class=\"elementor-widget-container\">\n\t\t\t\t\t\t\t\t\t\t\t\t\t\t\t<img fetchpriority=\"high\" decoding=\"async\" width=\"1920\" height=\"1080\" src=\"https:\/\/inbold.com\/wp-content\/uploads\/2025\/06\/creative-design-16-9.png\" class=\"attachment-full size-full wp-image-20121\" alt=\"\" srcset=\"https:\/\/inbold.com\/wp-content\/uploads\/2025\/06\/creative-design-16-9.png 1920w, https:\/\/inbold.com\/wp-content\/uploads\/2025\/06\/creative-design-16-9-300x169.png 300w, https:\/\/inbold.com\/wp-content\/uploads\/2025\/06\/creative-design-16-9-1024x576.png 1024w, https:\/\/inbold.com\/wp-content\/uploads\/2025\/06\/creative-design-16-9-768x432.png 768w, https:\/\/inbold.com\/wp-content\/uploads\/2025\/06\/creative-design-16-9-1536x864.png 1536w\" sizes=\"(max-width: 1920px) 100vw, 1920px\" \/>\t\t\t\t\t\t\t\t\t\t\t\t\t\t\t<\/div>\n\t\t\t\t<\/div>\n\t\t\t\t<\/div>\n\t\t<div class=\"elementor-element elementor-element-0591d36 e-con-full e-flex e-con e-child\" data-id=\"0591d36\" data-element_type=\"container\" data-e-type=\"container\" data-settings=\"{&quot;background_background&quot;:&quot;classic&quot;}\">\n\t\t\t\t<div class=\"elementor-element elementor-element-a8c5711 inline-bottom elementor-widget elementor-widget-heading\" data-id=\"a8c5711\" data-element_type=\"widget\" data-e-type=\"widget\" data-widget_type=\"heading.default\">\n\t\t\t\t<div class=\"elementor-widget-container\">\n\t\t\t\t\t<h2 class=\"elementor-heading-title elementor-size-default\">Har du ferdigheter og ambisjoner om \u00e5 pr\u00f8ve ut talentet ditt i byr\u00e5verdenen? <br> Hos InBold f\u00e5r du jobbe med noen av de st\u00f8rste og mest kjente merkevarene i verden.<\/h2>\t\t\t\t<\/div>\n\t\t\t\t<\/div>\n\t\t\t\t<div class=\"elementor-element elementor-element-4528999 elementor-widget__width-initial elementor-widget elementor-widget-text-editor\" data-id=\"4528999\" data-element_type=\"widget\" data-e-type=\"widget\" data-widget_type=\"text-editor.default\">\n\t\t\t\t<div class=\"elementor-widget-container\">\n\t\t\t\t\t\t\t\t\t<p>Vi forventer at du som designpraktikant tar del i utf\u00f8relsen av konsepter og h\u00e5ndterer oppgavene dine fra oppstart til endelig levering. Det er viktig at du har et stort driv, tenker kreativt, har en strukturert arbeidsflyt og er ansvarsbevisst. Du b\u00f8r ogs\u00e5 v\u00e6re villig til \u00e5, innimellom, hjelpe til med \u00e5 l\u00f8pe \u00e6render og hjelpe til med \u00e5 gj\u00f8re klart til m\u00f8ter.<\/p>\t\t\t\t\t\t\t\t<\/div>\n\t\t\t\t<\/div>\n\t\t\t\t<\/div>\n\t\t<div class=\"elementor-element elementor-element-8043acb e-con-full e-flex e-con e-child\" data-id=\"8043acb\" data-element_type=\"container\" data-e-type=\"container\" data-settings=\"{&quot;background_background&quot;:&quot;classic&quot;}\">\n\t\t\t\t<div class=\"elementor-element elementor-element-a7c4eab inline-bottom elementor-widget elementor-widget-heading\" data-id=\"a7c4eab\" data-element_type=\"widget\" data-e-type=\"widget\" data-widget_type=\"heading.default\">\n\t\t\t\t<div class=\"elementor-widget-container\">\n\t\t\t\t\t<h2 class=\"elementor-heading-title elementor-size-default\">VERKT\u00d8YENE DINE:<\/h2>\t\t\t\t<\/div>\n\t\t\t\t<\/div>\n\t\t\t\t<div class=\"elementor-element elementor-element-dc3b43f elementor-widget__width-initial elementor-widget elementor-widget-text-editor\" data-id=\"dc3b43f\" data-element_type=\"widget\" data-e-type=\"widget\" data-widget_type=\"text-editor.default\">\n\t\t\t\t<div class=\"elementor-widget-container\">\n\t\t\t\t\t\t\t\t\t<p>Du elsker Mac-en din, og bruken av InDesign, Photoshop og Illustrator faller deg helt naturlig. Du har ogs\u00e5 erfaring med MS Office-pakken, inkludert PowerPoint. Det er et stort pluss \u00e5 ha ferdigheter innenfor enkel animasjon og\/eller stop motion.<\/p>\t\t\t\t\t\t\t\t<\/div>\n\t\t\t\t<\/div>\n\t\t\t\t<\/div>\n\t\t<div class=\"elementor-element elementor-element-38d878c e-con-full e-flex e-con e-child\" data-id=\"38d878c\" data-element_type=\"container\" data-e-type=\"container\" data-settings=\"{&quot;background_background&quot;:&quot;classic&quot;}\">\n\t\t\t\t<div class=\"elementor-element elementor-element-20c6c53 inline-bottom elementor-widget elementor-widget-heading\" data-id=\"20c6c53\" data-element_type=\"widget\" data-e-type=\"widget\" data-widget_type=\"heading.default\">\n\t\t\t\t<div class=\"elementor-widget-container\">\n\t\t\t\t\t<h2 class=\"elementor-heading-title elementor-size-default\">PERIODE:<\/h2>\t\t\t\t<\/div>\n\t\t\t\t<\/div>\n\t\t\t\t<div class=\"elementor-element elementor-element-2f74a26 elementor-widget__width-initial elementor-widget elementor-widget-text-editor\" data-id=\"2f74a26\" data-element_type=\"widget\" data-e-type=\"widget\" data-widget_type=\"text-editor.default\">\n\t\t\t\t<div class=\"elementor-widget-container\">\n\t\t\t\t\t\t\t\t\t<p>Avtales individuelt. Praksisperioden er 3-6 m\u00e5neder og er ul\u00f8nnet.<\/p><p>Hos InBold utvikler vi konsepter og gjennomf\u00f8rer kommunikasjonsl\u00f8sninger med fokus p\u00e5 opplevelser, empati og medvirkning. Kjernen i enhver id\u00e9 er at den skal v\u00e6re verdt \u00e5 nevne og gj\u00f8re det mulig for merkevaren og forbrukeren \u00e5 v\u00e6re i kontakt 24 timer i d\u00f8gnet, 7 dager i uken, 365 dager i \u00e5ret.<\/p><p>I \u00e5renes l\u00f8p har vi blitt nominert til og vunnet mange priser for v\u00e5re kreative l\u00f8sninger. Vi har blant annet vunnet en Mashable Mashie Award, DIA og PR Tiger. Blant kundene v\u00e5re finner du Singapore Airlines, Electrolux, Enervit, tenketanken One\/Third, Scandic Hotels, Velux, BoConcept og mange flere.<\/p><p>Du vil bli en aktiv del av v\u00e5rt Brand Creative team. Hvis du har tro p\u00e5 talentet ditt og har ambisjoner som matcher, vil du f\u00e5 ansvar for dine egne oppgaver og l\u00f8sninger. Arbeidsoppgavene vil variere mye og omfatte utvikling av konsepter og design p\u00e5 tvers av online og offline kanaler. P\u00e5 samme m\u00e5te vil du bli inkludert i den daglige utformingen av innlegg i sosiale medier, apper, grafikk og eventdesign.<\/p>\t\t\t\t\t\t\t\t<\/div>\n\t\t\t\t<\/div>\n\t\t\t\t<\/div>\n\t\t<div class=\"elementor-element elementor-element-f8b9465 e-con-full e-flex e-con e-child\" data-id=\"f8b9465\" data-element_type=\"container\" data-e-type=\"container\" data-settings=\"{&quot;background_background&quot;:&quot;classic&quot;}\">\n\t\t\t\t<div class=\"elementor-element elementor-element-3c84c91 inline-bottom elementor-widget elementor-widget-heading\" data-id=\"3c84c91\" data-element_type=\"widget\" data-e-type=\"widget\" data-widget_type=\"heading.default\">\n\t\t\t\t<div class=\"elementor-widget-container\">\n\t\t\t\t\t<h2 class=\"elementor-heading-title elementor-size-default\">S\u00d8KNADSPERIODEN V\u00c5R ER I GANG<\/h2>\t\t\t\t<\/div>\n\t\t\t\t<\/div>\n\t\t<div class=\"elementor-element elementor-element-b22c5ed section-btn e-flex e-con-boxed e-con e-child\" data-id=\"b22c5ed\" data-element_type=\"container\" data-e-type=\"container\">\n\t\t\t\t\t<div class=\"e-con-inner\">\n\t\t<div class=\"elementor-element elementor-element-c5d5412 e-con-full e-flex e-con e-child\" data-id=\"c5d5412\" data-element_type=\"container\" data-e-type=\"container\">\n\t\t\t\t<div class=\"elementor-element elementor-element-2df70cb elementor-align-center elementor-widget__width-initial elementor-widget elementor-widget-button\" data-id=\"2df70cb\" data-element_type=\"widget\" data-e-type=\"widget\" data-widget_type=\"button.default\">\n\t\t\t\t<div class=\"elementor-widget-container\">\n\t\t\t\t\t\t\t\t\t<div class=\"elementor-button-wrapper\">\n\t\t\t\t\t<a class=\"elementor-button elementor-button-link elementor-size-sm\" href=\"#elementor-action%3Aaction%3Dpopup%3Aopen%26settings%3DeyJpZCI6MTI3MDMsInRvZ2dsZSI6ZmFsc2V9\">\n\t\t\t\t\t\t<span class=\"elementor-button-content-wrapper\">\n\t\t\t\t\t\t\t\t\t<span class=\"elementor-button-text\">S\u00d8K I K\u00d8BENHAVN<\/span>\n\t\t\t\t\t<\/span>\n\t\t\t\t\t<\/a>\n\t\t\t\t<\/div>\n\t\t\t\t\t\t\t\t<\/div>\n\t\t\t\t<\/div>\n\t\t\t\t<\/div>\n\t\t<div class=\"elementor-element elementor-element-d7db507 e-con-full e-flex e-con e-child\" data-id=\"d7db507\" data-element_type=\"container\" data-e-type=\"container\">\n\t\t\t\t<div class=\"elementor-element elementor-element-b5f3709 elementor-align-center elementor-widget__width-initial elementor-widget elementor-widget-button\" data-id=\"b5f3709\" data-element_type=\"widget\" data-e-type=\"widget\" data-widget_type=\"button.default\">\n\t\t\t\t<div class=\"elementor-widget-container\">\n\t\t\t\t\t\t\t\t\t<div class=\"elementor-button-wrapper\">\n\t\t\t\t\t<a class=\"elementor-button elementor-button-link elementor-size-sm\" href=\"https:\/\/inbold.talent.vn\/home\" target=\"_blank\" rel=\"noopener\">\n\t\t\t\t\t\t<span class=\"elementor-button-content-wrapper\">\n\t\t\t\t\t\t\t\t\t<span class=\"elementor-button-text\">S\u00d8K I SAIGON<\/span>\n\t\t\t\t\t<\/span>\n\t\t\t\t\t<\/a>\n\t\t\t\t<\/div>\n\t\t\t\t\t\t\t\t<\/div>\n\t\t\t\t<\/div>\n\t\t\t\t<\/div>\n\t\t<div class=\"elementor-element elementor-element-e300f10 e-con-full e-flex e-con e-child\" data-id=\"e300f10\" data-element_type=\"container\" data-e-type=\"container\">\n\t\t\t\t<div class=\"elementor-element elementor-element-6182726 elementor-align-center elementor-widget__width-initial elementor-widget elementor-widget-button\" data-id=\"6182726\" data-element_type=\"widget\" data-e-type=\"widget\" data-widget_type=\"button.default\">\n\t\t\t\t<div class=\"elementor-widget-container\">\n\t\t\t\t\t\t\t\t\t<div class=\"elementor-button-wrapper\">\n\t\t\t\t\t<a class=\"elementor-button elementor-button-link elementor-size-sm\" href=\"#elementor-action%3Aaction%3Dpopup%3Aopen%26settings%3DeyJpZCI6MTI3MDUsInRvZ2dsZSI6ZmFsc2V9\">\n\t\t\t\t\t\t<span class=\"elementor-button-content-wrapper\">\n\t\t\t\t\t\t\t\t\t<span class=\"elementor-button-text\">S\u00d8K I STOCKHOLM<\/span>\n\t\t\t\t\t<\/span>\n\t\t\t\t\t<\/a>\n\t\t\t\t<\/div>\n\t\t\t\t\t\t\t\t<\/div>\n\t\t\t\t<\/div>\n\t\t\t\t<\/div>\n\t\t\t\t\t<\/div>\n\t\t\t\t<\/div>\n\t\t\t\t<\/div>\n\t\t\t\t<section class=\"elementor-section elementor-top-section elementor-element elementor-element-2a3f88a elementor-section-full_width elementor-section-content-middle video-booster elementor-section-height-default elementor-section-height-default\" data-id=\"2a3f88a\" data-element_type=\"section\" data-e-type=\"section\" data-settings=\"{&quot;background_background&quot;:&quot;classic&quot;,&quot;mdp_selection_sticky_effect_enable&quot;:false}\">\n\t\t\t\t\t\t<div class=\"elementor-container elementor-column-gap-no\">\n\t\t\t\t\t<div class=\"elementor-column elementor-col-100 elementor-top-column elementor-element elementor-element-bb57222\" data-id=\"bb57222\" data-element_type=\"column\" data-e-type=\"column\" data-settings=\"{&quot;mdp_selection_sticky_column_effect_enable&quot;:false}\">\n\t\t\t<div class=\"elementor-widget-wrap elementor-element-populated\">\n\t\t\t\t\t\t<div class=\"elementor-element elementor-element-0e36e78 elementor-widget__width-inherit elementor-widget elementor-widget-video\" data-id=\"0e36e78\" data-element_type=\"widget\" data-e-type=\"widget\" data-settings=\"{&quot;video_type&quot;:&quot;hosted&quot;,&quot;autoplay&quot;:&quot;yes&quot;,&quot;mute&quot;:&quot;yes&quot;,&quot;loop&quot;:&quot;yes&quot;,&quot;play_on_mobile&quot;:&quot;yes&quot;}\" data-widget_type=\"video.default\">\n\t\t\t\t<div class=\"elementor-widget-container\">\n\t\t\t\t\t\t\t<div class=\"e-hosted-video elementor-wrapper elementor-open-inline\">\n\t\t\t\t\t<video class=\"elementor-video\" src=\"https:\/\/inbold.com\/wp-content\/uploads\/2024\/04\/compfilm_logov2.mp4\" autoplay=\"\" loop=\"\" muted=\"muted\" playsinline=\"\" controlsList=\"nodownload\"><\/video>\n\t\t\t\t<\/div>\n\t\t\t\t\t\t<\/div>\n\t\t\t\t<\/div>\n\t\t\t\t\t<\/div>\n\t\t<\/div>\n\t\t\t\t\t<\/div>\n\t\t<\/section>\n\t\t\t\t<section class=\"elementor-section elementor-top-section elementor-element elementor-element-1b32bae section-form elementor-hidden-desktop elementor-hidden-laptop elementor-hidden-tablet elementor-hidden-mobile elementor-section-boxed elementor-section-height-default elementor-section-height-default\" data-id=\"1b32bae\" data-element_type=\"section\" data-e-type=\"section\" data-settings=\"{&quot;background_background&quot;:&quot;classic&quot;,&quot;mdp_selection_sticky_effect_enable&quot;:false}\">\n\t\t\t\t\t\t<div class=\"elementor-container elementor-column-gap-default\">\n\t\t\t\t\t<div class=\"elementor-column elementor-col-100 elementor-top-column elementor-element elementor-element-1096c81\" data-id=\"1096c81\" data-element_type=\"column\" data-e-type=\"column\" data-settings=\"{&quot;mdp_selection_sticky_column_effect_enable&quot;:false}\">\n\t\t\t<div class=\"elementor-widget-wrap elementor-element-populated\">\n\t\t\t\t\t\t<div class=\"elementor-element elementor-element-4ac4368 animated-slow elementor-invisible elementor-widget elementor-widget-heading\" data-id=\"4ac4368\" data-element_type=\"widget\" data-e-type=\"widget\" data-settings=\"{&quot;_animation&quot;:&quot;fadeIn&quot;,&quot;_animation_delay&quot;:200}\" data-widget_type=\"heading.default\">\n\t\t\t\t<div class=\"elementor-widget-container\">\n\t\t\t\t\t<h4 class=\"elementor-heading-title elementor-size-default\">La oss ta en prat<\/h4>\t\t\t\t<\/div>\n\t\t\t\t<\/div>\n\t\t\t\t<div class=\"elementor-element elementor-element-acb17fe elementor-button-align-center elementor-mobile-button-align-stretch elementor-widget elementor-widget-form\" data-id=\"acb17fe\" data-element_type=\"widget\" data-e-type=\"widget\" data-settings=\"{&quot;step_next_label&quot;:&quot;Neste&quot;,&quot;step_previous_label&quot;:&quot;Forrige&quot;,&quot;step_type&quot;:&quot;number_text&quot;,&quot;step_icon_shape&quot;:&quot;circle&quot;}\" data-widget_type=\"form.default\">\n\t\t\t\t<div class=\"elementor-widget-container\">\n\t\t\t\t\t\t\t<form class=\"elementor-form\" method=\"post\" name=\"Nytt skjema\" aria-label=\"Nytt skjema\">\n\t\t\t<input type=\"hidden\" name=\"post_id\" value=\"12715\"\/>\n\t\t\t<input type=\"hidden\" name=\"form_id\" value=\"acb17fe\"\/>\n\t\t\t<input type=\"hidden\" name=\"referer_title\" value=\"\" \/>\n\n\t\t\t\n\t\t\t<div class=\"elementor-form-fields-wrapper elementor-labels-above\">\n\t\t\t\t\t\t\t\t<div class=\"elementor-field-type-text elementor-field-group elementor-column elementor-field-group-name elementor-col-50 elementor-md-100 elementor-field-required\">\n\t\t\t\t\t\t\t\t\t\t\t\t<label for=\"form-field-name\" class=\"elementor-field-label\">\n\t\t\t\t\t\t\t\tNavn\t\t\t\t\t\t\t<\/label>\n\t\t\t\t\t\t\t\t\t\t\t\t\t\t<input size=\"1\" type=\"text\" name=\"form_fields[name]\" id=\"form-field-name\" class=\"elementor-field elementor-size-md  elementor-field-textual\" placeholder=\"NAVN\" required=\"required\">\n\t\t\t\t\t\t\t\t\t\t\t<\/div>\n\t\t\t\t\t\t\t\t<div class=\"elementor-field-type-email elementor-field-group elementor-column elementor-field-group-email elementor-col-50 elementor-md-100 elementor-field-required\">\n\t\t\t\t\t\t\t\t\t\t\t\t<label for=\"form-field-email\" class=\"elementor-field-label\">\n\t\t\t\t\t\t\t\tDin e-mail\t\t\t\t\t\t\t<\/label>\n\t\t\t\t\t\t\t\t\t\t\t\t\t\t<input size=\"1\" type=\"email\" name=\"form_fields[email]\" id=\"form-field-email\" class=\"elementor-field elementor-size-md  elementor-field-textual\" placeholder=\"E-MAIL\" required=\"required\">\n\t\t\t\t\t\t\t\t\t\t\t<\/div>\n\t\t\t\t\t\t\t\t<div class=\"elementor-field-type-textarea elementor-field-group elementor-column elementor-field-group-message elementor-col-100\">\n\t\t\t\t\t\t\t\t\t\t\t\t<label for=\"form-field-message\" class=\"elementor-field-label\">\n\t\t\t\t\t\t\t\tBeskjed\t\t\t\t\t\t\t<\/label>\n\t\t\t\t\t\t<textarea class=\"elementor-field-textual elementor-field  elementor-size-md\" name=\"form_fields[message]\" id=\"form-field-message\" rows=\"6\" placeholder=\"SKRIV EN BESKJED\"><\/textarea>\t\t\t\t<\/div>\n\t\t\t\t\t\t\t\t<div class=\"elementor-field-group elementor-column elementor-field-type-submit elementor-col-100 e-form__buttons\">\n\t\t\t\t\t<button class=\"elementor-button elementor-size-md\" type=\"submit\">\n\t\t\t\t\t\t<span class=\"elementor-button-content-wrapper\">\n\t\t\t\t\t\t\t\t\t\t\t\t\t\t\t\t\t\t\t\t\t\t<span class=\"elementor-button-text\">Send<\/span>\n\t\t\t\t\t\t\t\t\t\t\t\t\t<\/span>\n\t\t\t\t\t<\/button>\n\t\t\t\t<\/div>\n\t\t\t<\/div>\n\t\t<\/form>\n\t\t\t\t\t\t<\/div>\n\t\t\t\t<\/div>\n\t\t\t\t\t<\/div>\n\t\t<\/div>\n\t\t\t\t\t<\/div>\n\t\t<\/section>\n\t\t\t\t<\/div>\n\t\t","protected":false},"excerpt":{"rendered":"<p>Er du klar til \u00e5 v\u00e6re ekstra Bold som v\u00e5r nye praktikant? Design-praktikant hos InBold Vi er et strategisk, kreativt og erfarent kommunikasjonsbyr\u00e5 Gjennom research og tydelige budskap skaper vi historier som f\u00f8rer til \u00f8kt oppmerksomhet og salg. Sammen mestrer vi alt fra innholdsproduksjon og betalt annonsering til design, produksjon, merkevarebygging og PR. Vi ser [&hellip;]<\/p>\n","protected":false},"author":20,"featured_media":0,"parent":0,"menu_order":0,"comment_status":"closed","ping_status":"closed","template":"","meta":{"_coblocks_attr":"","_coblocks_dimensions":"","_coblocks_responsive_height":"","_coblocks_accordion_ie_support":"","footnotes":"","_wp_rev_ctl_limit":""},"class_list":["post-12715","page","type-page","status-publish","hentry"],"_links":{"self":[{"href":"https:\/\/inbold.com\/no\/wp-json\/wp\/v2\/pages\/12715","targetHints":{"allow":["GET"]}}],"collection":[{"href":"https:\/\/inbold.com\/no\/wp-json\/wp\/v2\/pages"}],"about":[{"href":"https:\/\/inbold.com\/no\/wp-json\/wp\/v2\/types\/page"}],"author":[{"embeddable":true,"href":"https:\/\/inbold.com\/no\/wp-json\/wp\/v2\/users\/20"}],"replies":[{"embeddable":true,"href":"https:\/\/inbold.com\/no\/wp-json\/wp\/v2\/comments?post=12715"}],"version-history":[{"count":0,"href":"https:\/\/inbold.com\/no\/wp-json\/wp\/v2\/pages\/12715\/revisions"}],"wp:attachment":[{"href":"https:\/\/inbold.com\/no\/wp-json\/wp\/v2\/media?parent=12715"}],"curies":[{"name":"wp","href":"https:\/\/api.w.org\/{rel}","templated":true}]}}