{"id":6396,"date":"2024-04-09T11:22:00","date_gmt":"2024-04-09T11:22:00","guid":{"rendered":"https:\/\/inbold.com\/privacy-policy\/"},"modified":"2025-07-28T06:53:52","modified_gmt":"2025-07-28T06:53:52","slug":"privacy-policy","status":"publish","type":"page","link":"https:\/\/inbold.com\/da\/privacy-policy\/","title":{"rendered":"Privatlivspolitik"},"content":{"rendered":"\t\t<div data-elementor-type=\"wp-page\" data-elementor-id=\"6396\" class=\"elementor elementor-6396 elementor-3\" data-elementor-post-type=\"page\">\n\t\t\t\t<div class=\"elementor-element elementor-element-68f94e4c e-flex e-con-boxed e-con e-parent\" data-id=\"68f94e4c\" data-element_type=\"container\" data-e-type=\"container\">\n\t\t\t\t\t<div class=\"e-con-inner\">\n\t\t\t\t<div class=\"elementor-element elementor-element-346f2129 elementor-widget elementor-widget-text-editor\" data-id=\"346f2129\" data-element_type=\"widget\" data-e-type=\"widget\" data-widget_type=\"text-editor.default\">\n\t\t\t\t<div class=\"elementor-widget-container\">\n\t\t\t\t\t\t\t\t\t\n<p><strong>PRIVATLIVSPOLITIK<\/strong><\/p>\n<p>InBolds officielle fortrolighedserkl\u00e6ring<br>InBold er forpligtet til at beskytte dit privatliv. Denne fortrolighedserkl\u00e6ring forklarer dataindsamling og brugspraksis for InBold-hjemmesiden (&#8220;Hjemmesiden&#8221;); den g\u00e6lder ikke for offlineprodukter eller -tjenester. N\u00e5r du g\u00e5r ind p\u00e5 hjemmesiden, accepterer du den praksis for indsamling og brug af oplysninger, der er beskrevet i denne erkl\u00e6ring for privatlivspolitik.<br><br>Hvad er cookies, og hvordan bruger du dem?<br>Cookies bruges p\u00e5 denne hjemmeside til at sikre integriteten af registreringsprocessen og til at personligg\u00f8re hjemmesiden. En cookie er en lille tekstfil, der placeres p\u00e5 din harddisk for at g\u00f8re det muligt for en hjemmeside at huske dine specifikke oplysninger ved efterf\u00f8lgende bes\u00f8g, hvilket sparer dig tid og kr\u00e6fter. Selvom cookies er i stand til at huske dine oplysninger for at kunne tilbyde dig dette, kan de ikke bruges til at k\u00f8re programmer eller sprede virus til din enhed. Hjemmesiden bruger cookies til at levere relevant indhold, lette navigationen p\u00e5 hjemmesiden og indsamle oplysninger til statistisk brug, s\u00e5som hvor mange bes\u00f8gende vores hjemmeside har modtaget. Du har til enhver tid mulighed for at acceptere eller afvise cookies, og du kan ogs\u00e5 slette cookies fra dit operativsystem. Hvis du afviser eller sletter cookies, kan det dog betyde, at du ikke kan bruge alle funktionerne p\u00e5 hjemmesiden fuldt ud. Ingen oplysninger indsamlet af cookies p\u00e5 hjemmesiden vil blive delt med nogen eksterne parter.<br><br>Hvad d\u00e6kker personlige oplysninger over?<br>Personlige oplysninger er al information, der identificerer dig, eller som kan bruges til at udlede din identitet. De personlige oplysninger, vi indsamler, kan omfatte dit navn, titel, firma- eller organisationsnavn, arbejdsmail, arbejdstelefon, arbejds- eller hjemmeadresse, oplysninger om din jobfunktion, oplysninger om dit firma og kreditkortinformation, hvis det er n\u00f8dvendigt for k\u00f8b af InBolds produkter eller tjenester.<br><br>Hvorfor indsamler I mine personlige oplysninger?<br>De oplysninger, der anmodes om p\u00e5 hjemmesiden, er n\u00f8dvendige for at behandle din anmodning om flere oplysninger om vores virksomhed, tjenester og produkter. Adgang til disse oplysninger vil v\u00e6re begr\u00e6nset til InBold medarbejdere, administratorer eller InBolds internetkonsulenter, der er ansvarlige for markedsf\u00f8ring og administration af InBolds tjenester. Dit samtykke til brug af personlige oplysninger til at tilbyde dig produkter og tjenester er valgfrit, og hvis du \u00f8nsker at afbryde en s\u00e5dan brug, skal du kontakte os elektronisk eller skrive til:<br>InBold A\/S<br>Att. Privacy Officer<br>Nannasgade 28<br>DK-2200 K\u00f8benhavn N<br>Danmark <br><br>Hvordan bruger I mine personlige oplysninger?<br>De personlige oplysninger, der indsamles p\u00e5 hjemmesiden, vil blive brugt til at drive hjemmsiden og til at levere tjenester eller udf\u00f8re transaktioner, du har anmodet om. For at underst\u00f8tte dette kan InBold bruge dine personlige oplysninger til at give dig en mere effektiv kundeservice og\/eller til at give dig vigtige oplysninger om det produkt eller den tjeneste, du bruger, herunder kritiske opdateringer og meddelelser. Derudover kan vi sende dig oplysninger om andre InBold produkter og tjenester.<br><br>Hvordan kontrollerer jeg InBolds brug af mine personlige oplysninger?<br>Medmindre andet er angivet i denne erkl\u00e6ring, vil personlige oplysninger, du giver p\u00e5 hjemmesiden, ikke blive delt udenom InBold medarbejdere, administratorer eller InBolds internetkonsulenter, der er ansvarlige for markedsf\u00f8ring og administration af InBolds tjenester, uden din tilladelse. Som beskrevet nedenfor kan du f\u00e5 adgang til dine personlige oplysninger.<br><br>Hvordan f\u00e5r jeg adgang til mine personlige oplysninger?<br>InBold A\/S<br>Att. Privacy Officer<br>Dronningens Tv\u00e6rgade 7<br>1302 K\u00f8benhavn K<br>Danmark <br><br>Hvordan beskytter InBold mine personlige oplysninger?<br>InBold er forpligtet til at beskytte sikkerheden af dine personlige oplysninger. Vi anvender en r\u00e6kke sikkerhedsteknologier og -procedurer til at beskytte dine personlige oplysninger mod uautoriseret adgang, brug eller offentligg\u00f8relse. For eksempel gemmer vi de personlige oplysninger, du giver, p\u00e5 computerservere med begr\u00e6nset adgang placeret i kontrollerede faciliteter.<br><br>Hvordan kan jeg komme med kommentarer til jeres privatlivspolitik?<br>InBold modtager gerne eventuelle kommentarer til denne privatlivspolitik. Hvis du mener, at InBold ikke har overholdt denne privatlivspolitik, bedes du kontakte os elektronisk eller via post p\u00e5 nedenst\u00e5ende adresse. Vi vil herefter g\u00f8re en forretningsm\u00e6ssigt forsvarlig indsats for straks at fastsl\u00e5 og afhj\u00e6lpe problemet.<\/p>\n<p>InBold A\/S<br>Att. Privacy Officer<br>Dronningens Tv\u00e6rgade 7<br>1302 K\u00f8benhavn K<br>Danmark <br><br>Opt-out-mulighed<br>Du kan f\u00e5 dine personlige oplysninger\/kontaktoplysninger fjernet fra vores databaser. Du kan kontakte os direkte via vores kontaktformular for at frems\u00e6tte denne anmodning.<br><br><strong>COOKIE POLITIK<\/strong><\/p>\n<p>Vi bruger en r\u00e6kke forskellige cookies p\u00e5 hjemmesiden. Hvis du ikke ved, hvad cookies er, eller hvordan du kontrollerer eller sletter dem, anbefaler vi, at du bes\u00f8ger http:\/\/www.aboutcookies.org for en detaljeret vejledning. Listen nedenfor beskriver de cookies, vi bruger p\u00e5 hjemmesiden, og hvad vi bruger dem til. I \u00f8jeblikket har vi en politik med &#8216;underforst\u00e5et samtykke&#8217;, hvilket betyder, at vi g\u00e5r ud fra, at du er indforst\u00e5et med brugen af cookies. Hvis du ikke er tilfreds med dette, skal du enten ikke bruge denne hjemmeside, slette cookies efter at have bes\u00f8gt hjemmesiden, eller benytte hjemmesiden ved hj\u00e6lp af din browsers indstillinger for anonym brug (kaldet \u00bbIncognito\u00ab i Chrome, \u00bbInPrivate\u00ab i Internet Explorer, \u00bbPrivate Browsing\u00ab i Firefox og Safari etc.)<\/p>\n<p>F\u00f8rstepartscookies<br>Dette er cookies, der indstilles direkte af dette websted. Brugersession-cookies: Vi bruger cookies til brugersessioner for at kunne identificere og skelne mellem brugere p\u00e5 hjemmesiden og for at give brugerne mulighed for at bruge specifikke funktioner p\u00e5 hjemmesiden, s\u00e5som funktionen til eksport af PDF-filer. Google Analytics: Vi bruger Google Analytics til at indsamle oplysninger om bes\u00f8gendes adf\u00e6rd p\u00e5 hjemmesiden. Google Analytics gemmer oplysninger, herunder hvilke sider du bes\u00f8ger, hvor l\u00e6nge du er p\u00e5 hjemmesiden, hvordan du blev ledt ind p\u00e5 hjemmesiden, og hvad du klikker p\u00e5. Disse data fra Google Analystics indsamles via et JavaScript-tag p\u00e5 hjemmesidens sider og er ikke knyttet til personligt identificerbare oplysninger. Vi indsamler eller gemmer derfor ikke dine personlige oplysninger (f.eks. dit navn eller din adresse), s\u00e5 de oplysninger, der gemmes, kan ikke bruges til at identificere, hvem du er. Du kan l\u00e6re mere om Googles holdning til privatlivspolitik i forbindelse med deres analysetjeneste p\u00e5 http:\/\/www.google.com\/intl\/en_uk\/analytics\/privacyoverview.html.<\/p>\n<p>Tredjepartscookies<br>Dette er cookies, der placeres p\u00e5 din maskine af eksterne websteder, hvis tjenester bruges p\u00e5 dette websted. Cookies af denne type er delingsknapperne p\u00e5 hele hjemmesiden, der giver bes\u00f8gende mulighed for at dele indhold p\u00e5 sociale platforme. Cookies er p\u00e5 nuv\u00e6rende tidspunkt indstillet af Facebook og Instagram. For at implementere disse knapper og forbinde dem med de relevante sociale platforme og eksterne hjemmesider, er der scripts fra dom\u00e6ner uden for vores hjemmeside. Du skal v\u00e6re opm\u00e6rksom p\u00e5, at disse hjemmesider sandsynligvis indsamler oplysninger om din ageren p\u00e5 internettet, herunder p\u00e5 denne hjemmeside. Du b\u00f8r tjekke de respektive politikker for hver af disse hjemmesider og sociale platforme for at se, hvordan de pr\u00e6cist bruger dine oplysninger, og for at finde ud af, hvordan du frav\u00e6lger eller sletter s\u00e5danne oplysninger.<\/p>\n\t\t\t\t\t\t\t\t<\/div>\n\t\t\t\t<\/div>\n\t\t\t\t\t<\/div>\n\t\t\t\t<\/div>\n\t\t\t\t<section class=\"elementor-section elementor-top-section elementor-element elementor-element-584cbf7d elementor-section-full_width elementor-section-height-default elementor-section-height-default\" data-id=\"584cbf7d\" data-element_type=\"section\" data-e-type=\"section\" data-settings=\"{&quot;mdp_selection_sticky_effect_enable&quot;:false}\">\n\t\t\t\t\t\t<div class=\"elementor-container elementor-column-gap-default\">\n\t\t\t\t\t<div class=\"elementor-column elementor-col-100 elementor-top-column elementor-element elementor-element-1427a2af\" data-id=\"1427a2af\" data-element_type=\"column\" data-e-type=\"column\" data-settings=\"{&quot;mdp_selection_sticky_column_effect_enable&quot;:false}\">\n\t\t\t<div class=\"elementor-widget-wrap elementor-element-populated\">\n\t\t\t\t\t\t<div class=\"elementor-element elementor-element-4111eee elementor-widget-divider--view-line elementor-widget elementor-widget-divider\" data-id=\"4111eee\" data-element_type=\"widget\" data-e-type=\"widget\" data-widget_type=\"divider.default\">\n\t\t\t\t<div class=\"elementor-widget-container\">\n\t\t\t\t\t\t\t<div class=\"elementor-divider\">\n\t\t\t<span class=\"elementor-divider-separator\">\n\t\t\t\t\t\t<\/span>\n\t\t<\/div>\n\t\t\t\t\t\t<\/div>\n\t\t\t\t<\/div>\n\t\t\t\t\t<\/div>\n\t\t<\/div>\n\t\t\t\t\t<\/div>\n\t\t<\/section>\n\t\t\t\t<\/div>\n\t\t","protected":false},"excerpt":{"rendered":"<p>PRIVATLIVSPOLITIK InBolds officielle fortrolighedserkl\u00e6ringInBold er forpligtet til at beskytte dit privatliv. Denne fortrolighedserkl\u00e6ring forklarer dataindsamling og brugspraksis for InBold-hjemmesiden (&#8220;Hjemmesiden&#8221;); den g\u00e6lder ikke for offlineprodukter eller -tjenester. N\u00e5r du g\u00e5r ind p\u00e5 hjemmesiden, accepterer du den praksis for indsamling og brug af oplysninger, der er beskrevet i denne erkl\u00e6ring for privatlivspolitik. Hvad er cookies, og [&hellip;]<\/p>\n","protected":false},"author":1,"featured_media":0,"parent":0,"menu_order":0,"comment_status":"closed","ping_status":"open","template":"","meta":{"_coblocks_attr":"","_coblocks_dimensions":"","_coblocks_responsive_height":"","_coblocks_accordion_ie_support":"","footnotes":"","_wp_rev_ctl_limit":""},"class_list":["post-6396","page","type-page","status-publish","hentry"],"_links":{"self":[{"href":"https:\/\/inbold.com\/da\/wp-json\/wp\/v2\/pages\/6396","targetHints":{"allow":["GET"]}}],"collection":[{"href":"https:\/\/inbold.com\/da\/wp-json\/wp\/v2\/pages"}],"about":[{"href":"https:\/\/inbold.com\/da\/wp-json\/wp\/v2\/types\/page"}],"author":[{"embeddable":true,"href":"https:\/\/inbold.com\/da\/wp-json\/wp\/v2\/users\/1"}],"replies":[{"embeddable":true,"href":"https:\/\/inbold.com\/da\/wp-json\/wp\/v2\/comments?post=6396"}],"version-history":[{"count":0,"href":"https:\/\/inbold.com\/da\/wp-json\/wp\/v2\/pages\/6396\/revisions"}],"wp:attachment":[{"href":"https:\/\/inbold.com\/da\/wp-json\/wp\/v2\/media?parent=6396"}],"curies":[{"name":"wp","href":"https:\/\/api.w.org\/{rel}","templated":true}]}}