{"id":12820,"date":"2024-07-08T09:24:57","date_gmt":"2024-07-08T09:24:57","guid":{"rendered":"https:\/\/inbold.com\/pr-og-kommunikationspraktikant\/"},"modified":"2025-02-11T04:09:24","modified_gmt":"2025-02-11T04:09:24","slug":"pr-og-kommunikationspraktikant","status":"publish","type":"page","link":"https:\/\/inbold.com\/da\/pr-og-kommunikationspraktikant\/","title":{"rendered":"PR- og kommunikationspraktikant"},"content":{"rendered":"\t\t<div data-elementor-type=\"wp-page\" data-elementor-id=\"12820\" class=\"elementor elementor-12820 elementor-12607\" data-elementor-post-type=\"page\">\n\t\t\t\t<div class=\"elementor-element elementor-element-70ecac4 e-con-full e-flex e-con e-child\" data-id=\"70ecac4\" data-element_type=\"container\" data-e-type=\"container\" data-settings=\"{&quot;background_background&quot;:&quot;classic&quot;}\">\n\t\t\t\t<div class=\"elementor-element elementor-element-2e23725 elementor-widget elementor-widget-heading\" data-id=\"2e23725\" data-element_type=\"widget\" data-e-type=\"widget\" data-widget_type=\"heading.default\">\n\t\t\t\t<div class=\"elementor-widget-container\">\n\t\t\t\t\t<h1 class=\"elementor-heading-title elementor-size-default\">Vil du v\u00e6re en del af <span class=\"color-4e82fa\">InBold?<\/span> <br><span>Blev vores nye praktikant!<\/span><\/h1>\t\t\t\t<\/div>\n\t\t\t\t<\/div>\n\t\t\t\t<div class=\"elementor-element elementor-element-17fe87e inline-bottom elementor-widget elementor-widget-heading\" data-id=\"17fe87e\" data-element_type=\"widget\" data-e-type=\"widget\" data-widget_type=\"heading.default\">\n\t\t\t\t<div class=\"elementor-widget-container\">\n\t\t\t\t\t<h2 class=\"elementor-heading-title elementor-size-default\">Kommunikationspraktikant hos InBold\n<\/h2>\t\t\t\t<\/div>\n\t\t\t\t<\/div>\n\t\t\t\t<div class=\"elementor-element elementor-element-ec9fb34 elementor-widget__width-initial elementor-widget elementor-widget-text-editor\" data-id=\"ec9fb34\" data-element_type=\"widget\" data-e-type=\"widget\" data-widget_type=\"text-editor.default\">\n\t\t\t\t<div class=\"elementor-widget-container\">\n\t\t\t\t\t\t\t\t\t<p>Vi er et <strong>strategisk, kreativt og erfarent <\/strong>kommunikationsbureau. Via research og klare budskaber skaber vi fort\u00e6llinger, som leder til \u00f8get kendskab og salg. Sammen mestrer vi alt fra content creation og betalt annoncering til design, branding og PR. Vi s\u00f8ger ambiti\u00f8se studerende, som er klar til at f\u00e5 en masse erfaring i den kreative bureauverden.    <\/p>\n\t\t\t\t\t\t\t\t<\/div>\n\t\t\t\t<\/div>\n\t\t\t\t<\/div>\n\t\t\t\t<section class=\"elementor-section elementor-top-section elementor-element elementor-element-215d46a elementor-section-full_width elementor-section-content-middle elementor-section-height-default elementor-section-height-default\" data-id=\"215d46a\" data-element_type=\"section\" data-e-type=\"section\" data-settings=\"{&quot;background_background&quot;:&quot;classic&quot;,&quot;mdp_selection_sticky_effect_enable&quot;:false}\">\n\t\t\t\t\t\t<div class=\"elementor-container elementor-column-gap-no\">\n\t\t\t\t\t<div class=\"elementor-column elementor-col-100 elementor-top-column elementor-element elementor-element-46687af\" data-id=\"46687af\" data-element_type=\"column\" data-e-type=\"column\" data-settings=\"{&quot;mdp_selection_sticky_column_effect_enable&quot;:false}\">\n\t\t\t<div class=\"elementor-widget-wrap elementor-element-populated\">\n\t\t\t\t\t\t<div class=\"elementor-element elementor-element-f18cfe0 elementor-widget elementor-widget-image\" data-id=\"f18cfe0\" data-element_type=\"widget\" data-e-type=\"widget\" data-widget_type=\"image.default\">\n\t\t\t\t<div class=\"elementor-widget-container\">\n\t\t\t\t\t\t\t\t\t\t\t\t\t\t\t<img fetchpriority=\"high\" decoding=\"async\" width=\"1920\" height=\"1080\" src=\"https:\/\/inbold.com\/wp-content\/uploads\/2024\/06\/Pandora-The-Pandora-Tour1.jpg\" class=\"attachment-full size-full wp-image-10991\" alt=\"\" srcset=\"https:\/\/inbold.com\/wp-content\/uploads\/2024\/06\/Pandora-The-Pandora-Tour1.jpg 1920w, https:\/\/inbold.com\/wp-content\/uploads\/2024\/06\/Pandora-The-Pandora-Tour1-300x169.jpg 300w, https:\/\/inbold.com\/wp-content\/uploads\/2024\/06\/Pandora-The-Pandora-Tour1-1024x576.jpg 1024w, https:\/\/inbold.com\/wp-content\/uploads\/2024\/06\/Pandora-The-Pandora-Tour1-768x432.jpg 768w, https:\/\/inbold.com\/wp-content\/uploads\/2024\/06\/Pandora-The-Pandora-Tour1-1536x864.jpg 1536w\" sizes=\"(max-width: 1920px) 100vw, 1920px\" \/>\t\t\t\t\t\t\t\t\t\t\t\t\t\t\t<\/div>\n\t\t\t\t<\/div>\n\t\t\t\t<div class=\"elementor-element elementor-element-1af1bd2 elementor-absolute img-absolute center elementor-widget elementor-widget-image\" data-id=\"1af1bd2\" data-element_type=\"widget\" data-e-type=\"widget\" data-settings=\"{&quot;_position&quot;:&quot;absolute&quot;}\" data-widget_type=\"image.default\">\n\t\t\t\t<div class=\"elementor-widget-container\">\n\t\t\t\t\t\t\t\t\t\t\t\t\t\t\t<img decoding=\"async\" width=\"1920\" height=\"1080\" src=\"https:\/\/inbold.com\/wp-content\/uploads\/2024\/06\/Den-Gamle-Fabrik-Baervognen1.jpg\" class=\"attachment-full size-full wp-image-10955\" alt=\"\" srcset=\"https:\/\/inbold.com\/wp-content\/uploads\/2024\/06\/Den-Gamle-Fabrik-Baervognen1.jpg 1920w, https:\/\/inbold.com\/wp-content\/uploads\/2024\/06\/Den-Gamle-Fabrik-Baervognen1-300x169.jpg 300w, https:\/\/inbold.com\/wp-content\/uploads\/2024\/06\/Den-Gamle-Fabrik-Baervognen1-1024x576.jpg 1024w, https:\/\/inbold.com\/wp-content\/uploads\/2024\/06\/Den-Gamle-Fabrik-Baervognen1-768x432.jpg 768w, https:\/\/inbold.com\/wp-content\/uploads\/2024\/06\/Den-Gamle-Fabrik-Baervognen1-1536x864.jpg 1536w\" sizes=\"(max-width: 1920px) 100vw, 1920px\" \/>\t\t\t\t\t\t\t\t\t\t\t\t\t\t\t<\/div>\n\t\t\t\t<\/div>\n\t\t\t\t\t<\/div>\n\t\t<\/div>\n\t\t\t\t\t<\/div>\n\t\t<\/section>\n\t\t<div class=\"elementor-element elementor-element-0591d36 e-con-full e-flex e-con e-child\" data-id=\"0591d36\" data-element_type=\"container\" data-e-type=\"container\" data-settings=\"{&quot;background_background&quot;:&quot;classic&quot;}\">\n\t\t\t\t<div class=\"elementor-element elementor-element-a8c5711 inline-bottom elementor-widget elementor-widget-heading\" data-id=\"a8c5711\" data-element_type=\"widget\" data-e-type=\"widget\" data-widget_type=\"heading.default\">\n\t\t\t\t<div class=\"elementor-widget-container\">\n\t\t\t\t\t<h2 class=\"elementor-heading-title elementor-size-default\">F\u00e5 erfaring med kommunikation, PR, events og projektledelse hos InBold.<\/h2>\t\t\t\t<\/div>\n\t\t\t\t<\/div>\n\t\t\t\t<div class=\"elementor-element elementor-element-4528999 elementor-widget__width-initial elementor-widget elementor-widget-text-editor\" data-id=\"4528999\" data-element_type=\"widget\" data-e-type=\"widget\" data-widget_type=\"text-editor.default\">\n\t\t\t\t<div class=\"elementor-widget-container\">\n\t\t\t\t\t\t\t\t\t<p>\u00d8nsker du at anvende studieteori i praksis? Vil du v\u00e6re en del af et praktikforl\u00f8b med meningsfulde arbejdsopgaver? Er du klar til at v\u00e6re en del af et dynamisk team, der arbejder med velkendte brands?<\/p>\n<p>Hos InBold f\u00e5r du god erfaring med praktisk, taktisk og strategisk implementering af kommunikations- og PR-arbejde.<\/p>\n<p>Vi er l\u00f8bende p\u00e5 udkig efter en praktikant, der arbejder selvst\u00e6ndigt og tager ansvar for sine opgaver. Vi har mange deadlines og masser af energi, og s\u00e6tter pris p\u00e5 engagement og ansvarlighed. Du skal have en interesse for FMCG-brands og B2C-kommunikation og v\u00e6re interesseret i at udf\u00f8re arbejdsopgaver indenfor PR, social media og events. Du skal selvf\u00f8lgelig have flair for at skrive, da mange af dine opgaver vil v\u00e6re af skriftlig karakter.<\/p>\n\t\t\t\t\t\t\t\t<\/div>\n\t\t\t\t<\/div>\n\t\t\t\t<\/div>\n\t\t<div class=\"elementor-element elementor-element-8043acb e-con-full e-flex e-con e-child\" data-id=\"8043acb\" data-element_type=\"container\" data-e-type=\"container\" data-settings=\"{&quot;background_background&quot;:&quot;classic&quot;}\">\n\t\t\t\t<div class=\"elementor-element elementor-element-a7c4eab inline-bottom elementor-widget elementor-widget-heading\" data-id=\"a7c4eab\" data-element_type=\"widget\" data-e-type=\"widget\" data-widget_type=\"heading.default\">\n\t\t\t\t<div class=\"elementor-widget-container\">\n\t\t\t\t\t<h2 class=\"elementor-heading-title elementor-size-default\">ARBEJDSOPGAVER:<\/h2>\t\t\t\t<\/div>\n\t\t\t\t<\/div>\n\t\t\t\t<div class=\"elementor-element elementor-element-dc3b43f elementor-widget__width-initial elementor-widget elementor-widget-text-editor\" data-id=\"dc3b43f\" data-element_type=\"widget\" data-e-type=\"widget\" data-widget_type=\"text-editor.default\">\n\t\t\t\t<div class=\"elementor-widget-container\">\n\t\t\t\t\t\t\t\t\t<p>70% af din tid hos InBold vil blive brugt p\u00e5 at arbejde med \u00e9n bestemt kunde sammen med et fast team. Du er med til alt \u2013 fra de indledende strategiske og taktiske overvejelser til planl\u00e6gning og\/eller eksekvering af forskellige aktiviteter.<\/p>\n<p>Dine prim\u00e6re arbejdsopgaver:<\/p>\n<p>Forberedelse af analytisk materiale til kortl\u00e6gning af folks vaner.<br \/>Udarbejde materiale til journalister og influencere.<br \/>Taktisk sparring om presseindsatser.<br \/>Ansvar for redaktionel drift p\u00e5 bl.a. Facebook.<br \/>Organisering af events og praktisk relaterede opgaver.<br \/>Strategisk og praktisk h\u00e5ndtering af influencersamarbejder.<br \/>Ugentlige opgaver s\u00e5som udarbejdelse\/opdatering af medierapporter, resultater fra Facebook osv.<br \/>Praktiske opgaver s\u00e5som bortskaffelse af emballage, forsendelse af post, forberede events osv.<\/p>\n\t\t\t\t\t\t\t\t<\/div>\n\t\t\t\t<\/div>\n\t\t\t\t<\/div>\n\t\t<div class=\"elementor-element elementor-element-38d878c e-con-full e-flex e-con e-child\" data-id=\"38d878c\" data-element_type=\"container\" data-e-type=\"container\" data-settings=\"{&quot;background_background&quot;:&quot;classic&quot;}\">\n\t\t\t\t<div class=\"elementor-element elementor-element-20c6c53 inline-bottom elementor-widget elementor-widget-heading\" data-id=\"20c6c53\" data-element_type=\"widget\" data-e-type=\"widget\" data-widget_type=\"heading.default\">\n\t\t\t\t<div class=\"elementor-widget-container\">\n\t\t\t\t\t<h2 class=\"elementor-heading-title elementor-size-default\">KVALIFIKATIONER:<\/h2>\t\t\t\t<\/div>\n\t\t\t\t<\/div>\n\t\t\t\t<div class=\"elementor-element elementor-element-2f74a26 elementor-widget__width-initial elementor-widget elementor-widget-text-editor\" data-id=\"2f74a26\" data-element_type=\"widget\" data-e-type=\"widget\" data-widget_type=\"text-editor.default\">\n\t\t\t\t<div class=\"elementor-widget-container\">\n\t\t\t\t\t\t\t\t\t<p>Du skal v\u00e6re begyndt p\u00e5 din bachelor- eller kandidatuddannelse i dansk, retorik, Cand.merc. (com.), Cand.ling.merc., Cand.comm. eller lignende<br \/>Du skal v\u00e6re klar p\u00e5 at arbejde fuldtid det meste af praktikperioden, da vores erfaring viser, at fuldtidspraktik giver det bedste praktikforl\u00f8b.<br \/>Du skal kunne skrive og formulere dig p\u00e5 dansk.<br \/>Du m\u00e5 meget gerne have professionel erfaring inden for dit felt enten som praktikant eller studentermedhj\u00e6lper.<\/p>\n\t\t\t\t\t\t\t\t<\/div>\n\t\t\t\t<\/div>\n\t\t\t\t<\/div>\n\t\t<div class=\"elementor-element elementor-element-5c95000 e-con-full e-flex e-con e-child\" data-id=\"5c95000\" data-element_type=\"container\" data-e-type=\"container\" data-settings=\"{&quot;background_background&quot;:&quot;classic&quot;}\">\n\t\t\t\t<div class=\"elementor-element elementor-element-d70ab16 inline-bottom elementor-widget elementor-widget-heading\" data-id=\"d70ab16\" data-element_type=\"widget\" data-e-type=\"widget\" data-widget_type=\"heading.default\">\n\t\t\t\t<div class=\"elementor-widget-container\">\n\t\t\t\t\t<h2 class=\"elementor-heading-title elementor-size-default\">VI TILBYDER:<\/h2>\t\t\t\t<\/div>\n\t\t\t\t<\/div>\n\t\t\t\t<div class=\"elementor-element elementor-element-fa871ae elementor-widget__width-initial elementor-widget elementor-widget-text-editor\" data-id=\"fa871ae\" data-element_type=\"widget\" data-e-type=\"widget\" data-widget_type=\"text-editor.default\">\n\t\t\t\t<div class=\"elementor-widget-container\">\n\t\t\t\t\t\t\t\t\t<p>En \u00e5ben og uformel arbejdsplads, hvor der er plads til alle, der elsker at n\u00f8rde kommunikation og marketing.<br \/>Et struktureret praktikprogram med en mentor tilknyttet.<br \/>V\u00e6rdifuld praktisk erfaring med grundl\u00e6ggende discipliner inden for kommunikation og PR samt forst\u00e5else for konsulentrollen.<br \/>Masser af ansvar og selvst\u00e6ndige opgaver.<br \/>En arbejdsplads, der v\u00e6rds\u00e6tter sine praktikanter h\u00f8jt og har ansat flere efterf\u00f8lgende.<\/p>\n\t\t\t\t\t\t\t\t<\/div>\n\t\t\t\t<\/div>\n\t\t\t\t<\/div>\n\t\t<div class=\"elementor-element elementor-element-f8b9465 e-con-full e-flex e-con e-child\" data-id=\"f8b9465\" data-element_type=\"container\" data-e-type=\"container\" data-settings=\"{&quot;background_background&quot;:&quot;classic&quot;}\">\n\t\t\t\t<div class=\"elementor-element elementor-element-3c84c91 inline-bottom elementor-widget elementor-widget-heading\" data-id=\"3c84c91\" data-element_type=\"widget\" data-e-type=\"widget\" data-widget_type=\"heading.default\">\n\t\t\t\t<div class=\"elementor-widget-container\">\n\t\t\t\t\t<h2 class=\"elementor-heading-title elementor-size-default\">VORES ANS\u00d8GNINGSPERIODE ER I GANG<\/h2>\t\t\t\t<\/div>\n\t\t\t\t<\/div>\n\t\t<div class=\"elementor-element elementor-element-b22c5ed section-btn e-flex e-con-boxed e-con e-child\" data-id=\"b22c5ed\" data-element_type=\"container\" data-e-type=\"container\">\n\t\t\t\t\t<div class=\"e-con-inner\">\n\t\t<div class=\"elementor-element elementor-element-c5d5412 e-con-full e-flex e-con e-child\" data-id=\"c5d5412\" data-element_type=\"container\" data-e-type=\"container\">\n\t\t\t\t<div class=\"elementor-element elementor-element-2df70cb elementor-align-center elementor-widget__width-initial elementor-widget elementor-widget-button\" data-id=\"2df70cb\" data-element_type=\"widget\" data-e-type=\"widget\" data-widget_type=\"button.default\">\n\t\t\t\t<div class=\"elementor-widget-container\">\n\t\t\t\t\t\t\t\t\t<div class=\"elementor-button-wrapper\">\n\t\t\t\t\t<a class=\"elementor-button elementor-button-link elementor-size-sm\" href=\"#elementor-action%3Aaction%3Dpopup%3Aopen%26settings%3DeyJpZCI6MTI4MTYsInRvZ2dsZSI6ZmFsc2V9\">\n\t\t\t\t\t\t<span class=\"elementor-button-content-wrapper\">\n\t\t\t\t\t\t\t\t\t<span class=\"elementor-button-text\">ANS\u00d8G I K\u00d8BENHAVN<\/span>\n\t\t\t\t\t<\/span>\n\t\t\t\t\t<\/a>\n\t\t\t\t<\/div>\n\t\t\t\t\t\t\t\t<\/div>\n\t\t\t\t<\/div>\n\t\t\t\t<\/div>\n\t\t<div class=\"elementor-element elementor-element-d7db507 e-con-full e-flex e-con e-child\" data-id=\"d7db507\" data-element_type=\"container\" data-e-type=\"container\">\n\t\t\t\t<div class=\"elementor-element elementor-element-b5f3709 elementor-align-center elementor-widget__width-initial elementor-widget elementor-widget-button\" data-id=\"b5f3709\" data-element_type=\"widget\" data-e-type=\"widget\" data-widget_type=\"button.default\">\n\t\t\t\t<div class=\"elementor-widget-container\">\n\t\t\t\t\t\t\t\t\t<div class=\"elementor-button-wrapper\">\n\t\t\t\t\t<a class=\"elementor-button elementor-button-link elementor-size-sm\" href=\"https:\/\/inbold.talent.vn\/home\" target=\"_blank\" rel=\"noopener\">\n\t\t\t\t\t\t<span class=\"elementor-button-content-wrapper\">\n\t\t\t\t\t\t\t\t\t<span class=\"elementor-button-text\">ANS\u00d8G I SAIGON<\/span>\n\t\t\t\t\t<\/span>\n\t\t\t\t\t<\/a>\n\t\t\t\t<\/div>\n\t\t\t\t\t\t\t\t<\/div>\n\t\t\t\t<\/div>\n\t\t\t\t<\/div>\n\t\t<div class=\"elementor-element elementor-element-e300f10 e-con-full e-flex e-con e-child\" data-id=\"e300f10\" data-element_type=\"container\" data-e-type=\"container\">\n\t\t\t\t<div class=\"elementor-element elementor-element-6182726 elementor-align-center elementor-widget__width-initial elementor-widget elementor-widget-button\" data-id=\"6182726\" data-element_type=\"widget\" data-e-type=\"widget\" data-widget_type=\"button.default\">\n\t\t\t\t<div class=\"elementor-widget-container\">\n\t\t\t\t\t\t\t\t\t<div class=\"elementor-button-wrapper\">\n\t\t\t\t\t<a class=\"elementor-button elementor-button-link elementor-size-sm\" href=\"#elementor-action%3Aaction%3Dpopup%3Aopen%26settings%3DeyJpZCI6MTI4MTgsInRvZ2dsZSI6ZmFsc2V9\">\n\t\t\t\t\t\t<span class=\"elementor-button-content-wrapper\">\n\t\t\t\t\t\t\t\t\t<span class=\"elementor-button-text\">ANS\u00d8G I STOCKHOLM<\/span>\n\t\t\t\t\t<\/span>\n\t\t\t\t\t<\/a>\n\t\t\t\t<\/div>\n\t\t\t\t\t\t\t\t<\/div>\n\t\t\t\t<\/div>\n\t\t\t\t<\/div>\n\t\t\t\t\t<\/div>\n\t\t\t\t<\/div>\n\t\t\t\t<\/div>\n\t\t\t\t<section class=\"elementor-section elementor-top-section elementor-element elementor-element-2a3f88a elementor-section-full_width elementor-section-content-middle video-booster elementor-section-height-default elementor-section-height-default\" data-id=\"2a3f88a\" data-element_type=\"section\" data-e-type=\"section\" data-settings=\"{&quot;background_background&quot;:&quot;classic&quot;,&quot;mdp_selection_sticky_effect_enable&quot;:false}\">\n\t\t\t\t\t\t<div class=\"elementor-container elementor-column-gap-no\">\n\t\t\t\t\t<div class=\"elementor-column elementor-col-100 elementor-top-column elementor-element elementor-element-bb57222\" data-id=\"bb57222\" data-element_type=\"column\" data-e-type=\"column\" data-settings=\"{&quot;mdp_selection_sticky_column_effect_enable&quot;:false}\">\n\t\t\t<div class=\"elementor-widget-wrap elementor-element-populated\">\n\t\t\t\t\t\t<div class=\"elementor-element elementor-element-0e36e78 elementor-widget__width-inherit elementor-widget elementor-widget-video\" data-id=\"0e36e78\" data-element_type=\"widget\" data-e-type=\"widget\" data-settings=\"{&quot;video_type&quot;:&quot;hosted&quot;,&quot;autoplay&quot;:&quot;yes&quot;,&quot;mute&quot;:&quot;yes&quot;,&quot;loop&quot;:&quot;yes&quot;,&quot;play_on_mobile&quot;:&quot;yes&quot;}\" data-widget_type=\"video.default\">\n\t\t\t\t<div class=\"elementor-widget-container\">\n\t\t\t\t\t\t\t<div class=\"e-hosted-video elementor-wrapper elementor-open-inline\">\n\t\t\t\t\t<video class=\"elementor-video\" src=\"https:\/\/inbold.com\/wp-content\/uploads\/2024\/04\/compfilm_logov2.mp4\" autoplay=\"\" loop=\"\" muted=\"muted\" playsinline=\"\" controlsList=\"nodownload\"><\/video>\n\t\t\t\t<\/div>\n\t\t\t\t\t\t<\/div>\n\t\t\t\t<\/div>\n\t\t\t\t\t<\/div>\n\t\t<\/div>\n\t\t\t\t\t<\/div>\n\t\t<\/section>\n\t\t\t\t<section class=\"elementor-section elementor-top-section elementor-element elementor-element-1b32bae section-form elementor-section-boxed elementor-section-height-default elementor-section-height-default\" data-id=\"1b32bae\" data-element_type=\"section\" data-e-type=\"section\" data-settings=\"{&quot;background_background&quot;:&quot;classic&quot;,&quot;mdp_selection_sticky_effect_enable&quot;:false}\">\n\t\t\t\t\t\t<div class=\"elementor-container elementor-column-gap-default\">\n\t\t\t\t\t<div class=\"elementor-column elementor-col-100 elementor-top-column elementor-element elementor-element-1096c81\" data-id=\"1096c81\" data-element_type=\"column\" data-e-type=\"column\" data-settings=\"{&quot;mdp_selection_sticky_column_effect_enable&quot;:false}\">\n\t\t\t<div class=\"elementor-widget-wrap elementor-element-populated\">\n\t\t\t\t\t\t<div class=\"elementor-element elementor-element-4ac4368 animated-slow elementor-invisible elementor-widget elementor-widget-heading\" data-id=\"4ac4368\" data-element_type=\"widget\" data-e-type=\"widget\" data-settings=\"{&quot;_animation&quot;:&quot;fadeIn&quot;,&quot;_animation_delay&quot;:200}\" data-widget_type=\"heading.default\">\n\t\t\t\t<div class=\"elementor-widget-container\">\n\t\t\t\t\t<h4 class=\"elementor-heading-title elementor-size-default\">Skal vi snakke?<\/h4>\t\t\t\t<\/div>\n\t\t\t\t<\/div>\n\t\t\t\t<div class=\"elementor-element elementor-element-acb17fe elementor-button-align-center elementor-mobile-button-align-stretch elementor-widget elementor-widget-form\" data-id=\"acb17fe\" data-element_type=\"widget\" data-e-type=\"widget\" data-settings=\"{&quot;step_next_label&quot;:&quot;N\\u00e6ste&quot;,&quot;step_previous_label&quot;:&quot;Forrige&quot;,&quot;step_type&quot;:&quot;number_text&quot;,&quot;step_icon_shape&quot;:&quot;circle&quot;}\" data-widget_type=\"form.default\">\n\t\t\t\t<div class=\"elementor-widget-container\">\n\t\t\t\t\t\t\t<form class=\"elementor-form\" method=\"post\" name=\"Ny formular\" aria-label=\"Ny formular\">\n\t\t\t<input type=\"hidden\" name=\"post_id\" value=\"12820\"\/>\n\t\t\t<input type=\"hidden\" name=\"form_id\" value=\"acb17fe\"\/>\n\t\t\t<input type=\"hidden\" name=\"referer_title\" value=\"PR- og kommunikationspraktikant - InBold\" \/>\n\n\t\t\t\t\t\t\t<input type=\"hidden\" name=\"queried_id\" value=\"12820\"\/>\n\t\t\t\n\t\t\t<div class=\"elementor-form-fields-wrapper elementor-labels-above\">\n\t\t\t\t\t\t\t\t<div class=\"elementor-field-type-text elementor-field-group elementor-column elementor-field-group-name elementor-col-50 elementor-md-100 elementor-field-required\">\n\t\t\t\t\t\t\t\t\t\t\t\t<label for=\"form-field-name\" class=\"elementor-field-label\">\n\t\t\t\t\t\t\t\tNavn\t\t\t\t\t\t\t<\/label>\n\t\t\t\t\t\t\t\t\t\t\t\t\t\t<input size=\"1\" type=\"text\" name=\"form_fields[name]\" id=\"form-field-name\" class=\"elementor-field elementor-size-md  elementor-field-textual\" placeholder=\"NAVN\" required=\"required\">\n\t\t\t\t\t\t\t\t\t\t\t<\/div>\n\t\t\t\t\t\t\t\t<div class=\"elementor-field-type-email elementor-field-group elementor-column elementor-field-group-email elementor-col-50 elementor-md-100 elementor-field-required\">\n\t\t\t\t\t\t\t\t\t\t\t\t<label for=\"form-field-email\" class=\"elementor-field-label\">\n\t\t\t\t\t\t\t\tDin e-mail\t\t\t\t\t\t\t<\/label>\n\t\t\t\t\t\t\t\t\t\t\t\t\t\t<input size=\"1\" type=\"email\" name=\"form_fields[email]\" id=\"form-field-email\" class=\"elementor-field elementor-size-md  elementor-field-textual\" placeholder=\"E-MAIL\" required=\"required\">\n\t\t\t\t\t\t\t\t\t\t\t<\/div>\n\t\t\t\t\t\t\t\t<div class=\"elementor-field-type-textarea elementor-field-group elementor-column elementor-field-group-message elementor-col-100\">\n\t\t\t\t\t\t\t\t\t\t\t\t<label for=\"form-field-message\" class=\"elementor-field-label\">\n\t\t\t\t\t\t\t\tBesked\t\t\t\t\t\t\t<\/label>\n\t\t\t\t\t\t<textarea class=\"elementor-field-textual elementor-field  elementor-size-md\" name=\"form_fields[message]\" id=\"form-field-message\" rows=\"6\" placeholder=\"SKRIV TIL OS\"><\/textarea>\t\t\t\t<\/div>\n\t\t\t\t\t\t\t\t<div class=\"elementor-field-group elementor-column elementor-field-type-submit elementor-col-100 e-form__buttons\">\n\t\t\t\t\t<button class=\"elementor-button elementor-size-md\" type=\"submit\">\n\t\t\t\t\t\t<span class=\"elementor-button-content-wrapper\">\n\t\t\t\t\t\t\t\t\t\t\t\t\t\t\t\t\t\t\t\t\t\t<span class=\"elementor-button-text\">Send<\/span>\n\t\t\t\t\t\t\t\t\t\t\t\t\t<\/span>\n\t\t\t\t\t<\/button>\n\t\t\t\t<\/div>\n\t\t\t<\/div>\n\t\t<\/form>\n\t\t\t\t\t\t<\/div>\n\t\t\t\t<\/div>\n\t\t\t\t\t<\/div>\n\t\t<\/div>\n\t\t\t\t\t<\/div>\n\t\t<\/section>\n\t\t\t\t<\/div>\n\t\t","protected":false},"excerpt":{"rendered":"<p>Vil du v\u00e6re en del af InBold? Blev vores nye praktikant! Kommunikationspraktikant hos InBold Vi er et strategisk, kreativt og erfarent kommunikationsbureau. Via research og klare budskaber skaber vi fort\u00e6llinger, som leder til \u00f8get kendskab og salg. Sammen mestrer vi alt fra content creation og betalt annoncering til design, branding og PR. Vi s\u00f8ger ambiti\u00f8se [&hellip;]<\/p>\n","protected":false},"author":20,"featured_media":0,"parent":0,"menu_order":0,"comment_status":"closed","ping_status":"closed","template":"","meta":{"_coblocks_attr":"","_coblocks_dimensions":"","_coblocks_responsive_height":"","_coblocks_accordion_ie_support":"","footnotes":"","_wp_rev_ctl_limit":""},"class_list":["post-12820","page","type-page","status-publish","hentry"],"_links":{"self":[{"href":"https:\/\/inbold.com\/da\/wp-json\/wp\/v2\/pages\/12820","targetHints":{"allow":["GET"]}}],"collection":[{"href":"https:\/\/inbold.com\/da\/wp-json\/wp\/v2\/pages"}],"about":[{"href":"https:\/\/inbold.com\/da\/wp-json\/wp\/v2\/types\/page"}],"author":[{"embeddable":true,"href":"https:\/\/inbold.com\/da\/wp-json\/wp\/v2\/users\/20"}],"replies":[{"embeddable":true,"href":"https:\/\/inbold.com\/da\/wp-json\/wp\/v2\/comments?post=12820"}],"version-history":[{"count":0,"href":"https:\/\/inbold.com\/da\/wp-json\/wp\/v2\/pages\/12820\/revisions"}],"wp:attachment":[{"href":"https:\/\/inbold.com\/da\/wp-json\/wp\/v2\/media?parent=12820"}],"curies":[{"name":"wp","href":"https:\/\/api.w.org\/{rel}","templated":true}]}}