{"id":12258,"date":"2024-07-04T02:24:16","date_gmt":"2024-07-04T02:24:16","guid":{"rendered":"https:\/\/inbold.com\/?page_id=12258"},"modified":"2025-01-15T14:28:28","modified_gmt":"2025-01-15T14:28:28","slug":"creative-art-director","status":"publish","type":"page","link":"https:\/\/inbold.com\/da\/creative-art-director\/","title":{"rendered":"CREATIVE ART DIRECTOR"},"content":{"rendered":"\t\t<div data-elementor-type=\"wp-page\" data-elementor-id=\"12258\" class=\"elementor elementor-12258\" data-elementor-post-type=\"page\">\n\t\t\t\t\t\t<section class=\"elementor-section elementor-top-section elementor-element elementor-element-7608a284 elementor-section-full_width elementor-section-height-default elementor-section-height-default\" data-id=\"7608a284\" data-element_type=\"section\" data-e-type=\"section\" data-settings=\"{&quot;mdp_selection_sticky_effect_enable&quot;:false}\">\n\t\t\t\t\t\t<div class=\"elementor-container elementor-column-gap-no\">\n\t\t\t\t\t<div class=\"elementor-column elementor-col-100 elementor-top-column elementor-element elementor-element-2d920241\" data-id=\"2d920241\" data-element_type=\"column\" data-e-type=\"column\" data-settings=\"{&quot;mdp_selection_sticky_column_effect_enable&quot;:false}\">\n\t\t\t<div class=\"elementor-widget-wrap elementor-element-populated\">\n\t\t\t\t\t\t<div class=\"elementor-element elementor-element-3665bc64 elementor-widget-divider--view-line elementor-widget elementor-widget-divider\" data-id=\"3665bc64\" data-element_type=\"widget\" data-e-type=\"widget\" data-widget_type=\"divider.default\">\n\t\t\t\t<div class=\"elementor-widget-container\">\n\t\t\t\t\t\t\t<div class=\"elementor-divider\">\n\t\t\t<span class=\"elementor-divider-separator\">\n\t\t\t\t\t\t<\/span>\n\t\t<\/div>\n\t\t\t\t\t\t<\/div>\n\t\t\t\t<\/div>\n\t\t\t\t\t<\/div>\n\t\t<\/div>\n\t\t\t\t\t<\/div>\n\t\t<\/section>\n\t\t\t\t<section class=\"elementor-section elementor-top-section elementor-element elementor-element-2325cf7d elementor-section-full_width elementor-section-height-default elementor-section-height-default\" data-id=\"2325cf7d\" data-element_type=\"section\" data-e-type=\"section\" data-settings=\"{&quot;mdp_selection_sticky_effect_enable&quot;:false}\">\n\t\t\t\t\t\t<div class=\"elementor-container elementor-column-gap-no\">\n\t\t\t\t\t<div class=\"elementor-column elementor-col-100 elementor-top-column elementor-element elementor-element-749faf82\" data-id=\"749faf82\" data-element_type=\"column\" data-e-type=\"column\" data-settings=\"{&quot;mdp_selection_sticky_column_effect_enable&quot;:false}\">\n\t\t\t<div class=\"elementor-widget-wrap elementor-element-populated\">\n\t\t\t\t\t\t<div class=\"elementor-element elementor-element-502231e0 elementor-widget-divider--view-line elementor-widget elementor-widget-divider\" data-id=\"502231e0\" data-element_type=\"widget\" data-e-type=\"widget\" data-widget_type=\"divider.default\">\n\t\t\t\t<div class=\"elementor-widget-container\">\n\t\t\t\t\t\t\t<div class=\"elementor-divider\">\n\t\t\t<span class=\"elementor-divider-separator\">\n\t\t\t\t\t\t<\/span>\n\t\t<\/div>\n\t\t\t\t\t\t<\/div>\n\t\t\t\t<\/div>\n\t\t\t\t\t<\/div>\n\t\t<\/div>\n\t\t\t\t\t<\/div>\n\t\t<\/section>\n\t\t<div class=\"elementor-element elementor-element-339827f1 e-flex e-con-boxed e-con e-parent\" data-id=\"339827f1\" data-element_type=\"container\" data-e-type=\"container\">\n\t\t\t\t\t<div class=\"e-con-inner\">\n\t\t\t\t<div class=\"elementor-element elementor-element-1b7eb46b elementor-widget elementor-widget-heading\" data-id=\"1b7eb46b\" data-element_type=\"widget\" data-e-type=\"widget\" data-widget_type=\"heading.default\">\n\t\t\t\t<div class=\"elementor-widget-container\">\n\t\t\t\t\t<h1 class=\"elementor-heading-title elementor-size-default\">CREATIVE ART DIRECTOR<\/h1>\t\t\t\t<\/div>\n\t\t\t\t<\/div>\n\t\t\t\t<div class=\"elementor-element elementor-element-39c2696f elementor-widget-divider--view-line elementor-widget elementor-widget-divider\" data-id=\"39c2696f\" data-element_type=\"widget\" data-e-type=\"widget\" data-widget_type=\"divider.default\">\n\t\t\t\t<div class=\"elementor-widget-container\">\n\t\t\t\t\t\t\t<div class=\"elementor-divider\">\n\t\t\t<span class=\"elementor-divider-separator\">\n\t\t\t\t\t\t<\/span>\n\t\t<\/div>\n\t\t\t\t\t\t<\/div>\n\t\t\t\t<\/div>\n\t\t\t\t<div class=\"elementor-element elementor-element-61a62a57 elementor-widget elementor-widget-text-editor\" data-id=\"61a62a57\" data-element_type=\"widget\" data-e-type=\"widget\" data-widget_type=\"text-editor.default\">\n\t\t\t\t<div class=\"elementor-widget-container\">\n\t\t\t\t\t\t\t\t\t<p><span style=\"color: var( --e-global-color-76a31a49 ); font-family: var( --e-global-typography-text-font-family ), Sans-serif; font-size: var( --e-global-typography-text-font-size ); text-align: var(--text-align);\"><b>K\u00f8benhavn<\/b><\/span><\/p>\n<p>InBold er et internationalt, strategisk og kreativt kommunikationsbureau. Vi s\u00f8ger en Creative Art Director til vores st\u00e6rke team af konceptmagere, designere, kommunikationseksperter, digitale specialister og strategiske r\u00e5dgivere.<\/p>\n<p>Stillingen er en fuldtidsstilling p\u00e5 vores hovedkontor, som ligger i et gammelt byhus i hjertet af K\u00f8benhavn.<\/p>\n<p>Du vil blive en del af vores kreative afdeling, hvor individualitet, kreativitet, nysgerrighed og h\u00e5ndv\u00e6rk v\u00e6gtes h\u00f8jt. Vi har en kultur, hvor vi deler viden og trives, b\u00e5de n\u00e5r vi lykkes sammen og personligt. Du vil f\u00e5 mulighed for at arbejde med mange forskellige brancher &#8211; fra livsstilsbrands og rejser til detailhandel, medicin, k\u00e6ledyr og sportsbrands.<\/p>\n<p><strong>Ansvarsomr\u00e5der<\/strong><\/p>\n<ul>\n<li>Som Creative Art Director skal du udvikle og eksekvere kreative kommunikationsstrategier, koncepter, kampagner og content marketing for danske og internationale kunder.<\/li>\n<li>Deltagelse i hele den kreative proces, new business, pitching, designt\u00e6nkning og brainstorming til udf\u00f8relse og f\u00e6rdigg\u00f8relse af projekter.<\/li>\n<li>V\u00e6re opdateret p\u00e5 branchetrends, redskaber og teknologier, og integrere denne viden i den kreative proces.<\/li>\n<li>Have det overordnede overblik og ansvar for flere projekter samtidig og sikre, at de bliver afsluttet til tiden, inden for budget og med de h\u00f8jeste kvalitetsstandarder.<\/li>\n<\/ul>\n<p><strong><br \/>Kvalifikationer<\/strong><\/p>\n<ul>\n<li>Uddannelse fra en design\/kreativ skole (minimum en bahcelorgrad) eller anden relaterede uddannelse foretr\u00e6kkes.<\/li>\n<li>Klar p\u00e5 en langsigtede relation.<\/li>\n<li>Dygtig til at t\u00e6nke i koncepter og design.<\/li>\n<li>Evnen til at t\u00e6nke kreativt og innovativt med \u00f8je for detaljen.<\/li>\n<li>F\u00e6rdigheder i designsoftware s\u00e5som Adobe Creative Suite (Photoshop, Illustrator, InDesign).<\/li>\n<li>Gode kommunikations- og organisatoriske f\u00e6rdigheder.<\/li>\n<li>Flydende i b\u00e5de skriftlig og mundtlig dansk og engelsk.<\/li>\n<\/ul>\n<p><strong><br \/>Vi tilbyder<\/strong><\/p>\n<ul>\n<li>Konkurrencedygtig l\u00f8n.<\/li>\n<li>Fremragende pensionsaftale.<\/li>\n<li>Sundhedsforsikring til dig og dine b\u00f8rn, indtil de bliver 21 \u00e5r og normalt forlader reden.<\/li>\n<li>Sp\u00e6ndende internationalt og professionelt arbejdsmilj\u00f8.<\/li>\n<li>Varierende arbejdsopgaver for at omfavne kernev\u00e6rdier.<\/li>\n<li>Gratis vegetarisk mad hver anden onsdag.<\/li>\n<li>Adgang til de nyeste v\u00e6rkt\u00f8jer og teknologier i branchen.\n<\/li>\n<\/ul>\n<p>Send dit CV og din portfolio til <strong>recruit@inbold.com <\/strong>&#8211; hvis din profil passer til jobbet!<\/p>\n\t\t\t\t\t\t\t\t<\/div>\n\t\t\t\t<\/div>\n\t\t\t\t<div class=\"elementor-element elementor-element-30859ee7 elementor-widget elementor-widget-spacer\" data-id=\"30859ee7\" data-element_type=\"widget\" data-e-type=\"widget\" data-widget_type=\"spacer.default\">\n\t\t\t\t<div class=\"elementor-widget-container\">\n\t\t\t\t\t\t\t<div class=\"elementor-spacer\">\n\t\t\t<div class=\"elementor-spacer-inner\"><\/div>\n\t\t<\/div>\n\t\t\t\t\t\t<\/div>\n\t\t\t\t<\/div>\n\t\t\t\t\t<\/div>\n\t\t\t\t<\/div>\n\t\t\t\t<\/div>\n\t\t","protected":false},"excerpt":{"rendered":"<p>CREATIVE ART DIRECTOR K\u00f8benhavn InBold er et internationalt, strategisk og kreativt kommunikationsbureau. Vi s\u00f8ger en Creative Art Director til vores st\u00e6rke team af konceptmagere, designere, kommunikationseksperter, digitale specialister og strategiske r\u00e5dgivere. Stillingen er en fuldtidsstilling p\u00e5 vores hovedkontor, som ligger i et gammelt byhus i hjertet af K\u00f8benhavn. Du vil blive en del af vores [&hellip;]<\/p>\n","protected":false},"author":20,"featured_media":0,"parent":0,"menu_order":0,"comment_status":"closed","ping_status":"closed","template":"","meta":{"_coblocks_attr":"","_coblocks_dimensions":"","_coblocks_responsive_height":"","_coblocks_accordion_ie_support":"","footnotes":"","_wp_rev_ctl_limit":""},"class_list":["post-12258","page","type-page","status-publish","hentry"],"_links":{"self":[{"href":"https:\/\/inbold.com\/da\/wp-json\/wp\/v2\/pages\/12258","targetHints":{"allow":["GET"]}}],"collection":[{"href":"https:\/\/inbold.com\/da\/wp-json\/wp\/v2\/pages"}],"about":[{"href":"https:\/\/inbold.com\/da\/wp-json\/wp\/v2\/types\/page"}],"author":[{"embeddable":true,"href":"https:\/\/inbold.com\/da\/wp-json\/wp\/v2\/users\/20"}],"replies":[{"embeddable":true,"href":"https:\/\/inbold.com\/da\/wp-json\/wp\/v2\/comments?post=12258"}],"version-history":[{"count":0,"href":"https:\/\/inbold.com\/da\/wp-json\/wp\/v2\/pages\/12258\/revisions"}],"wp:attachment":[{"href":"https:\/\/inbold.com\/da\/wp-json\/wp\/v2\/media?parent=12258"}],"curies":[{"name":"wp","href":"https:\/\/api.w.org\/{rel}","templated":true}]}}